{"id":13865,"date":"2025-02-24T22:45:37","date_gmt":"2025-02-24T21:45:37","guid":{"rendered":"https:\/\/staviori.com.pl\/product\/srebrne-kolczyki-kdk5561\/"},"modified":"2026-02-11T00:08:35","modified_gmt":"2026-02-10T23:08:35","slug":"srebrne-kolczyki-kdk5561","status":"publish","type":"product","link":"https:\/\/staviori.com.pl\/cs\/product\/srebrne-kolczyki-kdk5561\/","title":{"rendered":"St\u0159\u00edbrn\u00e9 n\u00e1u\u0161nice \u010dty\u0159l\u00edstek se zirkony - KDK5561"},"content":{"rendered":"<p>Model: KDK5561<br \/>\nWaga ok. 1,2g<\/p>\n<p>N\u00e1u\u0161nice.<br \/>\nSrebro 0.925.<br \/>\nZirkonie.<\/p>\n<p>D\u00e9lka 7 mm.<\/p>","protected":false},"excerpt":{"rendered":"<p>Delikatne kolczyki w kszta\u0142cie czterolistnej koniczyny, wykonane ze srebra pr\u00f3by 0,925 i ozdobione l\u015bni\u0105cymi cyrkoniami. Ich subtelny, a zarazem uroczy design sprawia, \u017ce s\u0105 idealnym dodatkiem na co dzie\u0144 \u2014 przynosz\u0105 szcz\u0119\u015bcie i dodaj\u0105 blasku ka\u017cdej stylizacji. Doskona\u0142y wyb\u00f3r dla kobiet ceni\u0105cych minimalistyczn\u0105, symbolicznie nacechowan\u0105 bi\u017cuteri\u0119.<\/p>","protected":false},"featured_media":17703,"comment_status":"closed","ping_status":"closed","template":"","meta":{"om_disable_all_campaigns":false},"product_brand":[2284,2350],"product_cat":[199,1818,1817],"product_tag":[3025,3023,3024,2674,2954,2953,2384,2427],"class_list":{"0":"post-13865","1":"product","2":"type-product","3":"status-publish","4":"has-post-thumbnail","6":"product_brand-staviori","7":"product_brand-verona","8":"product_cat-kolczyki","9":"product_cat-srebrne-kolczyki","10":"product_cat-srebro-2","11":"product_tag-bizuteria-na-szczescie","12":"product_tag-ikcw319","13":"product_tag-kolczyki-koniczynki","14":"product_tag-kolczyki-na-co-dzien","15":"product_tag-kolczyki-na-sztyfcie","16":"product_tag-kolczyki-z-cyrkoniami","17":"product_tag-minimalistyczna-bizuteria","18":"product_tag-srebro-925","19":"pa_dlugosc-7mm","20":"pa_kamien-cyrkonia","21":"pa_kruszec-srebro","22":"pa_proba-0-925","23":"pa_waga-1-20g","24":"pa_zapiecie-sztyft","26":"first","27":"instock","28":"purchasable","29":"product-type-simple"},"aioseo_notices":[],"_links":{"self":[{"href":"https:\/\/staviori.com.pl\/cs\/wp-json\/wp\/v2\/product\/13865","targetHints":{"allow":["GET"]}}],"collection":[{"href":"https:\/\/staviori.com.pl\/cs\/wp-json\/wp\/v2\/product"}],"about":[{"href":"https:\/\/staviori.com.pl\/cs\/wp-json\/wp\/v2\/types\/product"}],"replies":[{"embeddable":true,"href":"https:\/\/staviori.com.pl\/cs\/wp-json\/wp\/v2\/comments?post=13865"}],"wp:featuredmedia":[{"embeddable":true,"href":"https:\/\/staviori.com.pl\/cs\/wp-json\/wp\/v2\/media\/17703"}],"wp:attachment":[{"href":"https:\/\/staviori.com.pl\/cs\/wp-json\/wp\/v2\/media?parent=13865"}],"wp:term":[{"taxonomy":"product_brand","embeddable":true,"href":"https:\/\/staviori.com.pl\/cs\/wp-json\/wp\/v2\/product_brand?post=13865"},{"taxonomy":"product_cat","embeddable":true,"href":"https:\/\/staviori.com.pl\/cs\/wp-json\/wp\/v2\/product_cat?post=13865"},{"taxonomy":"product_tag","embeddable":true,"href":"https:\/\/staviori.com.pl\/cs\/wp-json\/wp\/v2\/product_tag?post=13865"}],"curies":[{"name":"wp","href":"https:\/\/api.w.org\/{rel}","templated":true}]}}