{"id":13864,"date":"2025-02-24T22:45:37","date_gmt":"2025-02-24T21:45:37","guid":{"rendered":"https:\/\/staviori.com.pl\/product\/srebrne-kolczyki-kdk5511\/"},"modified":"2026-04-17T22:35:09","modified_gmt":"2026-04-17T20:35:09","slug":"srebrne-kolczyki-kdk5511","status":"publish","type":"product","link":"https:\/\/staviori.com.pl\/cs\/product\/srebrne-kolczyki-kdk5511\/","title":{"rendered":"Post\u0159\u00edb\u0159en\u00e9 n\u00e1u\u0161nice - dv\u011b srdce - KDK5511"},"content":{"rendered":"<p>Model: KDK5511<br \/>\nHmotnost p\u0159ibli\u017en\u011b 1,80 g<\/p>\n<p>N\u00e1u\u0161nice.<br \/>\nSt\u0159\u00edbro 0.925 pokoven\u00e9 \u017elut\u00fdm zlatem<br \/>\nZirkonie.<\/p>\n<p>Wysoko\u015b\u0107 8 mm.<br \/>\nSzeroko\u015b\u0107 9 mm.<\/p>","protected":false},"excerpt":{"rendered":"<p>Nowoczesne, wisz\u0105ce kolczyki w kszta\u0142cie gwiazdek, wykonane z poz\u0142acanego srebra pr\u00f3by 0,925. Lekka forma i subtelny po\u0142ysk sprawiaj\u0105, \u017ce s\u0105 idealnym dodatkiem dla kobiet ceni\u0105cych wyrazist\u0105, ale nienachaln\u0105 bi\u017cuteri\u0119. Gwiazdki zawieszone na delikatnym \u0142a\u0144cuszku pi\u0119knie poruszaj\u0105 si\u0119 przy ka\u017cdym ruchu, dodaj\u0105c stylizacji lekko\u015bci i blasku.<\/p>","protected":false},"featured_media":17700,"comment_status":"closed","ping_status":"closed","template":"","meta":{"om_disable_all_campaigns":false},"product_brand":[2284,2350],"product_cat":[199,1818,1817],"product_tag":[3022,3020,2698,2770,2996,2569,2427,2506],"class_list":{"0":"post-13864","1":"product","2":"type-product","3":"status-publish","4":"has-post-thumbnail","6":"product_brand-staviori","7":"product_brand-verona","8":"product_cat-kolczyki","9":"product_cat-srebrne-kolczyki","10":"product_cat-srebro-2","11":"product_tag-kdk5511","12":"product_tag-kolczyki-gwiazdki","13":"product_tag-kolczyki-na-prezent","14":"product_tag-kolczyki-wiszace","15":"product_tag-lekkie-kolczyki","16":"product_tag-nowoczesna-bizuteria","17":"product_tag-srebro-925","18":"product_tag-srebro-pozlacane","19":"pa_kamien-cyrkonia","20":"pa_kruszec-srebro-rodowane","21":"pa_proba-0-925","22":"pa_szerokosc-9mm","23":"pa_waga-1-80g","24":"pa_wysokosc-8mm","25":"pa_zapiecie-sztyft","27":"first","28":"instock","29":"purchasable","30":"product-type-simple"},"aioseo_notices":[],"_links":{"self":[{"href":"https:\/\/staviori.com.pl\/cs\/wp-json\/wp\/v2\/product\/13864","targetHints":{"allow":["GET"]}}],"collection":[{"href":"https:\/\/staviori.com.pl\/cs\/wp-json\/wp\/v2\/product"}],"about":[{"href":"https:\/\/staviori.com.pl\/cs\/wp-json\/wp\/v2\/types\/product"}],"replies":[{"embeddable":true,"href":"https:\/\/staviori.com.pl\/cs\/wp-json\/wp\/v2\/comments?post=13864"}],"wp:featuredmedia":[{"embeddable":true,"href":"https:\/\/staviori.com.pl\/cs\/wp-json\/wp\/v2\/media\/17700"}],"wp:attachment":[{"href":"https:\/\/staviori.com.pl\/cs\/wp-json\/wp\/v2\/media?parent=13864"}],"wp:term":[{"taxonomy":"product_brand","embeddable":true,"href":"https:\/\/staviori.com.pl\/cs\/wp-json\/wp\/v2\/product_brand?post=13864"},{"taxonomy":"product_cat","embeddable":true,"href":"https:\/\/staviori.com.pl\/cs\/wp-json\/wp\/v2\/product_cat?post=13864"},{"taxonomy":"product_tag","embeddable":true,"href":"https:\/\/staviori.com.pl\/cs\/wp-json\/wp\/v2\/product_tag?post=13864"}],"curies":[{"name":"wp","href":"https:\/\/api.w.org\/{rel}","templated":true}]}}