{"id":13844,"date":"2025-02-24T22:45:30","date_gmt":"2025-02-24T21:45:30","guid":{"rendered":"https:\/\/staviori.com.pl\/product\/bizuteria-inwestycyjna-kolczyk-kcd1780\/"},"modified":"2026-02-11T00:08:35","modified_gmt":"2026-02-10T23:08:35","slug":"bizuteria-inwestycyjna-kolczyk-kcd1780","status":"publish","type":"product","link":"https:\/\/staviori.com.pl\/cs\/product\/bizuteria-inwestycyjna-kolczyk-kcd1780\/","title":{"rendered":"Exkluzivn\u00ed | neobvykl\u00fd p\u0159\u00edv\u011bsek z \u010dern\u00e9ho zlata s diamanty"},"content":{"rendered":"<p>Model: DDE0631<br \/>\nHmotnost p\u0159ibli\u017en\u011b 17,10 g<\/p>\n<p>N\u00e1u\u0161nice.<br \/>\n\u010cern\u00e9 zlato 0.750.<br \/>\n230 diamant\u016f, briliantov\u00fd brus, hmotnost cca 7,37ct, barva G-H, \u010distota SI1.<\/p>\n<p>\u0160\u00ed\u0159ka 7-14 mm.<br \/>\nD\u00e9lka 53 mm.<\/p>\n<p><strong>Produkt je k dispozici pouze na vy\u017e\u00e1d\u00e1n\u00ed, doba dod\u00e1n\u00ed cca 5 t\u00fddn\u016f.<\/strong><\/p>","protected":false},"excerpt":{"rendered":"<p>Fenomen\u00e1ln\u00ed n\u00e1u\u0161nice z 18kar\u00e1tov\u00e9ho \u010dern\u00e9ho zlata jsou skute\u010dn\u00fdm um\u011bleck\u00fdm \u0161perkem. Jejich jedine\u010dn\u00fd, p\u0159\u00edrodou inspirovan\u00fd tvar p\u0159ipom\u00ednaj\u00edc\u00ed ku\u017eel byl mistrn\u011b zdoben a\u017e 230 diamanty o celkov\u00e9 v\u00e1ze 7,37 ct. Oslniv\u00fd lesk diamant\u016f v kontrastu s tmav\u00fdm zlatem vytv\u00e1\u0159\u00ed efekt v\u00fdjime\u010dn\u00e9 hloubky a luxusu. Jedn\u00e1 se o \u0161perk vytvo\u0159en\u00fd pro \u017eeny, kter\u00e9 cht\u011bj\u00ed zaujmout a vyniknout sv\u00fdm jedine\u010dn\u00fdm stylem.<\/p>","protected":false},"featured_media":17657,"comment_status":"closed","ping_status":"closed","template":"","meta":{"om_disable_all_campaigns":false},"product_brand":[2284],"product_cat":[1803,199,6858],"product_tag":[2301,2405,2972,2317,2755,2973,2686,2667,2280,2974],"class_list":{"0":"post-13844","1":"product","2":"type-product","3":"status-publish","4":"has-post-thumbnail","6":"product_brand-staviori","7":"product_cat-brylanty-exclusive","8":"product_cat-kolczyki","9":"product_cat-kolczyki-brylanty-exclusive","10":"product_tag-brylanty","11":"product_tag-czarne-zloto","12":"product_tag-dde0631","13":"product_tag-elegancka-bizuteria","14":"product_tag-kolczyki-na-zamowienie","15":"product_tag-kolczyki-szyszki","16":"product_tag-kolczyki-wieczorowe","17":"product_tag-kolczyki-z-diamentami","18":"product_tag-luksusowa-bizuteria","19":"product_tag-unikalny-design","20":"pa_barwa-g-h","21":"pa_czystosc-si1","22":"pa_dlugosc-53mm","23":"pa_dostawca-draco","24":"pa_kamien-brylanty","25":"pa_kolor-czarne","26":"pa_kruszec-zloto","27":"pa_proba-0-750","28":"pa_szerokosc-7-14mm","29":"pa_waga-1690g","30":"pa_zapiecie-angielskie","32":"first","33":"onbackorder","34":"purchasable","35":"product-type-simple"},"aioseo_notices":[],"_links":{"self":[{"href":"https:\/\/staviori.com.pl\/cs\/wp-json\/wp\/v2\/product\/13844","targetHints":{"allow":["GET"]}}],"collection":[{"href":"https:\/\/staviori.com.pl\/cs\/wp-json\/wp\/v2\/product"}],"about":[{"href":"https:\/\/staviori.com.pl\/cs\/wp-json\/wp\/v2\/types\/product"}],"replies":[{"embeddable":true,"href":"https:\/\/staviori.com.pl\/cs\/wp-json\/wp\/v2\/comments?post=13844"}],"wp:featuredmedia":[{"embeddable":true,"href":"https:\/\/staviori.com.pl\/cs\/wp-json\/wp\/v2\/media\/17657"}],"wp:attachment":[{"href":"https:\/\/staviori.com.pl\/cs\/wp-json\/wp\/v2\/media?parent=13844"}],"wp:term":[{"taxonomy":"product_brand","embeddable":true,"href":"https:\/\/staviori.com.pl\/cs\/wp-json\/wp\/v2\/product_brand?post=13844"},{"taxonomy":"product_cat","embeddable":true,"href":"https:\/\/staviori.com.pl\/cs\/wp-json\/wp\/v2\/product_cat?post=13844"},{"taxonomy":"product_tag","embeddable":true,"href":"https:\/\/staviori.com.pl\/cs\/wp-json\/wp\/v2\/product_tag?post=13844"}],"curies":[{"name":"wp","href":"https:\/\/api.w.org\/{rel}","templated":true}]}}