{"id":13840,"date":"2025-02-24T22:45:30","date_gmt":"2025-02-24T21:45:30","guid":{"rendered":"https:\/\/staviori.com.pl\/product\/kolczyk-z-brylantami-kbd6347\/"},"modified":"2026-02-11T00:08:35","modified_gmt":"2026-02-10T23:08:35","slug":"kolczyk-z-brylantami-kbd6347","status":"publish","type":"product","link":"https:\/\/staviori.com.pl\/cs\/product\/kolczyk-z-brylantami-kbd6347\/","title":{"rendered":"Diamantov\u00e9 n\u00e1u\u0161nice s obru\u010d\u00ed ve tvaru slzy - KBD6347"},"content":{"rendered":"<p>Model: KBD6347<br \/>\nHmotnost p\u0159ibli\u017en\u011b 2,80 g<\/p>\n<p>N\u00e1u\u0161nice.<br \/>\nB\u00edl\u00e9 zlato 0,585.<br \/>\n2 Diamenty, szlif gruszka, o masie 0,16ct, barwa G, czysto\u015b\u0107 SI1-SI2.<\/p>\n<p>\u015arednica 12 mm.<br \/>\nSzeroko\u015b\u0107 1.80 mm.<br \/>\nD\u00e9lka 15 mm.<\/p>\n<p><strong>Produkt je k dispozici pouze na vy\u017e\u00e1d\u00e1n\u00ed, doba dod\u00e1n\u00ed cca 4 t\u00fddny.<\/strong><\/p>","protected":false},"excerpt":{"rendered":"<p>Delikatne kolczyki z bia\u0142ego z\u0142ota o klasycznym kszta\u0142cie k\u00f3\u0142 z zawieszk\u0105 w formie \u0142ezki. Subtelnie osadzone diamenty o szlifie gruszki pi\u0119knie odbijaj\u0105 \u015bwiat\u0142o, dodaj\u0105c blasku ka\u017cdej stylizacji. Elegancja i nowoczesno\u015b\u0107 spotykaj\u0105 si\u0119 tu w wyj\u0105tkowej harmonii, tworz\u0105c bi\u017cuteri\u0119 idealn\u0105 na co dzie\u0144 i na specjalne okazje.<\/p>","protected":false},"featured_media":10035,"comment_status":"closed","ping_status":"closed","template":"","meta":{"om_disable_all_campaigns":false},"product_brand":[2284],"product_cat":[1803,1838,1990,199],"product_tag":[2308,2296,2317,2988,1394,2682,2280,2990,2989,2980],"class_list":{"0":"post-13840","1":"product","2":"type-product","3":"status-publish","4":"has-post-thumbnail","6":"product_brand-staviori","7":"product_cat-brylanty-exclusive","8":"product_cat-diamenty","9":"product_cat-kolczyk-z-brylantami","10":"product_cat-kolczyki","11":"product_tag-biale-zloto","12":"product_tag-diamenty","13":"product_tag-elegancka-bizuteria","14":"product_tag-kbd6347","15":"product_tag-kolczyki","16":"product_tag-kolczyki-kola","17":"product_tag-luksusowa-bizuteria","18":"product_tag-lzy","19":"product_tag-szlif-gruszka","20":"product_tag-wiszace","21":"pa_barwa-g-2","22":"pa_czystosc-si1","23":"pa_dostawca-estrella","24":"pa_kamien-diament","25":"pa_kamien-diamenty-o-szlifie-gruszkowym","26":"pa_kolor-biale","27":"pa_kruszec-zloto","28":"pa_proba-0-585","29":"pa_srednica-12mm","30":"pa_szerokosc-1-80mm","31":"pa_waga-g","32":"pa_zapiecie-angielskie","34":"first","35":"onbackorder","36":"purchasable","37":"product-type-simple"},"aioseo_notices":[],"_links":{"self":[{"href":"https:\/\/staviori.com.pl\/cs\/wp-json\/wp\/v2\/product\/13840","targetHints":{"allow":["GET"]}}],"collection":[{"href":"https:\/\/staviori.com.pl\/cs\/wp-json\/wp\/v2\/product"}],"about":[{"href":"https:\/\/staviori.com.pl\/cs\/wp-json\/wp\/v2\/types\/product"}],"replies":[{"embeddable":true,"href":"https:\/\/staviori.com.pl\/cs\/wp-json\/wp\/v2\/comments?post=13840"}],"wp:featuredmedia":[{"embeddable":true,"href":"https:\/\/staviori.com.pl\/cs\/wp-json\/wp\/v2\/media\/10035"}],"wp:attachment":[{"href":"https:\/\/staviori.com.pl\/cs\/wp-json\/wp\/v2\/media?parent=13840"}],"wp:term":[{"taxonomy":"product_brand","embeddable":true,"href":"https:\/\/staviori.com.pl\/cs\/wp-json\/wp\/v2\/product_brand?post=13840"},{"taxonomy":"product_cat","embeddable":true,"href":"https:\/\/staviori.com.pl\/cs\/wp-json\/wp\/v2\/product_cat?post=13840"},{"taxonomy":"product_tag","embeddable":true,"href":"https:\/\/staviori.com.pl\/cs\/wp-json\/wp\/v2\/product_tag?post=13840"}],"curies":[{"name":"wp","href":"https:\/\/api.w.org\/{rel}","templated":true}]}}