{"id":13838,"date":"2025-02-24T22:45:30","date_gmt":"2025-02-24T21:45:30","guid":{"rendered":"https:\/\/staviori.com.pl\/product\/kolczyk-z-brylantami-kbd6103\/"},"modified":"2026-02-11T00:08:34","modified_gmt":"2026-02-10T23:08:34","slug":"kolczyk-z-brylantami-kbd6103","status":"publish","type":"product","link":"https:\/\/staviori.com.pl\/cs\/product\/kolczyk-z-brylantami-kbd6103\/","title":{"rendered":"Hv\u011bzdicov\u00e9 n\u00e1u\u0161nice s diamanty 0,750 - KBD6103"},"content":{"rendered":"<p>Model: KBD6103<br \/>\nHmotnost p\u0159ibli\u017en\u011b 2,10 g<\/p>\n<p>N\u00e1u\u0161nice.<br \/>\nB\u00edl\u00e9 zlato 0,750.<br \/>\n34 Diamenty, szlif brylantowy, o masie 0,28ct, barwa G, czysto\u015b\u0107 VS1-SI2.<br \/>\nLze vyrobit v jin\u00e9 zlat\u00e9 barv\u011b.<\/p>\n<p>Wymiary 11&#215;7 mm.<\/p>\n<p><strong>Produkt je k dispozici pouze na vy\u017e\u00e1d\u00e1n\u00ed, doba dod\u00e1n\u00ed cca 2 t\u00fddny.<\/strong><\/p>","protected":false},"excerpt":{"rendered":"<p>Zjawiskowe kolczyki z bia\u0142ego z\u0142ota w kszta\u0142cie stylizowanego kwiatu, wysadzane 34 l\u015bni\u0105cymi diamentami o szlifie brylantowym. Ich delikatna forma przywodzi na my\u015bl naturalne pi\u0119kno i \u015bwie\u017co\u015b\u0107, a subtelny blask diament\u00f3w nadaje ca\u0142o\u015bci wyj\u0105tkowego uroku. Idealne dla kobiet, kt\u00f3re ceni\u0105 sobie po\u0142\u0105czenie elegancji i subtelnej ozdobno\u015bci.<\/p>","protected":false},"featured_media":1732,"comment_status":"closed","ping_status":"closed","template":"","meta":{"om_disable_all_campaigns":false},"product_brand":[2284],"product_cat":[1803,1838,1990,199],"product_tag":[2994],"class_list":{"0":"post-13838","1":"product","2":"type-product","3":"status-publish","4":"has-post-thumbnail","6":"product_brand-staviori","7":"product_cat-brylanty-exclusive","8":"product_cat-diamenty","9":"product_cat-kolczyk-z-brylantami","10":"product_cat-kolczyki","11":"product_tag-kbd6103","12":"pa_barwa-g-2","13":"pa_czystosc-vs1","14":"pa_dostawca-hosgor","15":"pa_kamien-brylanty","16":"pa_kolor-biale","17":"pa_kruszec-zloto","18":"pa_proba-0-750","19":"pa_waga-210g","20":"pa_wymiary-11x7mm","21":"pa_zapiecie-sztyft","23":"first","24":"onbackorder","25":"purchasable","26":"product-type-simple"},"aioseo_notices":[],"_links":{"self":[{"href":"https:\/\/staviori.com.pl\/cs\/wp-json\/wp\/v2\/product\/13838","targetHints":{"allow":["GET"]}}],"collection":[{"href":"https:\/\/staviori.com.pl\/cs\/wp-json\/wp\/v2\/product"}],"about":[{"href":"https:\/\/staviori.com.pl\/cs\/wp-json\/wp\/v2\/types\/product"}],"replies":[{"embeddable":true,"href":"https:\/\/staviori.com.pl\/cs\/wp-json\/wp\/v2\/comments?post=13838"}],"wp:featuredmedia":[{"embeddable":true,"href":"https:\/\/staviori.com.pl\/cs\/wp-json\/wp\/v2\/media\/1732"}],"wp:attachment":[{"href":"https:\/\/staviori.com.pl\/cs\/wp-json\/wp\/v2\/media?parent=13838"}],"wp:term":[{"taxonomy":"product_brand","embeddable":true,"href":"https:\/\/staviori.com.pl\/cs\/wp-json\/wp\/v2\/product_brand?post=13838"},{"taxonomy":"product_cat","embeddable":true,"href":"https:\/\/staviori.com.pl\/cs\/wp-json\/wp\/v2\/product_cat?post=13838"},{"taxonomy":"product_tag","embeddable":true,"href":"https:\/\/staviori.com.pl\/cs\/wp-json\/wp\/v2\/product_tag?post=13838"}],"curies":[{"name":"wp","href":"https:\/\/api.w.org\/{rel}","templated":true}]}}