{"id":13836,"date":"2025-02-24T22:45:25","date_gmt":"2025-02-24T21:45:25","guid":{"rendered":"https:\/\/staviori.com.pl\/product\/kolczyk-z-brylantami-kbd6090s\/"},"modified":"2026-02-11T00:08:34","modified_gmt":"2026-02-10T23:08:34","slug":"kolczyk-z-brylantami-kbd6090s","status":"publish","type":"product","link":"https:\/\/staviori.com.pl\/cs\/product\/kolczyk-z-brylantami-kbd6090s\/","title":{"rendered":"Exkluzivn\u00ed | n\u00e1u\u0161nice ve tvaru slzy se saf\u00edry a diamanty z 18kar\u00e1tov\u00e9ho zlata"},"content":{"rendered":"<p>Model: KBD6090S<br \/>\nHmotnost p\u0159ibli\u017en\u011b 1,80 g<\/p>\n<p>N\u00e1u\u0161nice.<br \/>\nB\u00edl\u00e9 zlato 0,750.<br \/>\n36 Diament\u00f3w, szlif brylantowy, o masie 0,08ct, barwa G, czysto\u015b\u0107 VS2-SI1.<br \/>\n2 Szafiry, o masie 0,40ct.<\/p>\n<p>Rozm\u011bry 7 \u00d7 5 mm.<\/p>\n<p>Cudowne kolczyki w kszta\u0142cie kropli z szafirami i brylantami w 18-karatowym bia\u0142ym z\u0142ocie. Dost\u0119pne r\u00f3wnie\u017c w \u017c\u00f3\u0142tym lub r\u00f3\u017cowym z\u0142ocie.<\/p>\n<p>Je\u015bli brak na magazynie, to produkt na zam\u00f3wienie &#8211; termin realizacji oko\u0142o 2 tygodnie.<\/p>","protected":false},"excerpt":{"rendered":"<p>Fenomen\u00e1ln\u00ed visac\u00ed n\u00e1u\u0161nice z 18kar\u00e1tov\u00e9ho b\u00edl\u00e9ho zlata 0.750. Centr\u00e1ln\u00ed hlubok\u00e9 gran\u00e1tov\u00e9 saf\u00edry jsou obklopeny leskem 36 jemn\u00fdch diamant\u016f \u010distoty VS2-SI1 a vytv\u00e1\u0159ej\u00ed elegantn\u00ed kompozici plnou noblesy a \u0161armu. Jedn\u00e1 se o \u0161perk, kter\u00fd podtrhne \u017eenskost a dod\u00e1 luxusn\u00ed n\u00e1dech ka\u017ed\u00e9 stylizaci. Skv\u011ble se hod\u00ed jak pro zvl\u00e1\u0161tn\u00ed p\u0159\u00edle\u017eitosti, tak jako decentn\u00ed prvek ka\u017edodenn\u00ed elegance.<\/p>","protected":false},"featured_media":1721,"comment_status":"closed","ping_status":"closed","template":"","meta":{"om_disable_all_campaigns":false},"product_brand":[2284],"product_cat":[1803,1838,1990,6858,199],"product_tag":[4669,2311,2317,3828,3017,2667,2656,2708,6445,6861,6860,6859,3777],"class_list":{"0":"post-13836","1":"product","2":"type-product","3":"status-publish","4":"has-post-thumbnail","6":"product_brand-staviori","7":"product_cat-brylanty-exclusive","8":"product_cat-diamenty","9":"product_cat-kolczyk-z-brylantami","10":"product_cat-kolczyki-brylanty-exclusive","11":"product_cat-kolczyki","12":"product_tag-biale-zloto-0-750","13":"product_tag-bizuteria-luksusowa","14":"product_tag-elegancka-bizuteria","15":"product_tag-gold-earrings","16":"product_tag-kolczyki-krople","17":"product_tag-kolczyki-z-diamentami","18":"product_tag-kolczyki-z-szafirami","19":"product_tag-kolczyki-zlote","20":"product_tag-luxurious-jewelry","21":"product_tag-nausnice-safir-diamant","22":"product_tag-ohrringe-saphir-diamant","23":"product_tag-sapphire-diamond-earrings","24":"product_tag-white-gold","25":"pa_barwa-g-2","26":"pa_czystosc-vs2","27":"pa_dostawca-hosgor","28":"pa_kamien-brylanty","29":"pa_kamien-szafiry","30":"pa_kolor-biale","31":"pa_kruszec-zloto","32":"pa_proba-0-750","33":"pa_waga-180g","34":"pa_wymiary-7x5mm","35":"pa_zapiecie-sztyft","37":"first","38":"instock","39":"purchasable","40":"product-type-simple"},"aioseo_notices":[],"_links":{"self":[{"href":"https:\/\/staviori.com.pl\/cs\/wp-json\/wp\/v2\/product\/13836","targetHints":{"allow":["GET"]}}],"collection":[{"href":"https:\/\/staviori.com.pl\/cs\/wp-json\/wp\/v2\/product"}],"about":[{"href":"https:\/\/staviori.com.pl\/cs\/wp-json\/wp\/v2\/types\/product"}],"replies":[{"embeddable":true,"href":"https:\/\/staviori.com.pl\/cs\/wp-json\/wp\/v2\/comments?post=13836"}],"wp:featuredmedia":[{"embeddable":true,"href":"https:\/\/staviori.com.pl\/cs\/wp-json\/wp\/v2\/media\/1721"}],"wp:attachment":[{"href":"https:\/\/staviori.com.pl\/cs\/wp-json\/wp\/v2\/media?parent=13836"}],"wp:term":[{"taxonomy":"product_brand","embeddable":true,"href":"https:\/\/staviori.com.pl\/cs\/wp-json\/wp\/v2\/product_brand?post=13836"},{"taxonomy":"product_cat","embeddable":true,"href":"https:\/\/staviori.com.pl\/cs\/wp-json\/wp\/v2\/product_cat?post=13836"},{"taxonomy":"product_tag","embeddable":true,"href":"https:\/\/staviori.com.pl\/cs\/wp-json\/wp\/v2\/product_tag?post=13836"}],"curies":[{"name":"wp","href":"https:\/\/api.w.org\/{rel}","templated":true}]}}