{"id":13835,"date":"2025-02-24T22:45:25","date_gmt":"2025-02-24T21:45:25","guid":{"rendered":"https:\/\/staviori.com.pl\/product\/kolczyk-z-brylantami-kbd6000s\/"},"modified":"2026-02-11T00:08:34","modified_gmt":"2026-02-10T23:08:34","slug":"kolczyk-z-brylantami-kbd6000s","status":"publish","type":"product","link":"https:\/\/staviori.com.pl\/cs\/product\/kolczyk-z-brylantami-kbd6000s\/","title":{"rendered":"Exkluzivn\u011b | Ov\u00e1ln\u00e9 n\u00e1u\u0161nice se saf\u00edry a diamanty - KBD6000S"},"content":{"rendered":"<p>Model: KBD6000S<br \/>\nHmotnost p\u0159ibli\u017en\u011b 1,90 g<\/p>\n<p>N\u00e1u\u0161nice.<br \/>\nB\u00edl\u00e9 zlato 0,750.<br \/>\n44 diamant\u016f, briliantov\u00fd brus, hmotnost 0,09ct, barva G, \u010distota VS2-SI1.<br \/>\n2 saf\u00edry o hmotnosti 0,90ct.<\/p>\n<p>D\u00e9lka 8 mm.<br \/>\n\u0160\u00ed\u0159ka 6 mm.<\/p>\n<p>Produkt je k dispozici pouze na vy\u017e\u00e1d\u00e1n\u00ed, doba dod\u00e1n\u00ed cca 2 t\u00fddny.<\/p>\n<p>Pi\u0119kne kolczyki wykonane z 18-karatowego z\u0142ota i ozdobione szafirami oraz brylantami.<br \/>\nDost\u0119pne w bia\u0142ym, \u017c\u00f3\u0142tym lub r\u00f3\u017cowym z\u0142ocie.<\/p>","protected":false},"excerpt":{"rendered":"<p>Elegantn\u00ed n\u00e1u\u0161nice z b\u00edl\u00e9ho zlata 750 zdoben\u00e9 hlubok\u00fdmi gran\u00e1tov\u00fdmi saf\u00edry o hmotnosti 0,90 ct. Ka\u017ed\u00fd k\u00e1men je obklopen jemnou svatoz\u00e1\u0159\u00ed 44 t\u0159pytiv\u00fdch briliant\u016f, kter\u00e9 n\u00e1dhern\u011b zv\u00fdraz\u0148uj\u00ed intenzivn\u00ed barvu saf\u00edr\u016f. D\u00edky klasick\u00e9mu a nad\u010dasov\u00e9mu designu jsou n\u00e1u\u0161nice ide\u00e1ln\u00ed jak pro ka\u017edodenn\u00ed stylizaci, tak pro zvl\u00e1\u0161tn\u00ed p\u0159\u00edle\u017eitosti. Jedn\u00e1 se o \u0161perk pln\u00fd elegance a vyt\u0159\u00edben\u00e9 noblesy.<\/p>","protected":false},"featured_media":1716,"comment_status":"closed","ping_status":"closed","template":"","meta":{"om_disable_all_campaigns":false},"product_brand":[2284],"product_cat":[1803,1838,1990,199],"product_tag":[2658,2543,2296,2660,4149,2664,1394,2656,2280,6411,6410,6409,6412],"class_list":{"0":"post-13835","1":"product","2":"type-product","3":"status-publish","4":"has-post-thumbnail","6":"product_brand-staviori","7":"product_cat-brylanty-exclusive","8":"product_cat-diamenty","9":"product_cat-kolczyk-z-brylantami","10":"product_cat-kolczyki","11":"product_tag-biale-zloto-750","12":"product_tag-bizuteria-zlota","13":"product_tag-diamenty","14":"product_tag-eleganckie-kolczyki","15":"product_tag-fine-jewelry","16":"product_tag-klasyczne-kolczyki","17":"product_tag-kolczyki","18":"product_tag-kolczyki-z-szafirami","19":"product_tag-luksusowa-bizuteria","20":"product_tag-ohrstecker-mit-saphir","21":"product_tag-safirove-nausnice","22":"product_tag-sapphire-earrings","23":"product_tag-szafir-i-brylant","24":"pa_barwa-g-2","25":"pa_czystosc-vs2","26":"pa_dlugosc-8mm","27":"pa_kamien-diamenty","28":"pa_kamien-szafiry-naturalne","29":"pa_kolor-biale","30":"pa_kruszec-zloto","31":"pa_proba-0-750","32":"pa_szerokosc-6mm","33":"pa_waga-190g","35":"first","36":"onbackorder","37":"purchasable","38":"product-type-simple"},"aioseo_notices":[],"_links":{"self":[{"href":"https:\/\/staviori.com.pl\/cs\/wp-json\/wp\/v2\/product\/13835","targetHints":{"allow":["GET"]}}],"collection":[{"href":"https:\/\/staviori.com.pl\/cs\/wp-json\/wp\/v2\/product"}],"about":[{"href":"https:\/\/staviori.com.pl\/cs\/wp-json\/wp\/v2\/types\/product"}],"replies":[{"embeddable":true,"href":"https:\/\/staviori.com.pl\/cs\/wp-json\/wp\/v2\/comments?post=13835"}],"wp:featuredmedia":[{"embeddable":true,"href":"https:\/\/staviori.com.pl\/cs\/wp-json\/wp\/v2\/media\/1716"}],"wp:attachment":[{"href":"https:\/\/staviori.com.pl\/cs\/wp-json\/wp\/v2\/media?parent=13835"}],"wp:term":[{"taxonomy":"product_brand","embeddable":true,"href":"https:\/\/staviori.com.pl\/cs\/wp-json\/wp\/v2\/product_brand?post=13835"},{"taxonomy":"product_cat","embeddable":true,"href":"https:\/\/staviori.com.pl\/cs\/wp-json\/wp\/v2\/product_cat?post=13835"},{"taxonomy":"product_tag","embeddable":true,"href":"https:\/\/staviori.com.pl\/cs\/wp-json\/wp\/v2\/product_tag?post=13835"}],"curies":[{"name":"wp","href":"https:\/\/api.w.org\/{rel}","templated":true}]}}