{"id":13834,"date":"2025-02-24T22:45:25","date_gmt":"2025-02-24T21:45:25","guid":{"rendered":"https:\/\/staviori.com.pl\/product\/kolczyk-z-brylantami-kbd6000e\/"},"modified":"2026-02-11T00:08:34","modified_gmt":"2026-02-10T23:08:34","slug":"kolczyk-z-brylantami-kbd6000e","status":"publish","type":"product","link":"https:\/\/staviori.com.pl\/cs\/product\/kolczyk-z-brylantami-kbd6000e\/","title":{"rendered":"Exkluzivn\u011b | Ov\u00e1ln\u00e9 n\u00e1u\u0161nice se smaragdy a diamanty - KBD6000E"},"content":{"rendered":"<p>Model: KBD6000E<br \/>\nHmotnost p\u0159ibli\u017en\u011b 1,90 g<\/p>\n<p>N\u00e1u\u0161nice.<br \/>\nB\u00edl\u00e9 zlato 0,750.<br \/>\n44 diamant\u016f, briliantov\u00fd brus, hmotnost 0,09ct, barva G, \u010distota VS2-SI1.<br \/>\n2 Szmaragdy, o masie 0,71ct.<\/p>\n<p>D\u00e9lka 8 mm.<br \/>\n\u0160\u00ed\u0159ka 6 mm.<\/p>\n<p><strong>Produkt je k dispozici pouze na vy\u017e\u00e1d\u00e1n\u00ed, doba dod\u00e1n\u00ed cca 2 t\u00fddny.<\/strong><\/p>\n<p>Pi\u0119kne kolczyki wykonane z 18-karatowego z\u0142ota i ozdobione szmaragdami oraz brylantami. Dost\u0119pne w bia\u0142ym, \u017c\u00f3\u0142tym lub r\u00f3\u017cowym z\u0142ocie.<\/p>","protected":false},"excerpt":{"rendered":"<p>Oslniv\u00e9 n\u00e1u\u0161nice z nejjemn\u011bj\u0161\u00edho 18kar\u00e1tov\u00e9ho b\u00edl\u00e9ho zlata jsou skute\u010dnou esenc\u00ed luxusu a sofistikovanosti. St\u0159ed n\u00e1u\u0161nic zauj\u00edmaj\u00ed syt\u011b zelen\u00e9 ov\u00e1ln\u00e9 smaragdy o celkov\u00e9 hmotnosti 0,71 ct, obklopen\u00e9 jemnou svatoz\u00e1\u0159\u00ed 44 t\u0159pytiv\u00fdch diamant\u016f. D\u00edky elegantn\u00edmu tvaru a nad\u010dasov\u00e9mu lesku kamen\u016f jsou tyto n\u00e1u\u0161nice dokonal\u00fdm dopl\u0148kem ve\u010dern\u00edch stylizac\u00ed i v\u00fdjime\u010dn\u00fdch p\u0159\u00edle\u017eitost\u00ed. Jedn\u00e1 se o decentn\u00ed \u0161perk pro \u017eeny, kter\u00e9 si cen\u00ed klasiky a presti\u017ee.<\/p>","protected":false},"featured_media":1711,"comment_status":"closed","ping_status":"closed","template":"","meta":{"om_disable_all_campaigns":false},"product_brand":[2284],"product_cat":[1803,1838,1990,199,6858],"product_tag":[2308,2293,2660,2926,1394,2928,2672,2280,2929],"class_list":{"0":"post-13834","1":"product","2":"type-product","3":"status-publish","4":"has-post-thumbnail","6":"product_brand-staviori","7":"product_cat-brylanty-exclusive","8":"product_cat-diamenty","9":"product_cat-kolczyk-z-brylantami","10":"product_cat-kolczyki","11":"product_cat-kolczyki-brylanty-exclusive","12":"product_tag-biale-zloto","13":"product_tag-bizuteria-na-zamowienie","14":"product_tag-eleganckie-kolczyki","15":"product_tag-kbd6000e","16":"product_tag-kolczyki","17":"product_tag-kolczyki-szmaragdowe","18":"product_tag-kolczyki-z-brylantami","19":"product_tag-luksusowa-bizuteria","20":"product_tag-szmaragdy-i-diamenty","21":"pa_barwa-g","22":"pa_czystosc-vs2","23":"pa_dlugosc-8mm","24":"pa_dostawca-hosgor","25":"pa_kamien-brylanty","26":"pa_kamien-szmaragdy","27":"pa_kolor-biale","28":"pa_kruszec-zloto","29":"pa_proba-0-750","30":"pa_szerokosc-6mm","31":"pa_waga-1-90g","32":"pa_zapiecie-sztyft","34":"first","35":"onbackorder","36":"purchasable","37":"product-type-simple"},"aioseo_notices":[],"_links":{"self":[{"href":"https:\/\/staviori.com.pl\/cs\/wp-json\/wp\/v2\/product\/13834","targetHints":{"allow":["GET"]}}],"collection":[{"href":"https:\/\/staviori.com.pl\/cs\/wp-json\/wp\/v2\/product"}],"about":[{"href":"https:\/\/staviori.com.pl\/cs\/wp-json\/wp\/v2\/types\/product"}],"replies":[{"embeddable":true,"href":"https:\/\/staviori.com.pl\/cs\/wp-json\/wp\/v2\/comments?post=13834"}],"wp:featuredmedia":[{"embeddable":true,"href":"https:\/\/staviori.com.pl\/cs\/wp-json\/wp\/v2\/media\/1711"}],"wp:attachment":[{"href":"https:\/\/staviori.com.pl\/cs\/wp-json\/wp\/v2\/media?parent=13834"}],"wp:term":[{"taxonomy":"product_brand","embeddable":true,"href":"https:\/\/staviori.com.pl\/cs\/wp-json\/wp\/v2\/product_brand?post=13834"},{"taxonomy":"product_cat","embeddable":true,"href":"https:\/\/staviori.com.pl\/cs\/wp-json\/wp\/v2\/product_cat?post=13834"},{"taxonomy":"product_tag","embeddable":true,"href":"https:\/\/staviori.com.pl\/cs\/wp-json\/wp\/v2\/product_tag?post=13834"}],"curies":[{"name":"wp","href":"https:\/\/api.w.org\/{rel}","templated":true}]}}