{"id":13833,"date":"2025-02-24T22:45:25","date_gmt":"2025-02-24T21:45:25","guid":{"rendered":"https:\/\/staviori.com.pl\/product\/kolczyk-z-brylantami-kbd5720\/"},"modified":"2026-02-11T00:08:34","modified_gmt":"2026-02-10T23:08:34","slug":"kolczyk-z-brylantami-kbd5720","status":"publish","type":"product","link":"https:\/\/staviori.com.pl\/cs\/product\/kolczyk-z-brylantami-kbd5720\/","title":{"rendered":"N\u00e1u\u0161nice z b\u00edl\u00e9ho zlata s diamanty - KBD5720"},"content":{"rendered":"<p>Model: KBD5720<br \/>\nHmotnost p\u0159ibli\u017en\u011b 0,84 g<\/p>\n<p>N\u00e1u\u0161nice.<br \/>\nB\u00edl\u00e9 zlato 0,585.<br \/>\n2 Diamenty, szlif brylantowy, o masie 0,08ct, barwa H, czysto\u015b\u0107 SI1-SI2.<\/p>\n<p>D\u0142ugo\u015b\u0107 9 mm.<br \/>\n\u0160\u00ed\u0159ka 4 mm.<\/p>\n<p>Dost\u0119pne r\u00f3wnie\u017c w \u017c\u00f3\u0142tym z\u0142ocie pod symbolem: KZD5720<\/p>","protected":false},"excerpt":{"rendered":"<p>Jemn\u00e9 a p\u016fvabn\u00e9 n\u00e1u\u0161nice z b\u00edl\u00e9ho zlata 0,585 zaujmou modern\u00edm designem a nad\u010dasovou eleganc\u00ed. Brilianty jemn\u011b zasazen\u00e9 do spir\u00e1lovit\u00e9ho zlat\u00e9ho opletu jim dod\u00e1vaj\u00ed jiskru a lehkost. Jejich kompaktn\u00ed tvar je p\u0159edur\u010duje ke ka\u017edodenn\u00edmu no\u0161en\u00ed i ke zvl\u00e1\u0161tn\u00edm p\u0159\u00edle\u017eitostem. Jedn\u00e1 se o \u0161perky, kter\u00e9 podtrhuj\u00ed \u017eenskou noblesu a smysl pro styl.<\/p>","protected":false},"featured_media":1704,"comment_status":"closed","ping_status":"closed","template":"","meta":{"om_disable_all_campaigns":false},"product_brand":[2284],"product_cat":[1838,1990,199],"product_tag":[2308,2317,2918,2603,1394,2665,2667,2291],"class_list":{"0":"post-13833","1":"product","2":"type-product","3":"status-publish","4":"has-post-thumbnail","6":"product_brand-staviori","7":"product_cat-diamenty","8":"product_cat-kolczyk-z-brylantami","9":"product_cat-kolczyki","10":"product_tag-biale-zloto","11":"product_tag-elegancka-bizuteria","12":"product_tag-kbd5720","13":"product_tag-klasyczna-bizuteria","14":"product_tag-kolczyki","15":"product_tag-kolczyki-sztyfty","16":"product_tag-kolczyki-z-diamentami","17":"product_tag-prezent-dla-niej","18":"pa_barwa-h-2","19":"pa_czystosc-si1","20":"pa_dlugosc-9mm","21":"pa_dostawca-estrella","22":"pa_kamien-diament","23":"pa_kolor-biale","24":"pa_kruszec-zloto","25":"pa_proba-0-585","26":"pa_szerokosc-4mm","27":"pa_waga-075g","28":"pa_zapiecie-sztyft","30":"first","31":"instock","32":"purchasable","33":"product-type-simple"},"aioseo_notices":[],"_links":{"self":[{"href":"https:\/\/staviori.com.pl\/cs\/wp-json\/wp\/v2\/product\/13833","targetHints":{"allow":["GET"]}}],"collection":[{"href":"https:\/\/staviori.com.pl\/cs\/wp-json\/wp\/v2\/product"}],"about":[{"href":"https:\/\/staviori.com.pl\/cs\/wp-json\/wp\/v2\/types\/product"}],"replies":[{"embeddable":true,"href":"https:\/\/staviori.com.pl\/cs\/wp-json\/wp\/v2\/comments?post=13833"}],"wp:featuredmedia":[{"embeddable":true,"href":"https:\/\/staviori.com.pl\/cs\/wp-json\/wp\/v2\/media\/1704"}],"wp:attachment":[{"href":"https:\/\/staviori.com.pl\/cs\/wp-json\/wp\/v2\/media?parent=13833"}],"wp:term":[{"taxonomy":"product_brand","embeddable":true,"href":"https:\/\/staviori.com.pl\/cs\/wp-json\/wp\/v2\/product_brand?post=13833"},{"taxonomy":"product_cat","embeddable":true,"href":"https:\/\/staviori.com.pl\/cs\/wp-json\/wp\/v2\/product_cat?post=13833"},{"taxonomy":"product_tag","embeddable":true,"href":"https:\/\/staviori.com.pl\/cs\/wp-json\/wp\/v2\/product_tag?post=13833"}],"curies":[{"name":"wp","href":"https:\/\/api.w.org\/{rel}","templated":true}]}}