{"id":13829,"date":"2025-02-24T22:45:25","date_gmt":"2025-02-24T21:45:25","guid":{"rendered":"https:\/\/staviori.com.pl\/product\/bizuteria-inwestycyjna-kolczyk-kbd5200\/"},"modified":"2026-02-11T00:08:34","modified_gmt":"2026-02-10T23:08:34","slug":"bizuteria-inwestycyjna-kolczyk-kbd5200","status":"publish","type":"product","link":"https:\/\/staviori.com.pl\/cs\/product\/bizuteria-inwestycyjna-kolczyk-kbd5200\/","title":{"rendered":"Exkluzivn\u00ed | N\u00e1u\u0161nice z 18kar\u00e1tov\u00e9ho zlata s brilianty"},"content":{"rendered":"<p>Model: KBD5200<br \/>\nHmotnost p\u0159ibli\u017en\u011b 3,05 g<\/p>\n<p>N\u00e1u\u0161nice.<br \/>\nB\u00edl\u00e9 zlato 0,750.<br \/>\n76 Diament\u00f3w, szlif brylantowy, o masie 0,20ct, barwa G, czysto\u015b\u0107 SI1.<\/p>\n<p>Lze vyrobit v jin\u00e9 zlat\u00e9 barv\u011b.<br \/>\nOprawa &#8211; nie zawiera kamieni centralnych<\/p>\n<p>Oprawa kolczyk\u00f3w w 18-karatowym, bia\u0142ym z\u0142ocie.<br \/>\nOprawa pod brylanty centralne 2x 0,50ct. Kamienie mo\u017cemy dobra\u0107 pod \u017cyczenie klienta.<br \/>\nMog\u0105 to by\u0107 r\u00f3wnie\u017c inne kamienie szlachetne &#8211; szafiry, szmaragdy, rubiny ..<\/p>\n<p><strong>Je\u015bli brak na stanie to produkt na zam\u00f3wienie &#8211; termin realizacji oko\u0142o 5 tygodni<\/strong><\/p>","protected":false},"excerpt":{"rendered":"<p>Eleganckie kolczyki z bia\u0142ego z\u0142ota pr\u00f3by 750, zaprojektowane z my\u015bl\u0105 o centralnych kamieniach o masie 0,50 ct ka\u017cdy. Delikatna oprawa zosta\u0142a ozdobiona a\u017c 76 drobnymi diamentami w szlifie brylantowym, kt\u00f3re tworz\u0105 zachwycaj\u0105c\u0105 aur\u0119 blasku wok\u00f3\u0142 g\u0142\u00f3wnego kamienia. Doskona\u0142a propozycja dla kobiet ceni\u0105cych luksusow\u0105, ale subteln\u0105 bi\u017cuteri\u0119. Istnieje mo\u017cliwo\u015b\u0107 indywidualnego doboru kamieni centralnych \u2013 od klasycznych diament\u00f3w po kolorowe szafiry, szmaragdy czy rubiny.<\/p>","protected":false},"featured_media":17537,"comment_status":"closed","ping_status":"closed","template":"","meta":{"om_disable_all_campaigns":false},"product_brand":[2284],"product_cat":[1803,6858,199],"product_tag":[2658,2317,2885,2681,2667,2687,2886,2561],"class_list":{"0":"post-13829","1":"product","2":"type-product","3":"status-publish","4":"has-post-thumbnail","6":"product_brand-staviori","7":"product_cat-brylanty-exclusive","8":"product_cat-kolczyki-brylanty-exclusive","9":"product_cat-kolczyki","10":"product_tag-biale-zloto-750","11":"product_tag-elegancka-bizuteria","12":"product_tag-kbd5200","13":"product_tag-kolczyki-z-bialego-zlota","14":"product_tag-kolczyki-z-diamentami","15":"product_tag-luksusowe-kolczyki","16":"product_tag-oprawa-brylantowa","17":"product_tag-szlachetne-kamienie","18":"pa_barwa-g-h","19":"pa_czystosc-si1","20":"pa_dostawca-draco","21":"pa_kamien-brylanty","22":"pa_kolor-biale","23":"pa_kruszec-zloto","24":"pa_proba-0-750","25":"pa_waga-305g","26":"pa_zapiecie-sztyft","28":"first","29":"instock","30":"purchasable","31":"product-type-simple"},"aioseo_notices":[],"_links":{"self":[{"href":"https:\/\/staviori.com.pl\/cs\/wp-json\/wp\/v2\/product\/13829","targetHints":{"allow":["GET"]}}],"collection":[{"href":"https:\/\/staviori.com.pl\/cs\/wp-json\/wp\/v2\/product"}],"about":[{"href":"https:\/\/staviori.com.pl\/cs\/wp-json\/wp\/v2\/types\/product"}],"replies":[{"embeddable":true,"href":"https:\/\/staviori.com.pl\/cs\/wp-json\/wp\/v2\/comments?post=13829"}],"wp:featuredmedia":[{"embeddable":true,"href":"https:\/\/staviori.com.pl\/cs\/wp-json\/wp\/v2\/media\/17537"}],"wp:attachment":[{"href":"https:\/\/staviori.com.pl\/cs\/wp-json\/wp\/v2\/media?parent=13829"}],"wp:term":[{"taxonomy":"product_brand","embeddable":true,"href":"https:\/\/staviori.com.pl\/cs\/wp-json\/wp\/v2\/product_brand?post=13829"},{"taxonomy":"product_cat","embeddable":true,"href":"https:\/\/staviori.com.pl\/cs\/wp-json\/wp\/v2\/product_cat?post=13829"},{"taxonomy":"product_tag","embeddable":true,"href":"https:\/\/staviori.com.pl\/cs\/wp-json\/wp\/v2\/product_tag?post=13829"}],"curies":[{"name":"wp","href":"https:\/\/api.w.org\/{rel}","templated":true}]}}