{"id":13824,"date":"2025-02-24T22:45:25","date_gmt":"2025-02-24T21:45:25","guid":{"rendered":"https:\/\/staviori.com.pl\/product\/kolczyk-z-brylantami-kbd4820\/"},"modified":"2026-02-11T00:08:34","modified_gmt":"2026-02-10T23:08:34","slug":"kolczyk-z-brylantami-kbd4820","status":"publish","type":"product","link":"https:\/\/staviori.com.pl\/cs\/product\/kolczyk-z-brylantami-kbd4820\/","title":{"rendered":"Exkluzivn\u011b | Klasick\u00e9 n\u00e1u\u0161nice s diamantem 0,50ct - KBD4820"},"content":{"rendered":"<p>Model: KBD4820<br \/>\nWaga ok. 1,05g<\/p>\n<p>N\u00e1u\u0161nice.<br \/>\nB\u00edl\u00e9 zlato 0,585.<br \/>\n2 Brylanty 0,25ct, barwa G-H, czysto\u015b\u0107 Si.<\/p>\n<p>\u015arednica 4.50 mm.<br \/>\nD\u0142ugo\u015b\u0107 4.60 mm.<\/p>\n<p>Produkt je k dispozici pouze na vy\u017e\u00e1d\u00e1n\u00ed, doba dod\u00e1n\u00ed cca 2 t\u00fddny.<\/p>","protected":false},"excerpt":{"rendered":"<p>Klasyczne i ponadczasowe kolczyki z bia\u0142ego z\u0142ota pr\u00f3by 0,585 z ol\u015bniewaj\u0105cymi diamentami o masie \u0142\u0105cznej 0,50ct. Minimalistyczna forma szatonu z czterema \u0142apkami podkre\u015bla naturalny blask brylant\u00f3w, dodaj\u0105c ca\u0142o\u015bci wyj\u0105tkowej elegancji. Idealne jako codzienna bi\u017cuteria lub subtelny dodatek na specjalne okazje. Doskona\u0142y wyb\u00f3r dla kobiet ceni\u0105cych dyskretny luksus.<\/p>","protected":false},"featured_media":1650,"comment_status":"closed","ping_status":"closed","template":"","meta":{"om_disable_all_campaigns":false},"product_brand":[2284],"product_cat":[1803,1838,1990,6858,199],"product_tag":[2879,2308,2877,2878,2876,2664,1394,2665,2667],"class_list":{"0":"post-13824","1":"product","2":"type-product","3":"status-publish","4":"has-post-thumbnail","6":"product_brand-staviori","7":"product_cat-brylanty-exclusive","8":"product_cat-diamenty","9":"product_cat-kolczyk-z-brylantami","10":"product_cat-kolczyki-brylanty-exclusive","11":"product_cat-kolczyki","12":"product_tag-50ct","13":"product_tag-biale-zloto","14":"product_tag-bizuteria-elegancka","15":"product_tag-diamenty-g-h","16":"product_tag-kbd4820","17":"product_tag-klasyczne-kolczyki","18":"product_tag-kolczyki","19":"product_tag-kolczyki-sztyfty","20":"product_tag-kolczyki-z-diamentami","21":"pa_barwa-g-h","22":"pa_czystosc-si1","23":"pa_dlugosc-4-60mm","24":"pa_dostawca-iza","25":"pa_kamien-brylanty","26":"pa_kolor-biale","27":"pa_kruszec-zloto","28":"pa_proba-0-585","29":"pa_srednica-4-50mm","30":"pa_waga-105g","31":"pa_zapiecie-sztyft","33":"first","34":"onbackorder","35":"purchasable","36":"product-type-simple"},"aioseo_notices":[],"_links":{"self":[{"href":"https:\/\/staviori.com.pl\/cs\/wp-json\/wp\/v2\/product\/13824","targetHints":{"allow":["GET"]}}],"collection":[{"href":"https:\/\/staviori.com.pl\/cs\/wp-json\/wp\/v2\/product"}],"about":[{"href":"https:\/\/staviori.com.pl\/cs\/wp-json\/wp\/v2\/types\/product"}],"replies":[{"embeddable":true,"href":"https:\/\/staviori.com.pl\/cs\/wp-json\/wp\/v2\/comments?post=13824"}],"wp:featuredmedia":[{"embeddable":true,"href":"https:\/\/staviori.com.pl\/cs\/wp-json\/wp\/v2\/media\/1650"}],"wp:attachment":[{"href":"https:\/\/staviori.com.pl\/cs\/wp-json\/wp\/v2\/media?parent=13824"}],"wp:term":[{"taxonomy":"product_brand","embeddable":true,"href":"https:\/\/staviori.com.pl\/cs\/wp-json\/wp\/v2\/product_brand?post=13824"},{"taxonomy":"product_cat","embeddable":true,"href":"https:\/\/staviori.com.pl\/cs\/wp-json\/wp\/v2\/product_cat?post=13824"},{"taxonomy":"product_tag","embeddable":true,"href":"https:\/\/staviori.com.pl\/cs\/wp-json\/wp\/v2\/product_tag?post=13824"}],"curies":[{"name":"wp","href":"https:\/\/api.w.org\/{rel}","templated":true}]}}