{"id":13823,"date":"2025-02-24T22:45:25","date_gmt":"2025-02-24T21:45:25","guid":{"rendered":"https:\/\/staviori.com.pl\/product\/kolczyk-z-brylantami-kbd4759\/"},"modified":"2026-02-11T00:08:34","modified_gmt":"2026-02-10T23:08:34","slug":"kolczyk-z-brylantami-kbd4759","status":"publish","type":"product","link":"https:\/\/staviori.com.pl\/cs\/product\/kolczyk-z-brylantami-kbd4759\/","title":{"rendered":"Kruhov\u00e9 n\u00e1u\u0161nice 16mm s bagetou a kulat\u00fdmi diamanty - KBD4759"},"content":{"rendered":"<p>Model: KBD4759<br \/>\nHmotnost p\u0159ibli\u017en\u011b 3,30 g<\/p>\n<p>N\u00e1u\u0161nice.<br \/>\nB\u00edl\u00e9 zlato 0,585.<br \/>\n68 Diament\u00f3w, szlif brylantowy, o masie ok. 0,54ct., barwa H, czysto\u015b\u0107 I1.<br \/>\n42 Diamenty, szlif bagieta, o masie ok. 0,48ct., barwa H, czysto\u015b\u0107 SI2.<\/p>\n<p>Pr\u016fm\u011br 16 mm.<br \/>\n\u0160\u00ed\u0159ka 4 mm.<\/p>\n<p><strong>Produkt je k dispozici pouze na vy\u017e\u00e1d\u00e1n\u00ed, doba dod\u00e1n\u00ed cca 4 t\u00fddny.<\/strong><\/p>","protected":false},"excerpt":{"rendered":"<p>Zjawiskowe kolczyki ko\u0142a z bia\u0142ego z\u0142ota 14K, bogato zdobione a\u017c 110 diamentami w dw\u00f3ch szlifach \u2013 brylantowym i bagietowym. Klasyczna forma okr\u0119gu zosta\u0142a podkre\u015blona blaskiem kamieni, tworz\u0105c luksusowy, a jednocze\u015bnie ponadczasowy design. Po\u0142\u0105czenie eleganckiej symetrii i szlachetnego po\u0142ysku sprawia, \u017ce te kolczyki stanowi\u0105 idealne dope\u0142nienie wieczorowej stylizacji. Subtelna \u015brednica i precyzyjne wykonanie zapewniaj\u0105 wygod\u0119 noszenia i wyj\u0105tkowy efekt wizualny.<\/p>","protected":false},"featured_media":17511,"comment_status":"closed","ping_status":"closed","template":"","meta":{"om_disable_all_campaigns":false},"product_brand":[2284],"product_cat":[1803,1838,1990,199],"product_tag":[2308,2754,2317,2682,2672,2667,2687,2872],"class_list":{"0":"post-13823","1":"product","2":"type-product","3":"status-publish","4":"has-post-thumbnail","6":"product_brand-staviori","7":"product_cat-brylanty-exclusive","8":"product_cat-diamenty","9":"product_cat-kolczyk-z-brylantami","10":"product_cat-kolczyki","11":"product_tag-biale-zloto","12":"product_tag-bizuteria-wieczorowa","13":"product_tag-elegancka-bizuteria","14":"product_tag-kolczyki-kola","15":"product_tag-kolczyki-z-brylantami","16":"product_tag-kolczyki-z-diamentami","17":"product_tag-luksusowe-kolczyki","18":"product_tag-szlif-bagieta","19":"pa_barwa-h","20":"pa_czystosc-i1","21":"pa_dostawca-jigar","22":"pa_kamien-brylanty","23":"pa_kamien-diamenty-bagietowe","24":"pa_kolor-biale","25":"pa_kruszec-zloto","26":"pa_proba-0-585","27":"pa_srednica-16mm","28":"pa_szerokosc-4mm","29":"pa_waga-330g","30":"pa_zapiecie-angielskie","32":"first","33":"onbackorder","34":"purchasable","35":"product-type-simple"},"aioseo_notices":[],"_links":{"self":[{"href":"https:\/\/staviori.com.pl\/cs\/wp-json\/wp\/v2\/product\/13823","targetHints":{"allow":["GET"]}}],"collection":[{"href":"https:\/\/staviori.com.pl\/cs\/wp-json\/wp\/v2\/product"}],"about":[{"href":"https:\/\/staviori.com.pl\/cs\/wp-json\/wp\/v2\/types\/product"}],"replies":[{"embeddable":true,"href":"https:\/\/staviori.com.pl\/cs\/wp-json\/wp\/v2\/comments?post=13823"}],"wp:featuredmedia":[{"embeddable":true,"href":"https:\/\/staviori.com.pl\/cs\/wp-json\/wp\/v2\/media\/17511"}],"wp:attachment":[{"href":"https:\/\/staviori.com.pl\/cs\/wp-json\/wp\/v2\/media?parent=13823"}],"wp:term":[{"taxonomy":"product_brand","embeddable":true,"href":"https:\/\/staviori.com.pl\/cs\/wp-json\/wp\/v2\/product_brand?post=13823"},{"taxonomy":"product_cat","embeddable":true,"href":"https:\/\/staviori.com.pl\/cs\/wp-json\/wp\/v2\/product_cat?post=13823"},{"taxonomy":"product_tag","embeddable":true,"href":"https:\/\/staviori.com.pl\/cs\/wp-json\/wp\/v2\/product_tag?post=13823"}],"curies":[{"name":"wp","href":"https:\/\/api.w.org\/{rel}","templated":true}]}}