{"id":13821,"date":"2025-02-24T22:45:25","date_gmt":"2025-02-24T21:45:25","guid":{"rendered":"https:\/\/staviori.com.pl\/product\/bizuteria-inwestycyjna-kolczyk-kbd4049\/"},"modified":"2026-02-11T00:08:34","modified_gmt":"2026-02-10T23:08:34","slug":"bizuteria-inwestycyjna-kolczyk-kbd4049","status":"publish","type":"product","link":"https:\/\/staviori.com.pl\/cs\/product\/bizuteria-inwestycyjna-kolczyk-kbd4049\/","title":{"rendered":"Exkluzivn\u00ed | p\u0159\u00edv\u011bsek boho z b\u00edl\u00e9ho zlata 750 n\u00e1u\u0161nic s topasy a diamanty"},"content":{"rendered":"<p>Model: DSE1637T<br \/>\nHmotnost p\u0159ibli\u017en\u011b 7,36 g<\/p>\n<p>N\u00e1u\u0161nice.<br \/>\nB\u00edl\u00e9 zlato 0,750.<br \/>\n76 diamant\u016f, briliantov\u00fd brus, hmotnost cca 1,31ct, barva G-H, \u010dirost SI1.<br \/>\n8 modr\u00fdch topaz\u016f o hmotnosti p\u0159ibli\u017en\u011b 14,57ct.<\/p>\n<p>D\u00e9lka 56,5 mm.<br \/>\n\u0160\u00ed\u0159ka 13,7 mm.<br \/>\nPr\u016fm\u011br 6,9 mm.<\/p>\n<p><strong>Produkt je k dispozici pouze na vy\u017e\u00e1d\u00e1n\u00ed, doba dod\u00e1n\u00ed cca 5 t\u00fddn\u016f.<\/strong><\/p>","protected":false},"excerpt":{"rendered":"<p>Elegantn\u00ed n\u00e1u\u0161nice z b\u00edl\u00e9ho zlata 0,750 osl\u0148uj\u00ed harmoni\u00ed modr\u00fdch topaz\u016f a t\u0159pytiv\u00fdch diamant\u016f. A\u017eurov\u00fd tvar s jemn\u00fdmi \u0159et\u00edzky jim dod\u00e1v\u00e1 lehkost a v\u00fdjime\u010dn\u00fd p\u016fvab. Celek jemn\u011b rozz\u00e1\u0159\u00ed 76 diamant\u016f, kter\u00e9 podtrhuj\u00ed luxusn\u00ed charakter tohoto \u0161perku. Ide\u00e1ln\u00ed pro zvl\u00e1\u0161tn\u00ed p\u0159\u00edle\u017eitosti - pro \u017eeny, kter\u00e9 ocen\u00ed vyt\u0159\u00edben\u00fd styl a pozoruhodn\u00fd lesk.<\/p>","protected":false},"featured_media":1633,"comment_status":"closed","ping_status":"closed","template":"","meta":{"om_disable_all_campaigns":false},"product_brand":[2284],"product_cat":[1803,199,6858],"product_tag":[2769,2891,2894,2893,2755,2686,2667,2895,2280],"class_list":{"0":"post-13821","1":"product","2":"type-product","3":"status-publish","4":"has-post-thumbnail","6":"product_brand-staviori","7":"product_cat-brylanty-exclusive","8":"product_cat-kolczyki","9":"product_cat-kolczyki-brylanty-exclusive","10":"product_tag-bizuteria-z-bialego-zlota","11":"product_tag-dlugie-kolczyki","12":"product_tag-dse1637t","13":"product_tag-kbd4049","14":"product_tag-kolczyki-na-zamowienie","15":"product_tag-kolczyki-wieczorowe","16":"product_tag-kolczyki-z-diamentami","17":"product_tag-kolczyki-z-topazem","18":"product_tag-luksusowa-bizuteria","19":"pa_barwa-g-h","20":"pa_czystosc-si1","21":"pa_dlugosc-56-5mm","22":"pa_dostawca-draco","23":"pa_kamien-biale-diamenty","24":"pa_kamien-topazy-blekitne","25":"pa_kolor-biale","26":"pa_kruszec-zloto","27":"pa_proba-0-750","28":"pa_szerokosc-13-7mm","29":"pa_waga-736g","30":"pa_zapiecie-sztyft","32":"first","33":"onbackorder","34":"purchasable","35":"product-type-simple"},"aioseo_notices":[],"_links":{"self":[{"href":"https:\/\/staviori.com.pl\/cs\/wp-json\/wp\/v2\/product\/13821","targetHints":{"allow":["GET"]}}],"collection":[{"href":"https:\/\/staviori.com.pl\/cs\/wp-json\/wp\/v2\/product"}],"about":[{"href":"https:\/\/staviori.com.pl\/cs\/wp-json\/wp\/v2\/types\/product"}],"replies":[{"embeddable":true,"href":"https:\/\/staviori.com.pl\/cs\/wp-json\/wp\/v2\/comments?post=13821"}],"wp:featuredmedia":[{"embeddable":true,"href":"https:\/\/staviori.com.pl\/cs\/wp-json\/wp\/v2\/media\/1633"}],"wp:attachment":[{"href":"https:\/\/staviori.com.pl\/cs\/wp-json\/wp\/v2\/media?parent=13821"}],"wp:term":[{"taxonomy":"product_brand","embeddable":true,"href":"https:\/\/staviori.com.pl\/cs\/wp-json\/wp\/v2\/product_brand?post=13821"},{"taxonomy":"product_cat","embeddable":true,"href":"https:\/\/staviori.com.pl\/cs\/wp-json\/wp\/v2\/product_cat?post=13821"},{"taxonomy":"product_tag","embeddable":true,"href":"https:\/\/staviori.com.pl\/cs\/wp-json\/wp\/v2\/product_tag?post=13821"}],"curies":[{"name":"wp","href":"https:\/\/api.w.org\/{rel}","templated":true}]}}