{"id":13820,"date":"2025-02-24T22:45:25","date_gmt":"2025-02-24T21:45:25","guid":{"rendered":"https:\/\/staviori.com.pl\/product\/bizuteria-inwestycyjna-kolczyk-kbd4046\/"},"modified":"2026-02-11T00:10:04","modified_gmt":"2026-02-10T23:10:04","slug":"bizuteria-inwestycyjna-kolczyk-kbd4046","status":"publish","type":"product","link":"https:\/\/staviori.com.pl\/cs\/product\/bizuteria-inwestycyjna-kolczyk-kbd4046\/","title":{"rendered":"Exkluzivn\u00ed | Kr\u00e1sn\u00fd p\u0159\u00edv\u011bsek topaz\u016f s diamanty"},"content":{"rendered":"<p>Model: DSE1591<br \/>\nWaga ok. 4,28g<\/p>\n<p>N\u00e1u\u0161nice.<br \/>\nBia\u0142e, \u017b\u00f3\u0142te lub R\u00f3\u017cowe Z\u0142oto 0,750.<br \/>\n24 Diamenty, szlif brylantowy, o masie ok. 0,29ct, barwa G-H, czysto\u015b\u0107 SI1.<br \/>\n2 Topazy b\u0142\u0119kitne, o masie ok. 12,49ct.<\/p>\n<p>D\u0142ugo\u015b\u0107 23.4 mm.<br \/>\nSzeroko\u015b\u0107 9.6 mm.<br \/>\nGrubo\u015b\u0107 7 mm.<\/p>\n<p><strong><br \/>\nProdukt je k dispozici pouze na vy\u017e\u00e1d\u00e1n\u00ed, doba dod\u00e1n\u00ed cca 5 t\u00fddn\u016f.<br \/>\nMo\u017cliwo\u015b\u0107 zmiany koloru z\u0142ota na \u017c\u00f3\u0142te lub r\u00f3\u017cowe.<br \/>\n<\/strong><\/p>","protected":false},"excerpt":{"rendered":"<p>Zachwycaj\u0105ce kolczyki z bia\u0142ego z\u0142ota pr\u00f3by 0,750, w kt\u00f3rych g\u0142\u00f3wn\u0105 rol\u0119 graj\u0105 imponuj\u0105ce, b\u0142\u0119kitne topazy o \u0142\u0105cznej masie ponad 12 ct. Elegancka forma kropli ozdobiona zosta\u0142a kwiatowym motywem z l\u015bni\u0105cych brylant\u00f3w, nadaj\u0105c ca\u0142o\u015bci niezwyk\u0142ej lekko\u015bci i wdzi\u0119ku. Te luksusowe kolczyki to kwintesencja wyrafinowania \u2013 idealne na wyj\u0105tkowe okazje, ale i dla kobiet, kt\u00f3re lubi\u0105 otacza\u0107 si\u0119 pi\u0119knem na co dzie\u0144.<\/p>","protected":false},"featured_media":1628,"comment_status":"closed","ping_status":"closed","template":"","meta":{"om_disable_all_campaigns":false},"product_brand":[2284],"product_cat":[1803,199,6858],"product_tag":[2308,2311,2619,2296,2897,2660,2896,1394,2755,2899,2291,2898],"class_list":{"0":"post-13820","1":"product","2":"type-product","3":"status-publish","4":"has-post-thumbnail","6":"product_brand-staviori","7":"product_cat-brylanty-exclusive","8":"product_cat-kolczyki","9":"product_cat-kolczyki-brylanty-exclusive","10":"product_tag-biale-zloto","11":"product_tag-bizuteria-luksusowa","12":"product_tag-bizuteria-z-topazem","13":"product_tag-diamenty","14":"product_tag-dse1591","15":"product_tag-eleganckie-kolczyki","16":"product_tag-kbd4046","17":"product_tag-kolczyki","18":"product_tag-kolczyki-na-zamowienie","19":"product_tag-kolczyki-z-kamieniami","20":"product_tag-prezent-dla-niej","21":"product_tag-topaz-blekitny","22":"pa_barwa-g-h","23":"pa_czystosc-si1","24":"pa_dlugosc-23-4mm","25":"pa_dostawca-draco","26":"pa_kamien-biale-diamenty","27":"pa_kamien-topazy-blekitne","28":"pa_kolor-biale","29":"pa_kolor-rozowe","30":"pa_kolor-zolte","31":"pa_kruszec-zloto","32":"pa_proba-0-750","33":"pa_szerokosc-9-6mm","34":"pa_waga-425g","35":"pa_zapiecie-sztyft","37":"first","38":"onbackorder","39":"purchasable","40":"product-type-variable"},"aioseo_notices":[],"_links":{"self":[{"href":"https:\/\/staviori.com.pl\/cs\/wp-json\/wp\/v2\/product\/13820","targetHints":{"allow":["GET"]}}],"collection":[{"href":"https:\/\/staviori.com.pl\/cs\/wp-json\/wp\/v2\/product"}],"about":[{"href":"https:\/\/staviori.com.pl\/cs\/wp-json\/wp\/v2\/types\/product"}],"replies":[{"embeddable":true,"href":"https:\/\/staviori.com.pl\/cs\/wp-json\/wp\/v2\/comments?post=13820"}],"wp:featuredmedia":[{"embeddable":true,"href":"https:\/\/staviori.com.pl\/cs\/wp-json\/wp\/v2\/media\/1628"}],"wp:attachment":[{"href":"https:\/\/staviori.com.pl\/cs\/wp-json\/wp\/v2\/media?parent=13820"}],"wp:term":[{"taxonomy":"product_brand","embeddable":true,"href":"https:\/\/staviori.com.pl\/cs\/wp-json\/wp\/v2\/product_brand?post=13820"},{"taxonomy":"product_cat","embeddable":true,"href":"https:\/\/staviori.com.pl\/cs\/wp-json\/wp\/v2\/product_cat?post=13820"},{"taxonomy":"product_tag","embeddable":true,"href":"https:\/\/staviori.com.pl\/cs\/wp-json\/wp\/v2\/product_tag?post=13820"}],"curies":[{"name":"wp","href":"https:\/\/api.w.org\/{rel}","templated":true}]}}