{"id":13818,"date":"2025-02-24T22:45:25","date_gmt":"2025-02-24T21:45:25","guid":{"rendered":"https:\/\/staviori.com.pl\/product\/bizuteria-inwestycyjna-kolczyk-kbd4023\/"},"modified":"2026-02-11T00:10:04","modified_gmt":"2026-02-10T23:10:04","slug":"bizuteria-inwestycyjna-kolczyk-kbd4023","status":"publish","type":"product","link":"https:\/\/staviori.com.pl\/cs\/product\/bizuteria-inwestycyjna-kolczyk-kbd4023\/","title":{"rendered":"Exkluzivn\u00ed | masivn\u00ed, kr\u00e1sn\u00e9 b\u00edl\u00e9, \u010dern\u00e9 nebo tyrkysov\u00e9 n\u00e1u\u0161nice s diamanty"},"content":{"rendered":"<p>Model: DSE0824<br \/>\nWaga ok. 11,00g<\/p>\n<p>N\u00e1u\u0161nice.<br \/>\n\u017b\u00f3\u0142te, Bia\u0142e lub R\u00f3\u017cowe Z\u0142oto pr\u00f3by 0,750  ( 18-karat\u00f3w )<br \/>\n88 Diament\u00f3w, szlif brylantowy, o masie ok. 0,66ct, barwa G-H, czysto\u015b\u0107 SI1.<br \/>\nAgat bia\u0142y, Agat Czarny lub Turkus o masie ok. 11ct.<\/p>\n<p>D\u00e9lka 22 mm.<br \/>\nSzeroko\u015b\u0107 12.8 mm.<br \/>\nTlou\u0161\u0165ka 4,2 mm.<\/p>\n<p>Produkt je k dispozici pouze na vy\u017e\u00e1d\u00e1n\u00ed, doba dod\u00e1n\u00ed cca 5 t\u00fddn\u016f.<\/p>","protected":false},"excerpt":{"rendered":"<p>Wyj\u0105tkowe kolczyki wykonane z 18-karatowego bia\u0142ego z\u0142ota, ozdobione 88 diamentami o \u0142\u0105cznej masie 0,61 ct. Ich sercem jest elegancki czarny agat, kt\u00f3ry nadaje ca\u0142o\u015bci wyrazistego i ponadczasowego charakteru. Bi\u017cuteria przyci\u0105ga spojrzenia subtelnym po\u0142yskiem brylant\u00f3w i idealnie wpisuje si\u0119 w elegancki, wieczorowy styl.<\/p>\n<p>Model mo\u017cna dowolnie personalizowa\u0107 \u2013 dost\u0119pna jest zmiana koloru z\u0142ota (r\u00f3\u017cowe, \u017c\u00f3\u0142te, bia\u0142e) oraz wyb\u00f3r kamienia: klasyczny czarny agat, delikatny bia\u0142y lub np. turkus \u2013 doskona\u0142y w po\u0142\u0105czeniu z \u017c\u00f3\u0142tym z\u0142otem.<\/p>","protected":false},"featured_media":1621,"comment_status":"closed","ping_status":"closed","template":"","meta":{"om_disable_all_campaigns":false},"product_brand":[2284],"product_cat":[1803,199,6858],"product_tag":[2308,2331,2910,2296,2913,2317,1394,2755,2686,2911,2912],"class_list":{"0":"post-13818","1":"product","2":"type-product","3":"status-publish","4":"has-post-thumbnail","6":"product_brand-staviori","7":"product_cat-brylanty-exclusive","8":"product_cat-kolczyki","9":"product_cat-kolczyki-brylanty-exclusive","10":"product_tag-biale-zloto","11":"product_tag-bialy-agat","12":"product_tag-czarny-agat","13":"product_tag-diamenty","14":"product_tag-dse0824","15":"product_tag-elegancka-bizuteria","16":"product_tag-kolczyki","17":"product_tag-kolczyki-na-zamowienie","18":"product_tag-kolczyki-wieczorowe","19":"product_tag-personalizowana-bizuteria","20":"product_tag-turkus","21":"pa_barwa-g-h","22":"pa_czystosc-si1","23":"pa_dlugosc-22mm","24":"pa_dostawca-draco","25":"pa_kamien-diamenty","26":"pa_kamien-agat-bialy","27":"pa_kamien-agat-czarny","28":"pa_kamien-turkus","29":"pa_kolor-biale","30":"pa_kolor-rozowe","31":"pa_kolor-zolte","32":"pa_kruszec-zloto","33":"pa_proba-0-750","34":"pa_szerokosc-12-8mm","35":"pa_waga-1100g","36":"pa_zapiecie-klips-z-bolcem","38":"first","39":"onbackorder","40":"purchasable","41":"product-type-variable"},"aioseo_notices":[],"_links":{"self":[{"href":"https:\/\/staviori.com.pl\/cs\/wp-json\/wp\/v2\/product\/13818","targetHints":{"allow":["GET"]}}],"collection":[{"href":"https:\/\/staviori.com.pl\/cs\/wp-json\/wp\/v2\/product"}],"about":[{"href":"https:\/\/staviori.com.pl\/cs\/wp-json\/wp\/v2\/types\/product"}],"replies":[{"embeddable":true,"href":"https:\/\/staviori.com.pl\/cs\/wp-json\/wp\/v2\/comments?post=13818"}],"wp:featuredmedia":[{"embeddable":true,"href":"https:\/\/staviori.com.pl\/cs\/wp-json\/wp\/v2\/media\/1621"}],"wp:attachment":[{"href":"https:\/\/staviori.com.pl\/cs\/wp-json\/wp\/v2\/media?parent=13818"}],"wp:term":[{"taxonomy":"product_brand","embeddable":true,"href":"https:\/\/staviori.com.pl\/cs\/wp-json\/wp\/v2\/product_brand?post=13818"},{"taxonomy":"product_cat","embeddable":true,"href":"https:\/\/staviori.com.pl\/cs\/wp-json\/wp\/v2\/product_cat?post=13818"},{"taxonomy":"product_tag","embeddable":true,"href":"https:\/\/staviori.com.pl\/cs\/wp-json\/wp\/v2\/product_tag?post=13818"}],"curies":[{"name":"wp","href":"https:\/\/api.w.org\/{rel}","templated":true}]}}