{"id":13817,"date":"2025-02-24T22:45:25","date_gmt":"2025-02-24T21:45:25","guid":{"rendered":"https:\/\/staviori.com.pl\/product\/bizuteria-inwestycyjna-kolczyk-kbd4022\/"},"modified":"2026-02-11T00:08:33","modified_gmt":"2026-02-10T23:08:33","slug":"bizuteria-inwestycyjna-kolczyk-kbd4022","status":"publish","type":"product","link":"https:\/\/staviori.com.pl\/cs\/product\/bizuteria-inwestycyjna-kolczyk-kbd4022\/","title":{"rendered":"Exkluzivn\u00ed | neobvykl\u00e9 n\u00e1u\u0161nice z b\u00edl\u00e9ho zlata s kyanity"},"content":{"rendered":"<p>Model: DSE1517<br \/>\nWaga ok. 12,00g<\/p>\n<p>N\u00e1u\u0161nice.<br \/>\nB\u00edl\u00e9 zlato 0,750.<br \/>\n194 Diamenty, szlif brylantowy, o masie ok. 0,83ct, barwa G-H, czysto\u015b\u0107 SI1.<br \/>\n16 Kyanit\u00f3w, o masie ok. 7,94ct.<\/p>\n<p>\u015arednica 21 mm.<br \/>\nTlou\u0161\u0165ka 2,5 mm.<\/p>\n<p><strong>Produkt je k dispozici pouze na vy\u017e\u00e1d\u00e1n\u00ed, doba dod\u00e1n\u00ed cca 5 t\u00fddn\u016f.<\/strong><\/p>","protected":false},"excerpt":{"rendered":"<p>Zachwycaj\u0105ce kolczyki wykonane z 18-karatowego bia\u0142ego z\u0142ota, ol\u015bniewaj\u0105ce finezj\u0105 i bogactwem detali. Centraln\u0105 ozdob\u0119 stanowi\u0105 g\u0142\u0119boko niebieskie kyanity o \u0142\u0105cznej masie niemal 8 ct, kt\u00f3re u\u0142o\u017cono w form\u0119 kwiatowego motywu. Ca\u0142o\u015b\u0107 otacza a\u017c 194 brylant\u00f3w, nadaj\u0105c kompozycji blask i wyrafinowan\u0105 elegancj\u0119. To niezwykle efektowna bi\u017cuteria, kt\u00f3ra przyci\u0105ga spojrzenia i doskonale sprawdzi si\u0119 na wyj\u0105tkowe okazje.<\/p>","protected":false},"featured_media":1619,"comment_status":"closed","ping_status":"closed","template":"","meta":{"om_disable_all_campaigns":false},"product_brand":[2284],"product_cat":[1803,6858,199],"product_tag":[4669,2311,3829,2916,2317,3828,6866,2724,2667,6442,2708,6443,6445,6865,6864,3777],"class_list":{"0":"post-13817","1":"product","2":"type-product","3":"status-publish","4":"has-post-thumbnail","6":"product_brand-staviori","7":"product_cat-brylanty-exclusive","8":"product_cat-kolczyki-brylanty-exclusive","9":"product_cat-kolczyki","10":"product_tag-biale-zloto-0-750","11":"product_tag-bizuteria-luksusowa","12":"product_tag-diamond-earrings","13":"product_tag-dse1517","14":"product_tag-elegancka-bizuteria","15":"product_tag-gold-earrings","16":"product_tag-kbd4022","17":"product_tag-kolczyki-kwiaty","18":"product_tag-kolczyki-z-diamentami","19":"product_tag-kolczyki-z-kyanitami","20":"product_tag-kolczyki-zlote","21":"product_tag-kyanite-earrings","22":"product_tag-luxurious-jewelry","23":"product_tag-nausnice-diamant-kyanit","24":"product_tag-ohrringe-diamant-kyanit","25":"product_tag-white-gold","26":"pa_barwa-g-h","27":"pa_czystosc-si1","28":"pa_dostawca-draco","29":"pa_grubosc-2-5mm","30":"pa_kamien-diamenty","31":"pa_kamien-kyanity","32":"pa_kolor-biale","33":"pa_kruszec-zloto","34":"pa_proba-0-750","35":"pa_srednica-21mm","36":"pa_waga-1190g","37":"pa_zapiecie-klips-z-bolcem","39":"first","40":"onbackorder","41":"purchasable","42":"product-type-simple"},"aioseo_notices":[],"_links":{"self":[{"href":"https:\/\/staviori.com.pl\/cs\/wp-json\/wp\/v2\/product\/13817","targetHints":{"allow":["GET"]}}],"collection":[{"href":"https:\/\/staviori.com.pl\/cs\/wp-json\/wp\/v2\/product"}],"about":[{"href":"https:\/\/staviori.com.pl\/cs\/wp-json\/wp\/v2\/types\/product"}],"replies":[{"embeddable":true,"href":"https:\/\/staviori.com.pl\/cs\/wp-json\/wp\/v2\/comments?post=13817"}],"wp:featuredmedia":[{"embeddable":true,"href":"https:\/\/staviori.com.pl\/cs\/wp-json\/wp\/v2\/media\/1619"}],"wp:attachment":[{"href":"https:\/\/staviori.com.pl\/cs\/wp-json\/wp\/v2\/media?parent=13817"}],"wp:term":[{"taxonomy":"product_brand","embeddable":true,"href":"https:\/\/staviori.com.pl\/cs\/wp-json\/wp\/v2\/product_brand?post=13817"},{"taxonomy":"product_cat","embeddable":true,"href":"https:\/\/staviori.com.pl\/cs\/wp-json\/wp\/v2\/product_cat?post=13817"},{"taxonomy":"product_tag","embeddable":true,"href":"https:\/\/staviori.com.pl\/cs\/wp-json\/wp\/v2\/product_tag?post=13817"}],"curies":[{"name":"wp","href":"https:\/\/api.w.org\/{rel}","templated":true}]}}