{"id":13816,"date":"2025-02-24T22:45:25","date_gmt":"2025-02-24T21:45:25","guid":{"rendered":"https:\/\/staviori.com.pl\/product\/bizuteria-inwestycyjna-kolczyk-kbd4021\/"},"modified":"2026-02-11T00:08:33","modified_gmt":"2026-02-10T23:08:33","slug":"bizuteria-inwestycyjna-kolczyk-kbd4021","status":"publish","type":"product","link":"https:\/\/staviori.com.pl\/cs\/product\/bizuteria-inwestycyjna-kolczyk-kbd4021\/","title":{"rendered":"Exkluzivn\u00ed | n\u00e1u\u0161nice s kyanitem a diamanty"},"content":{"rendered":"<p>Model: KBD4021<br \/>\nWaga ok. 12,80g<\/p>\n<p>N\u00e1u\u0161nice.<br \/>\nB\u00edl\u00e9 zlato 0,750.<br \/>\n114 Diament\u00f3w, szlif brylantowy, o masie ok. 0,59ct, barwa G-H, czysto\u015b\u0107 SI1.<br \/>\n16 Kyanit, o masie ok. 7,66ct.<\/p>\n<p>D\u00e9lka 20 mm.<br \/>\nSzeroko\u015b\u0107 12.7 mm.<br \/>\nGrubo\u015b\u0107 5.2 mm.<\/p>\n<p><strong>Produkt je k dispozici pouze na vy\u017e\u00e1d\u00e1n\u00ed, doba dod\u00e1n\u00ed cca 5 t\u00fddn\u016f.<\/strong><\/p>","protected":false},"excerpt":{"rendered":"<p>Zachwycaj\u0105ce kolczyki z bia\u0142ego z\u0142ota pr\u00f3by 0,750, kt\u00f3re \u0142\u0105cz\u0105 luksus z niepowtarzalnym stylem. Ozdobione a\u017c 16 intensywnie niebieskimi kyanitami o \u0142\u0105cznej masie 7,66 ct oraz 114 l\u015bni\u0105cymi diamentami, tworz\u0105 spektakularny efekt wizualny. Kwiatowy uk\u0142ad kamieni i misterne wyko\u0144czenie sprawiaj\u0105, \u017ce kolczyki przyci\u0105gaj\u0105 spojrzenia i doskonale podkre\u015blaj\u0105 elegancj\u0119 wieczorowych stylizacji. Idealna propozycja dla kobiet ceni\u0105cych wyrafinowan\u0105 bi\u017cuteri\u0119 z charakterem.<\/p>","protected":false},"featured_media":1617,"comment_status":"closed","ping_status":"closed","template":"","meta":{"om_disable_all_campaigns":false},"product_brand":[2284],"product_cat":[1803,6858,199],"product_tag":[2921,2555,2922,2755,2681,2667,2923,2687,2924],"class_list":{"0":"post-13816","1":"product","2":"type-product","3":"status-publish","4":"has-post-thumbnail","6":"product_brand-staviori","7":"product_cat-brylanty-exclusive","8":"product_cat-kolczyki-brylanty-exclusive","9":"product_cat-kolczyki","10":"product_tag-dse1534","11":"product_tag-ekskluzywna-bizuteria","12":"product_tag-kbd4021","13":"product_tag-kolczyki-na-zamowienie","14":"product_tag-kolczyki-z-bialego-zlota","15":"product_tag-kolczyki-z-diamentami","16":"product_tag-kyanit","17":"product_tag-luksusowe-kolczyki","18":"product_tag-wieczorowa-bizuteria","19":"pa_barwa-g-h","20":"pa_czystosc-si1","21":"pa_dlugosc-20mm","22":"pa_dostawca-draco","23":"pa_kamien-diamenty","24":"pa_kamien-kyanity","25":"pa_kolor-biale","26":"pa_kruszec-zloto","27":"pa_proba-0-750","28":"pa_szerokosc-12-7mm","29":"pa_waga-1280g","30":"pa_zapiecie-klips-z-bolcem","32":"first","33":"onbackorder","34":"purchasable","35":"product-type-simple"},"aioseo_notices":[],"_links":{"self":[{"href":"https:\/\/staviori.com.pl\/cs\/wp-json\/wp\/v2\/product\/13816","targetHints":{"allow":["GET"]}}],"collection":[{"href":"https:\/\/staviori.com.pl\/cs\/wp-json\/wp\/v2\/product"}],"about":[{"href":"https:\/\/staviori.com.pl\/cs\/wp-json\/wp\/v2\/types\/product"}],"replies":[{"embeddable":true,"href":"https:\/\/staviori.com.pl\/cs\/wp-json\/wp\/v2\/comments?post=13816"}],"wp:featuredmedia":[{"embeddable":true,"href":"https:\/\/staviori.com.pl\/cs\/wp-json\/wp\/v2\/media\/1617"}],"wp:attachment":[{"href":"https:\/\/staviori.com.pl\/cs\/wp-json\/wp\/v2\/media?parent=13816"}],"wp:term":[{"taxonomy":"product_brand","embeddable":true,"href":"https:\/\/staviori.com.pl\/cs\/wp-json\/wp\/v2\/product_brand?post=13816"},{"taxonomy":"product_cat","embeddable":true,"href":"https:\/\/staviori.com.pl\/cs\/wp-json\/wp\/v2\/product_cat?post=13816"},{"taxonomy":"product_tag","embeddable":true,"href":"https:\/\/staviori.com.pl\/cs\/wp-json\/wp\/v2\/product_tag?post=13816"}],"curies":[{"name":"wp","href":"https:\/\/api.w.org\/{rel}","templated":true}]}}