{"id":13815,"date":"2025-02-24T22:45:25","date_gmt":"2025-02-24T21:45:25","guid":{"rendered":"https:\/\/staviori.com.pl\/product\/bizuteria-inwestycyjna-kolczyk-kbd4020\/"},"modified":"2026-02-11T00:08:33","modified_gmt":"2026-02-10T23:08:33","slug":"bizuteria-inwestycyjna-kolczyk-kbd4020","status":"publish","type":"product","link":"https:\/\/staviori.com.pl\/cs\/product\/bizuteria-inwestycyjna-kolczyk-kbd4020\/","title":{"rendered":"Exkluzivn\u011b | N\u00e1u\u0161nice z b\u00edl\u00e9ho zlata 750 s kyanity a diamanty"},"content":{"rendered":"<p>Model: DSE1483<br \/>\nWaga ok. 3,24g<\/p>\n<p>N\u00e1u\u0161nice.<br \/>\nB\u00edl\u00e9 zlato 0,750.<br \/>\n32 Diamenty, szlif brylantowy, o masie 0,26ct, barwa G-H, czysto\u015b\u0107 SI1.<br \/>\n10 Kyanit, o masie 4,66ct.<\/p>\n<p>D\u0142ugo\u015b\u0107 13 mm.<br \/>\n\u015arednica 11.8 mm.<br \/>\nGrubo\u015b\u0107 4.1 mm.<\/p>\n<p>Produkt je k dispozici pouze na vy\u017e\u00e1d\u00e1n\u00ed, doba dod\u00e1n\u00ed cca 4 t\u00fddny.<\/p>","protected":false},"excerpt":{"rendered":"<p>Zjawiskowe kolczyki z bia\u0142ego z\u0142ota pr\u00f3by 750, kt\u00f3re urzekaj\u0105 form\u0105 kwiat\u00f3w pe\u0142nych blasku. P\u0142atki zosta\u0142y wykonane z pi\u0119knych kyanit\u00f3w o intensywnie niebieskiej barwie, a ich urok dodatkowo podkre\u015blaj\u0105 l\u015bni\u0105ce diamenty w szlifie brylantowym. To elegancka bi\u017cuteria, kt\u00f3ra \u0142\u0105czy w sobie finezj\u0119 natury i luksusowy charakter, stanowi\u0105c doskona\u0142y wyb\u00f3r na wyj\u0105tkowe okazje.<\/p>","protected":false},"featured_media":21475,"comment_status":"closed","ping_status":"closed","template":"","meta":{"om_disable_all_campaigns":false},"product_brand":[2284],"product_cat":[1803,199,6858],"product_tag":[2311,3829,6440,2660,6441,2681,2667,6442,6443,6445,6380,6446,6377,6378,6381,6447,6444,2341],"class_list":{"0":"post-13815","1":"product","2":"type-product","3":"status-publish","4":"has-post-thumbnail","6":"product_brand-staviori","7":"product_cat-brylanty-exclusive","8":"product_cat-kolczyki","9":"product_cat-kolczyki-brylanty-exclusive","10":"product_tag-bizuteria-luksusowa","11":"product_tag-diamond-earrings","12":"product_tag-dse1483","13":"product_tag-eleganckie-kolczyki","14":"product_tag-kbd4020","15":"product_tag-kolczyki-z-bialego-zlota","16":"product_tag-kolczyki-z-diamentami","17":"product_tag-kolczyki-z-kyanitami","18":"product_tag-kyanite-earrings","19":"product_tag-luxurious-jewelry","20":"product_tag-nausnice-s-diamanty","21":"product_tag-nausnice-s-kyanitem","22":"product_tag-nausnice-z-bileho-zlata","23":"product_tag-ohrringe-aus-weisgold","24":"product_tag-ohrringe-mit-diamanten","25":"product_tag-ohrringe-mit-kyanit","26":"product_tag-white-gold-earrings","27":"product_tag-zloto-750","28":"pa_barwa-g-h","29":"pa_czystosc-si1","30":"pa_dlugosc-13mm","31":"pa_kamien-brylanty","32":"pa_kamien-kyanity","33":"pa_kolor-biale","34":"pa_kruszec-zloto","35":"pa_proba-0-750","36":"pa_srednica-11-8mm","37":"pa_waga-320g","38":"pa_zapiecie-angielskie","40":"first","41":"onbackorder","42":"purchasable","43":"product-type-simple"},"aioseo_notices":[],"_links":{"self":[{"href":"https:\/\/staviori.com.pl\/cs\/wp-json\/wp\/v2\/product\/13815","targetHints":{"allow":["GET"]}}],"collection":[{"href":"https:\/\/staviori.com.pl\/cs\/wp-json\/wp\/v2\/product"}],"about":[{"href":"https:\/\/staviori.com.pl\/cs\/wp-json\/wp\/v2\/types\/product"}],"replies":[{"embeddable":true,"href":"https:\/\/staviori.com.pl\/cs\/wp-json\/wp\/v2\/comments?post=13815"}],"wp:featuredmedia":[{"embeddable":true,"href":"https:\/\/staviori.com.pl\/cs\/wp-json\/wp\/v2\/media\/21475"}],"wp:attachment":[{"href":"https:\/\/staviori.com.pl\/cs\/wp-json\/wp\/v2\/media?parent=13815"}],"wp:term":[{"taxonomy":"product_brand","embeddable":true,"href":"https:\/\/staviori.com.pl\/cs\/wp-json\/wp\/v2\/product_brand?post=13815"},{"taxonomy":"product_cat","embeddable":true,"href":"https:\/\/staviori.com.pl\/cs\/wp-json\/wp\/v2\/product_cat?post=13815"},{"taxonomy":"product_tag","embeddable":true,"href":"https:\/\/staviori.com.pl\/cs\/wp-json\/wp\/v2\/product_tag?post=13815"}],"curies":[{"name":"wp","href":"https:\/\/api.w.org\/{rel}","templated":true}]}}