{"id":13813,"date":"2025-02-24T22:45:21","date_gmt":"2025-02-24T21:45:21","guid":{"rendered":"https:\/\/staviori.com.pl\/product\/bizuteria-inwestycyjna-kolczyk-kbd4009\/"},"modified":"2026-02-11T00:08:33","modified_gmt":"2026-02-10T23:08:33","slug":"bizuteria-inwestycyjna-kolczyk-kbd4009","status":"publish","type":"product","link":"https:\/\/staviori.com.pl\/cs\/product\/bizuteria-inwestycyjna-kolczyk-kbd4009\/","title":{"rendered":"Exkluzivn\u011b | Had\u00ed n\u00e1u\u0161nice z b\u00edl\u00e9ho zlata 750 s diamanty"},"content":{"rendered":"<p>Model: DDE1780<br \/>\nWaga ok. 1,72g<\/p>\n<p>N\u00e1u\u0161nice.<br \/>\nB\u00edl\u00e9 zlato 0,750.<br \/>\n18 Diament\u00f3w, szlif brylantowy, o masie 0,07ct, barwa G-H, czysto\u015b\u0107 SI1.<\/p>\n<p>D\u0142ugo\u015b\u0107 17 mm.<br \/>\nSzeroko\u015b\u0107 5.4 mm.<br \/>\nGrubo\u015b\u0107 1.8-3.2 mm.<\/p>\n<p>Produkt je k dispozici pouze na vy\u017e\u00e1d\u00e1n\u00ed, doba dod\u00e1n\u00ed cca 5 t\u00fddn\u016f.<\/p>","protected":false},"excerpt":{"rendered":"<p>Nowoczesne kolczyki z bia\u0142ego z\u0142ota pr\u00f3by 750 w kszta\u0142cie finezyjnie skr\u0119conej linii, wysadzanej 18 diamentami o \u0142\u0105cznej masie 0,07 ct. Subtelny blask brylant\u00f3w w barwie G-H i czysto\u015bci SI1 pi\u0119knie kontrastuje z g\u0142adk\u0105 powierzchni\u0105 z\u0142ota, tworz\u0105c efekt niezwyk\u0142ej lekko\u015bci i elegancji. Niezwyk\u0142a, spiralna forma nadaje im odwa\u017cny i designerski charakter, idealny dla kobiet, kt\u00f3re lubi\u0105 podkre\u015bla\u0107 sw\u00f3j indywidualny styl.<\/p>","protected":false},"featured_media":21445,"comment_status":"closed","ping_status":"closed","template":"","meta":{"om_disable_all_campaigns":false},"product_brand":[2284],"product_cat":[1803,199,6858],"product_tag":[4482,2658,6403,6394,3829,6120,6402,2906,5369,6404,6408,2681,6406,6377,6378,6157,6210,6405,6407,2283],"class_list":{"0":"post-13813","1":"product","2":"type-product","3":"status-publish","4":"has-post-thumbnail","6":"product_brand-staviori","7":"product_cat-brylanty-exclusive","8":"product_cat-kolczyki","9":"product_cat-kolczyki-brylanty-exclusive","10":"product_tag-18-karatowe-zloto","11":"product_tag-biale-zloto-750","12":"product_tag-dde1780","13":"product_tag-diamenty-g-h-si1","14":"product_tag-diamond-earrings","15":"product_tag-diamond-jewelry","16":"product_tag-kbd4009","17":"product_tag-kolczyki-designerskie","18":"product_tag-kolczyki-diamentowe","19":"product_tag-kolczyki-spiralne","20":"product_tag-kolczyki-weze","21":"product_tag-kolczyki-z-bialego-zlota","22":"product_tag-nausnice-spiralove","23":"product_tag-nausnice-z-bileho-zlata","24":"product_tag-ohrringe-aus-weisgold","25":"product_tag-schmuck-mit-diamanten","26":"product_tag-sperky-s-diamanty","27":"product_tag-spiral-diamond-earrings","28":"product_tag-spiral-ohrringe","29":"product_tag-waz","30":"pa_barwa-g-h","31":"pa_czystosc-si1","32":"pa_dlugosc-17mm","33":"pa_dostawca-draco","34":"pa_kamien-diamenty","35":"pa_kolor-biale","36":"pa_kruszec-zloto","37":"pa_motyw-waz","38":"pa_proba-0-750","39":"pa_szerokosc-5-4mm","40":"pa_waga-170g","41":"pa_zapiecie-sztyft","43":"first","44":"onbackorder","45":"purchasable","46":"product-type-simple"},"aioseo_notices":[],"_links":{"self":[{"href":"https:\/\/staviori.com.pl\/cs\/wp-json\/wp\/v2\/product\/13813","targetHints":{"allow":["GET"]}}],"collection":[{"href":"https:\/\/staviori.com.pl\/cs\/wp-json\/wp\/v2\/product"}],"about":[{"href":"https:\/\/staviori.com.pl\/cs\/wp-json\/wp\/v2\/types\/product"}],"replies":[{"embeddable":true,"href":"https:\/\/staviori.com.pl\/cs\/wp-json\/wp\/v2\/comments?post=13813"}],"wp:featuredmedia":[{"embeddable":true,"href":"https:\/\/staviori.com.pl\/cs\/wp-json\/wp\/v2\/media\/21445"}],"wp:attachment":[{"href":"https:\/\/staviori.com.pl\/cs\/wp-json\/wp\/v2\/media?parent=13813"}],"wp:term":[{"taxonomy":"product_brand","embeddable":true,"href":"https:\/\/staviori.com.pl\/cs\/wp-json\/wp\/v2\/product_brand?post=13813"},{"taxonomy":"product_cat","embeddable":true,"href":"https:\/\/staviori.com.pl\/cs\/wp-json\/wp\/v2\/product_cat?post=13813"},{"taxonomy":"product_tag","embeddable":true,"href":"https:\/\/staviori.com.pl\/cs\/wp-json\/wp\/v2\/product_tag?post=13813"}],"curies":[{"name":"wp","href":"https:\/\/api.w.org\/{rel}","templated":true}]}}