{"id":13807,"date":"2025-02-24T22:45:21","date_gmt":"2025-02-24T21:45:21","guid":{"rendered":"https:\/\/staviori.com.pl\/product\/bizuteria-inwestycyjna-kolczyk-kbd3956\/"},"modified":"2026-02-11T00:08:32","modified_gmt":"2026-02-10T23:08:32","slug":"bizuteria-inwestycyjna-kolczyk-kbd3956","status":"publish","type":"product","link":"https:\/\/staviori.com.pl\/cs\/product\/bizuteria-inwestycyjna-kolczyk-kbd3956\/","title":{"rendered":"Exkluzivn\u00ed | extr\u00e9mn\u011b b\u00edl\u00e9 zlat\u00e9 n\u00e1u\u0161nice s \u010dern\u00fdmi a b\u00edl\u00fdmi diamanty"},"content":{"rendered":"<p>Model: DDE1825<br \/>\nHmotnost p\u0159ibli\u017en\u011b 9,80 g<\/p>\n<p>N\u00e1u\u0161nice.<br \/>\nB\u00edl\u00e9 zlato 0,750.<br \/>\n44 Diamenty, szlif brylantowy, o masie 1,47ct, barwa G-H, czysto\u015b\u0107 SI1.<br \/>\n84 Diamenty, kolor czarny, szlif brylantowy, o masie 0,97ct.<\/p>\n<p>Wymiary 27&#215;20 mm.<br \/>\nGrubo\u015b\u0107 10-5 mm.<\/p>\n<p><strong>Produkt je k dispozici pouze na vy\u017e\u00e1d\u00e1n\u00ed, doba dod\u00e1n\u00ed cca 5 t\u00fddn\u016f.<\/strong><\/p>","protected":false},"excerpt":{"rendered":"<p>\u00dachvatn\u00e9 n\u00e1u\u0161nice z b\u00edl\u00e9ho zlata 750, kter\u00e9 kombinuj\u00ed eleganci klasick\u00e9 b\u00edl\u00e9 s tajemstv\u00edm \u010dern\u00fdch diamant\u016f. D\u016fmysln\u011b uspo\u0159\u00e1dan\u00e9 diamanty ve dvou kontrastn\u00edch barv\u00e1ch vytv\u00e1\u0159ej\u00ed velkolepou kompozici plnou lesku a sofistikovanosti. Tento jedine\u010dn\u00fd \u0161perk upout\u00e1 pozornost a podtrhne osobit\u00fd styl sv\u00e9 majitelky. Ide\u00e1ln\u00ed volba pro ve\u010dern\u00ed vych\u00e1zky a v\u00fdjime\u010dn\u00e9 p\u0159\u00edle\u017eitosti.<\/p>","protected":false},"featured_media":1587,"comment_status":"closed","ping_status":"closed","template":"","meta":{"om_disable_all_campaigns":false},"product_brand":[2284],"product_cat":[1803,6858,199],"product_tag":[2869,2868],"class_list":{"0":"post-13807","1":"product","2":"type-product","3":"status-publish","4":"has-post-thumbnail","6":"product_brand-staviori","7":"product_cat-brylanty-exclusive","8":"product_cat-kolczyki-brylanty-exclusive","9":"product_cat-kolczyki","10":"product_tag-dde1825","11":"product_tag-kbd3956","12":"pa_barwa-g-h","13":"pa_czystosc-si1","14":"pa_grubosc-10-5mm","15":"pa_kamien-biale-diamenty","16":"pa_kamien-czarne-diamenty","17":"pa_kolor-biale","18":"pa_kruszec-zloto","19":"pa_proba-0-750","20":"pa_waga-g","21":"pa_wymiary-27x20mm","22":"pa_zapiecie-bigiel","24":"first","25":"onbackorder","26":"purchasable","27":"product-type-simple"},"aioseo_notices":[],"_links":{"self":[{"href":"https:\/\/staviori.com.pl\/cs\/wp-json\/wp\/v2\/product\/13807","targetHints":{"allow":["GET"]}}],"collection":[{"href":"https:\/\/staviori.com.pl\/cs\/wp-json\/wp\/v2\/product"}],"about":[{"href":"https:\/\/staviori.com.pl\/cs\/wp-json\/wp\/v2\/types\/product"}],"replies":[{"embeddable":true,"href":"https:\/\/staviori.com.pl\/cs\/wp-json\/wp\/v2\/comments?post=13807"}],"wp:featuredmedia":[{"embeddable":true,"href":"https:\/\/staviori.com.pl\/cs\/wp-json\/wp\/v2\/media\/1587"}],"wp:attachment":[{"href":"https:\/\/staviori.com.pl\/cs\/wp-json\/wp\/v2\/media?parent=13807"}],"wp:term":[{"taxonomy":"product_brand","embeddable":true,"href":"https:\/\/staviori.com.pl\/cs\/wp-json\/wp\/v2\/product_brand?post=13807"},{"taxonomy":"product_cat","embeddable":true,"href":"https:\/\/staviori.com.pl\/cs\/wp-json\/wp\/v2\/product_cat?post=13807"},{"taxonomy":"product_tag","embeddable":true,"href":"https:\/\/staviori.com.pl\/cs\/wp-json\/wp\/v2\/product_tag?post=13807"}],"curies":[{"name":"wp","href":"https:\/\/api.w.org\/{rel}","templated":true}]}}