{"id":13805,"date":"2025-02-24T22:45:21","date_gmt":"2025-02-24T21:45:21","guid":{"rendered":"https:\/\/staviori.com.pl\/product\/bizuteria-inwestycyjna-kolczyk-kbd3952\/"},"modified":"2026-02-11T00:08:32","modified_gmt":"2026-02-10T23:08:32","slug":"bizuteria-inwestycyjna-kolczyk-kbd3952","status":"publish","type":"product","link":"https:\/\/staviori.com.pl\/cs\/product\/bizuteria-inwestycyjna-kolczyk-kbd3952\/","title":{"rendered":"Exkluzivn\u00ed | kr\u00e1sn\u00e9 diamantov\u00e9 n\u00e1u\u0161nice"},"content":{"rendered":"<p>Model: DDE0513<br \/>\nWaga ok. 2,75g<\/p>\n<p>N\u00e1u\u0161nice.<br \/>\nB\u00edl\u00e9 zlato 0,750.<br \/>\n16 Diament\u00f3w, szlif brylantowy, o masie 1,30ct, barwa G-H, czysto\u015b\u0107 SI1.<br \/>\n8 Diament\u00f3w, szlif princessa, o masie 0,39ct, barwa G-H, czysto\u015b\u0107 SI1.<\/p>\n<p>Pr\u016fm\u011br 10 mm.<br \/>\nGrubo\u015b\u0107 3.4 mm.<\/p>\n<p><strong>Produkt je k dispozici pouze na vy\u017e\u00e1d\u00e1n\u00ed, doba dod\u00e1n\u00ed cca 5 t\u00fddn\u016f.<\/strong><\/p>","protected":false},"excerpt":{"rendered":"<p>Zachwycaj\u0105ce kolczyki z bia\u0142ego z\u0142ota pr\u00f3by 0,750, kt\u00f3re przyci\u0105gaj\u0105 spojrzenia kunsztownym uk\u0142adem brylant\u00f3w. Osiem diament\u00f3w o szlifie princessa tworzy centraln\u0105 kompozycj\u0119, otoczon\u0105 szesnastoma l\u015bni\u0105cymi brylantami, kt\u00f3re nadaj\u0105 ca\u0142o\u015bci wyj\u0105tkowego blasku i g\u0142\u0119bi. Delikatny kszta\u0142t kwiatu i perfekcyjna symetria czyni\u0105 ten model wyj\u0105tkowym dodatkiem na ka\u017cd\u0105 okazj\u0119. To propozycja dla kobiet ceni\u0105cych elegancj\u0119 i najwy\u017csz\u0105 jako\u015b\u0107 jubilerskiego rzemios\u0142a.<\/p>","protected":false},"featured_media":1583,"comment_status":"closed","ping_status":"closed","template":"","meta":{"om_disable_all_campaigns":false},"product_brand":[2284],"product_cat":[1803,199,6858],"product_tag":[2308,2844,2296,2317,2843,1394,2672,2687,2846,2845],"class_list":{"0":"post-13805","1":"product","2":"type-product","3":"status-publish","4":"has-post-thumbnail","6":"product_brand-staviori","7":"product_cat-brylanty-exclusive","8":"product_cat-kolczyki","9":"product_cat-kolczyki-brylanty-exclusive","10":"product_tag-biale-zloto","11":"product_tag-dde0513","12":"product_tag-diamenty","13":"product_tag-elegancka-bizuteria","14":"product_tag-kbd3952","15":"product_tag-kolczyki","16":"product_tag-kolczyki-z-brylantami","17":"product_tag-luksusowe-kolczyki","18":"product_tag-szlif-brylantowy","19":"product_tag-szlif-princessa","20":"pa_barwa-g-h","21":"pa_czystosc-si1","22":"pa_dostawca-draco","23":"pa_grubosc-3-4mm","24":"pa_kamien-brylanty","25":"pa_kamien-diamenty-princessa","26":"pa_kolor-biale","27":"pa_kruszec-zloto","28":"pa_proba-0-750","29":"pa_srednica-10mm","30":"pa_waga-275g","31":"pa_zapiecie-sztyft","33":"first","34":"onbackorder","35":"purchasable","36":"product-type-simple"},"aioseo_notices":[],"_links":{"self":[{"href":"https:\/\/staviori.com.pl\/cs\/wp-json\/wp\/v2\/product\/13805","targetHints":{"allow":["GET"]}}],"collection":[{"href":"https:\/\/staviori.com.pl\/cs\/wp-json\/wp\/v2\/product"}],"about":[{"href":"https:\/\/staviori.com.pl\/cs\/wp-json\/wp\/v2\/types\/product"}],"replies":[{"embeddable":true,"href":"https:\/\/staviori.com.pl\/cs\/wp-json\/wp\/v2\/comments?post=13805"}],"wp:featuredmedia":[{"embeddable":true,"href":"https:\/\/staviori.com.pl\/cs\/wp-json\/wp\/v2\/media\/1583"}],"wp:attachment":[{"href":"https:\/\/staviori.com.pl\/cs\/wp-json\/wp\/v2\/media?parent=13805"}],"wp:term":[{"taxonomy":"product_brand","embeddable":true,"href":"https:\/\/staviori.com.pl\/cs\/wp-json\/wp\/v2\/product_brand?post=13805"},{"taxonomy":"product_cat","embeddable":true,"href":"https:\/\/staviori.com.pl\/cs\/wp-json\/wp\/v2\/product_cat?post=13805"},{"taxonomy":"product_tag","embeddable":true,"href":"https:\/\/staviori.com.pl\/cs\/wp-json\/wp\/v2\/product_tag?post=13805"}],"curies":[{"name":"wp","href":"https:\/\/api.w.org\/{rel}","templated":true}]}}