{"id":13802,"date":"2025-02-24T22:45:21","date_gmt":"2025-02-24T21:45:21","guid":{"rendered":"https:\/\/staviori.com.pl\/product\/kolczyk-z-brylantami-kbd3884\/"},"modified":"2026-02-11T00:08:32","modified_gmt":"2026-02-10T23:08:32","slug":"kolczyk-z-brylantami-kbd3884","status":"publish","type":"product","link":"https:\/\/staviori.com.pl\/cs\/product\/kolczyk-z-brylantami-kbd3884\/","title":{"rendered":"N\u00e1u\u0161nice z b\u00edl\u00e9ho zlata s diamanty - KBD3884"},"content":{"rendered":"<p>Model: KBD3884<br \/>\nWaga ok. 1,45g<\/p>\n<p>N\u00e1u\u0161nice.<br \/>\nB\u00edl\u00e9 zlato 0,585.<br \/>\n6 Diament\u00f3w, szlif brylantowy, o masie 0,03 ct., barwa H, czysto\u015b\u0107 SI2.<\/p>\n<p>D\u00e9lka 16 mm.<\/p>\n<p><strong>Produkt je k dispozici pouze na vy\u017e\u00e1d\u00e1n\u00ed, doba dod\u00e1n\u00ed cca 4 t\u00fddny.<\/strong><\/p>","protected":false},"excerpt":{"rendered":"<p>Subtelne kolczyki z bia\u0142ego z\u0142ota 14K, kt\u00f3re zachwycaj\u0105 lekko\u015bci\u0105 i nowoczesn\u0105 form\u0105. Ich a\u017curowy kszta\u0142t przypominaj\u0105cy delikatne krople lub skrzyd\u0142a motyla dodaje stylizacji wyj\u0105tkowej elegancji. Ca\u0142o\u015b\u0107 dope\u0142niaj\u0105 l\u015bni\u0105ce brylanty, dyskretnie umieszczone u do\u0142u, kt\u00f3re subtelnie odbijaj\u0105 \u015bwiat\u0142o. Idealny wyb\u00f3r dla kobiet ceni\u0105cych minimalistyczn\u0105, ale efektown\u0105 bi\u017cuteri\u0119.<\/p>","protected":false},"featured_media":1569,"comment_status":"closed","ping_status":"closed","template":"","meta":{"om_disable_all_campaigns":false},"product_brand":[2284],"product_cat":[1838,1990,199],"product_tag":[2308,2858,2317,2859,2770,2672,2384],"class_list":{"0":"post-13802","1":"product","2":"type-product","3":"status-publish","4":"has-post-thumbnail","6":"product_brand-staviori","7":"product_cat-diamenty","8":"product_cat-kolczyk-z-brylantami","9":"product_cat-kolczyki","10":"product_tag-biale-zloto","11":"product_tag-delikatne-kolczyki","12":"product_tag-elegancka-bizuteria","13":"product_tag-kbd3884","14":"product_tag-kolczyki-wiszace","15":"product_tag-kolczyki-z-brylantami","16":"product_tag-minimalistyczna-bizuteria","17":"pa_barwa-h","18":"pa_czystosc-si2","19":"pa_dlugosc-16mm","20":"pa_dostawca-estrella","21":"pa_kamien-diament","22":"pa_kolor-biale","23":"pa_kruszec-zloto","24":"pa_proba-0-585","25":"pa_waga-145g","26":"pa_zapiecie-sztyft","28":"first","29":"onbackorder","30":"purchasable","31":"product-type-simple"},"aioseo_notices":[],"_links":{"self":[{"href":"https:\/\/staviori.com.pl\/cs\/wp-json\/wp\/v2\/product\/13802","targetHints":{"allow":["GET"]}}],"collection":[{"href":"https:\/\/staviori.com.pl\/cs\/wp-json\/wp\/v2\/product"}],"about":[{"href":"https:\/\/staviori.com.pl\/cs\/wp-json\/wp\/v2\/types\/product"}],"replies":[{"embeddable":true,"href":"https:\/\/staviori.com.pl\/cs\/wp-json\/wp\/v2\/comments?post=13802"}],"wp:featuredmedia":[{"embeddable":true,"href":"https:\/\/staviori.com.pl\/cs\/wp-json\/wp\/v2\/media\/1569"}],"wp:attachment":[{"href":"https:\/\/staviori.com.pl\/cs\/wp-json\/wp\/v2\/media?parent=13802"}],"wp:term":[{"taxonomy":"product_brand","embeddable":true,"href":"https:\/\/staviori.com.pl\/cs\/wp-json\/wp\/v2\/product_brand?post=13802"},{"taxonomy":"product_cat","embeddable":true,"href":"https:\/\/staviori.com.pl\/cs\/wp-json\/wp\/v2\/product_cat?post=13802"},{"taxonomy":"product_tag","embeddable":true,"href":"https:\/\/staviori.com.pl\/cs\/wp-json\/wp\/v2\/product_tag?post=13802"}],"curies":[{"name":"wp","href":"https:\/\/api.w.org\/{rel}","templated":true}]}}