{"id":13789,"date":"2025-02-24T22:45:17","date_gmt":"2025-02-24T21:45:17","guid":{"rendered":"https:\/\/staviori.com.pl\/product\/kolczyk-z-brylantami-kbd3836\/"},"modified":"2026-02-11T00:08:32","modified_gmt":"2026-02-10T23:08:32","slug":"kolczyk-z-brylantami-kbd3836","status":"publish","type":"product","link":"https:\/\/staviori.com.pl\/cs\/product\/kolczyk-z-brylantami-kbd3836\/","title":{"rendered":"N\u00e1u\u0161nice se saf\u00edry a diamanty - KBD2950S"},"content":{"rendered":"<p>Model: KBD2950S<br \/>\nWaga ok. 1,05g<\/p>\n<p>N\u00e1u\u0161nice.<br \/>\nB\u00edl\u00e9 zlato 0,585.<br \/>\n14 diamant\u016f, briliantov\u00fd brus, hmotnost 0,06ct, barva H, \u010distota SI2.<br \/>\n2 Szafiry, o masie 0,50 ct.<\/p>\n<p>\u015arednica 4.8 mm.<\/p>\n<p><strong>Produkt je k dispozici pouze na vy\u017e\u00e1d\u00e1n\u00ed, doba dod\u00e1n\u00ed cca 4 t\u00fddny.<\/strong><\/p>","protected":false},"excerpt":{"rendered":"<p>Subtelne, a zarazem zachwycaj\u0105ce kolczyki z bia\u0142ego z\u0142ota, kt\u00f3re emanuj\u0105 szlachetnym blaskiem. Centralnym punktem ka\u017cdego z nich jest ol\u015bniewaj\u0105cy szafir o g\u0142\u0119bokiej, niebieskiej barwie, otoczony delikatnym halo z diament\u00f3w w szlifie brylantowym. Kompozycja ta tworzy zjawiskowy efekt \u015bwietlny, kt\u00f3ry dodaje elegancji i klasy ka\u017cdej stylizacji. To bi\u017cuteria, kt\u00f3ra \u0142\u0105czy w sobie klasyk\u0119 i ponadczasow\u0105 urod\u0119 szlachetnych kamieni.<\/p>","protected":false},"featured_media":17349,"comment_status":"closed","ping_status":"closed","template":"","meta":{"om_disable_all_campaigns":false},"product_brand":[2284],"product_cat":[1838,1990,199],"product_tag":[2308,2317,2809,2805,2667,2791,2280,2810],"class_list":{"0":"post-13789","1":"product","2":"type-product","3":"status-publish","4":"has-post-thumbnail","6":"product_brand-staviori","7":"product_cat-diamenty","8":"product_cat-kolczyk-z-brylantami","9":"product_cat-kolczyki","10":"product_tag-biale-zloto","11":"product_tag-elegancka-bizuteria","12":"product_tag-kbd2950s","13":"product_tag-kolczyki-halo","14":"product_tag-kolczyki-z-diamentami","15":"product_tag-kolczyki-z-szafirem","16":"product_tag-luksusowa-bizuteria","17":"product_tag-szafir-i-diament","18":"pa_barwa-h","19":"pa_czystosc-si2","20":"pa_dostawca-estrella","21":"pa_kamien-diamenty","22":"pa_kamien-szafiry","23":"pa_kolor-biale","24":"pa_kruszec-zloto","25":"pa_proba-0-585","26":"pa_srednica-4-8mm","27":"pa_waga-105g","28":"pa_zapiecie-sztyft","30":"first","31":"onbackorder","32":"purchasable","33":"product-type-simple"},"aioseo_notices":[],"_links":{"self":[{"href":"https:\/\/staviori.com.pl\/cs\/wp-json\/wp\/v2\/product\/13789","targetHints":{"allow":["GET"]}}],"collection":[{"href":"https:\/\/staviori.com.pl\/cs\/wp-json\/wp\/v2\/product"}],"about":[{"href":"https:\/\/staviori.com.pl\/cs\/wp-json\/wp\/v2\/types\/product"}],"replies":[{"embeddable":true,"href":"https:\/\/staviori.com.pl\/cs\/wp-json\/wp\/v2\/comments?post=13789"}],"wp:featuredmedia":[{"embeddable":true,"href":"https:\/\/staviori.com.pl\/cs\/wp-json\/wp\/v2\/media\/17349"}],"wp:attachment":[{"href":"https:\/\/staviori.com.pl\/cs\/wp-json\/wp\/v2\/media?parent=13789"}],"wp:term":[{"taxonomy":"product_brand","embeddable":true,"href":"https:\/\/staviori.com.pl\/cs\/wp-json\/wp\/v2\/product_brand?post=13789"},{"taxonomy":"product_cat","embeddable":true,"href":"https:\/\/staviori.com.pl\/cs\/wp-json\/wp\/v2\/product_cat?post=13789"},{"taxonomy":"product_tag","embeddable":true,"href":"https:\/\/staviori.com.pl\/cs\/wp-json\/wp\/v2\/product_tag?post=13789"}],"curies":[{"name":"wp","href":"https:\/\/api.w.org\/{rel}","templated":true}]}}