{"id":13788,"date":"2025-02-24T22:45:17","date_gmt":"2025-02-24T21:45:17","guid":{"rendered":"https:\/\/staviori.com.pl\/product\/kolczyk-z-brylantami-kbd3835\/"},"modified":"2026-02-11T00:08:32","modified_gmt":"2026-02-10T23:08:32","slug":"kolczyk-z-brylantami-kbd3835","status":"publish","type":"product","link":"https:\/\/staviori.com.pl\/cs\/product\/kolczyk-z-brylantami-kbd3835\/","title":{"rendered":"N\u00e1u\u0161nice z b\u00edl\u00e9ho zlata s rub\u00edny a diamanty - KBD2950R"},"content":{"rendered":"<p>Model: KBD2950R<br \/>\nWaga ok. 1,05g<\/p>\n<p>N\u00e1u\u0161nice.<br \/>\nB\u00edl\u00e9 zlato 0,585.<br \/>\n14 diamant\u016f, briliantov\u00fd brus, hmotnost 0,06ct, barva H, \u010distota SI2.<br \/>\n2 Rubiny, o masie 0,48ct.<\/p>\n<p>\u015arednica 4.8 mm.<\/p>\n<p><strong>Produkt je k dispozici pouze na vy\u017e\u00e1d\u00e1n\u00ed, doba dod\u00e1n\u00ed cca 4 t\u00fddny.<\/strong><\/p>","protected":false},"excerpt":{"rendered":"<p>Zjawiskowe kolczyki z bia\u0142ego z\u0142ota ozdobione intensywnie czerwonymi rubinami, otoczonymi delikatnym blaskiem brylant\u00f3w. Ich kompaktowy, okr\u0105g\u0142y kszta\u0142t oraz kontrastuj\u0105ce barwy sprawiaj\u0105, \u017ce s\u0105 subtelne, a jednocze\u015bnie niezwykle wyraziste. To doskona\u0142y wyb\u00f3r dla kobiet, kt\u00f3re ceni\u0105 klasyczn\u0105 elegancj\u0119 z nut\u0105 zmys\u0142owo\u015bci.<\/p>","protected":false},"featured_media":1523,"comment_status":"closed","ping_status":"closed","template":"","meta":{"om_disable_all_campaigns":false},"product_brand":[2284],"product_cat":[1838,1990,199],"product_tag":[2300,2696,2317,2811,2807,2603,2805,2808,2672],"class_list":{"0":"post-13788","1":"product","2":"type-product","3":"status-publish","4":"has-post-thumbnail","6":"product_brand-staviori","7":"product_cat-diamenty","8":"product_cat-kolczyk-z-brylantami","9":"product_cat-kolczyki","10":"product_tag-biale-zloto-14k","11":"product_tag-czerwone-kamienie","12":"product_tag-elegancka-bizuteria","13":"product_tag-kbd2950r","14":"product_tag-kbd3835","15":"product_tag-klasyczna-bizuteria","16":"product_tag-kolczyki-halo","17":"product_tag-kolczyki-rubin","18":"product_tag-kolczyki-z-brylantami","19":"pa_barwa-h","20":"pa_czystosc-si2","21":"pa_dostawca-estrella","22":"pa_kamien-diamenty","23":"pa_kamien-rubiny","24":"pa_kolor-biale","25":"pa_kruszec-zloto","26":"pa_proba-0-585","27":"pa_srednica-4-8mm","28":"pa_waga-105g","29":"pa_zapiecie-sztyft","31":"first","32":"onbackorder","33":"purchasable","34":"product-type-simple"},"aioseo_notices":[],"_links":{"self":[{"href":"https:\/\/staviori.com.pl\/cs\/wp-json\/wp\/v2\/product\/13788","targetHints":{"allow":["GET"]}}],"collection":[{"href":"https:\/\/staviori.com.pl\/cs\/wp-json\/wp\/v2\/product"}],"about":[{"href":"https:\/\/staviori.com.pl\/cs\/wp-json\/wp\/v2\/types\/product"}],"replies":[{"embeddable":true,"href":"https:\/\/staviori.com.pl\/cs\/wp-json\/wp\/v2\/comments?post=13788"}],"wp:featuredmedia":[{"embeddable":true,"href":"https:\/\/staviori.com.pl\/cs\/wp-json\/wp\/v2\/media\/1523"}],"wp:attachment":[{"href":"https:\/\/staviori.com.pl\/cs\/wp-json\/wp\/v2\/media?parent=13788"}],"wp:term":[{"taxonomy":"product_brand","embeddable":true,"href":"https:\/\/staviori.com.pl\/cs\/wp-json\/wp\/v2\/product_brand?post=13788"},{"taxonomy":"product_cat","embeddable":true,"href":"https:\/\/staviori.com.pl\/cs\/wp-json\/wp\/v2\/product_cat?post=13788"},{"taxonomy":"product_tag","embeddable":true,"href":"https:\/\/staviori.com.pl\/cs\/wp-json\/wp\/v2\/product_tag?post=13788"}],"curies":[{"name":"wp","href":"https:\/\/api.w.org\/{rel}","templated":true}]}}