{"id":13787,"date":"2025-02-24T22:45:17","date_gmt":"2025-02-24T21:45:17","guid":{"rendered":"https:\/\/staviori.com.pl\/product\/kolczyk-z-brylantami-kbd3834\/"},"modified":"2026-02-11T00:08:32","modified_gmt":"2026-02-10T23:08:32","slug":"kolczyk-z-brylantami-kbd3834","status":"publish","type":"product","link":"https:\/\/staviori.com.pl\/cs\/product\/kolczyk-z-brylantami-kbd3834\/","title":{"rendered":"N\u00e1u\u0161nice z b\u00edl\u00e9ho zlata se smaragdy a diamanty - KBD2950E"},"content":{"rendered":"<p>Model: KBD2950E<br \/>\nWaga ok. 1,05g<\/p>\n<p>N\u00e1u\u0161nice.<br \/>\nB\u00edl\u00e9 zlato 0,585.<\/p>\n<p>14 diamant\u016f, briliantov\u00fd brus, hmotnost 0,06ct, barva H, \u010distota SI2.<br \/>\n2 Szmaragdy, o masie 0,25ct.<\/p>\n<p>\u015arednica 4.8 mm.<\/p>\n<p><strong>Produkt je k dispozici pouze na vy\u017e\u00e1d\u00e1n\u00ed, doba dod\u00e1n\u00ed cca 4 t\u00fddny.<\/strong><\/p>","protected":false},"excerpt":{"rendered":"<p>Delikatne kolczyki z bia\u0142ego z\u0142ota z centralnie osadzonymi szmaragdami, otoczonymi subtelnym blaskiem brylant\u00f3w. Zielona g\u0142\u0119bia szlachetnych kamieni pi\u0119knie kontrastuje z ch\u0142odnym po\u0142yskiem diament\u00f3w, tworz\u0105c harmonijn\u0105 kompozycj\u0119 pe\u0142n\u0105 elegancji. Idealne do codziennych stylizacji, jak i na wyj\u0105tkowe okazje \u2013 dla kobiet ceni\u0105cych klas\u0119 i finezj\u0119.<\/p>","protected":false},"featured_media":1517,"comment_status":"closed","ping_status":"closed","template":"","meta":{"om_disable_all_campaigns":false},"product_brand":[2284],"product_cat":[1838,1990,199],"product_tag":[2300,2317,2812,2803,2603,2805,2804,2672,2693],"class_list":{"0":"post-13787","1":"product","2":"type-product","3":"status-publish","4":"has-post-thumbnail","6":"product_brand-staviori","7":"product_cat-diamenty","8":"product_cat-kolczyk-z-brylantami","9":"product_cat-kolczyki","10":"product_tag-biale-zloto-14k","11":"product_tag-elegancka-bizuteria","12":"product_tag-kbd2950e","13":"product_tag-kbd3834","14":"product_tag-klasyczna-bizuteria","15":"product_tag-kolczyki-halo","16":"product_tag-kolczyki-szmaragd","17":"product_tag-kolczyki-z-brylantami","18":"product_tag-zielone-kamienie","19":"pa_barwa-h","20":"pa_czystosc-si2","21":"pa_dostawca-estrella","22":"pa_kamien-diamenty","23":"pa_kamien-brylanty","24":"pa_kamien-szmaragdy","25":"pa_kolor-biale","26":"pa_kruszec-zloto","27":"pa_proba-0-585","28":"pa_srednica-4-8mm","29":"pa_waga-105g","30":"pa_zapiecie-sztyft","32":"first","33":"onbackorder","34":"purchasable","35":"product-type-simple"},"aioseo_notices":[],"_links":{"self":[{"href":"https:\/\/staviori.com.pl\/cs\/wp-json\/wp\/v2\/product\/13787","targetHints":{"allow":["GET"]}}],"collection":[{"href":"https:\/\/staviori.com.pl\/cs\/wp-json\/wp\/v2\/product"}],"about":[{"href":"https:\/\/staviori.com.pl\/cs\/wp-json\/wp\/v2\/types\/product"}],"replies":[{"embeddable":true,"href":"https:\/\/staviori.com.pl\/cs\/wp-json\/wp\/v2\/comments?post=13787"}],"wp:featuredmedia":[{"embeddable":true,"href":"https:\/\/staviori.com.pl\/cs\/wp-json\/wp\/v2\/media\/1517"}],"wp:attachment":[{"href":"https:\/\/staviori.com.pl\/cs\/wp-json\/wp\/v2\/media?parent=13787"}],"wp:term":[{"taxonomy":"product_brand","embeddable":true,"href":"https:\/\/staviori.com.pl\/cs\/wp-json\/wp\/v2\/product_brand?post=13787"},{"taxonomy":"product_cat","embeddable":true,"href":"https:\/\/staviori.com.pl\/cs\/wp-json\/wp\/v2\/product_cat?post=13787"},{"taxonomy":"product_tag","embeddable":true,"href":"https:\/\/staviori.com.pl\/cs\/wp-json\/wp\/v2\/product_tag?post=13787"}],"curies":[{"name":"wp","href":"https:\/\/api.w.org\/{rel}","templated":true}]}}