{"id":13785,"date":"2025-02-24T22:45:17","date_gmt":"2025-02-24T21:45:17","guid":{"rendered":"https:\/\/staviori.com.pl\/product\/kolczyk-z-brylantami-kbd3832\/"},"modified":"2026-02-11T00:08:32","modified_gmt":"2026-02-10T23:08:32","slug":"kolczyk-z-brylantami-kbd3832","status":"publish","type":"product","link":"https:\/\/staviori.com.pl\/cs\/product\/kolczyk-z-brylantami-kbd3832\/","title":{"rendered":"N\u00e1u\u0161nice s rub\u00edny a diamanty - KBD3830R"},"content":{"rendered":"<p>Model: KBD3830R<br \/>\nHmotnost p\u0159ibli\u017en\u011b 2,65 g<\/p>\n<p>N\u00e1u\u0161nice.<br \/>\nB\u00edl\u00e9 zlato 0,585.<br \/>\n42 Diamenty, szlif brylantowy, o masie 0,17ct, barwa H, czysto\u015b\u0107 SI2.<br \/>\n2 Rubiny, o masie 1,15ct.<\/p>\n<p>\u015arednica 7.5 mm.<br \/>\n<strong><br \/>\nProdukt je k dispozici pouze na vy\u017e\u00e1d\u00e1n\u00ed, doba dod\u00e1n\u00ed cca 4 t\u00fddny.<\/strong><\/p>","protected":false},"excerpt":{"rendered":"<p>Ol\u015bniewaj\u0105ce kolczyki z bia\u0142ego z\u0142ota, kt\u00f3rych sercem s\u0105 g\u0142\u0119boko czerwone rubiny \u2013 symbole pasji, mi\u0142o\u015bci i odwagi. Kamienie otoczone zosta\u0142y subtelnym okr\u0119giem z 42 l\u015bni\u0105cych diament\u00f3w w szlifie brylantowym, co nadaje kompozycji niepowtarzalnego blasku i elegancji. To idealna propozycja dla kobiet ceni\u0105cych luksus i klasyczne pi\u0119kno w nowoczesnym wydaniu. Doskona\u0142e zar\u00f3wno jako prezent, jak i element wyj\u0105tkowej stylizacji.<\/p>","protected":false},"featured_media":1504,"comment_status":"closed","ping_status":"closed","template":"","meta":{"om_disable_all_campaigns":false},"product_brand":[2284],"product_cat":[1838,1990,199],"product_tag":[2817,2816],"class_list":{"0":"post-13785","1":"product","2":"type-product","3":"status-publish","4":"has-post-thumbnail","6":"product_brand-staviori","7":"product_cat-diamenty","8":"product_cat-kolczyk-z-brylantami","9":"product_cat-kolczyki","10":"product_tag-kbd3830r","11":"product_tag-kbd3832","12":"pa_barwa-h","13":"pa_czystosc-si2","14":"pa_dostawca-estrella","15":"pa_kamien-diamenty","16":"pa_kamien-rubiny","17":"pa_kolor-biale","18":"pa_kruszec-zloto","19":"pa_proba-0-585","20":"pa_srednica-7-5mm","21":"pa_waga-265g","22":"pa_zapiecie-sztyft","24":"first","25":"onbackorder","26":"purchasable","27":"product-type-simple"},"aioseo_notices":[],"_links":{"self":[{"href":"https:\/\/staviori.com.pl\/cs\/wp-json\/wp\/v2\/product\/13785","targetHints":{"allow":["GET"]}}],"collection":[{"href":"https:\/\/staviori.com.pl\/cs\/wp-json\/wp\/v2\/product"}],"about":[{"href":"https:\/\/staviori.com.pl\/cs\/wp-json\/wp\/v2\/types\/product"}],"replies":[{"embeddable":true,"href":"https:\/\/staviori.com.pl\/cs\/wp-json\/wp\/v2\/comments?post=13785"}],"wp:featuredmedia":[{"embeddable":true,"href":"https:\/\/staviori.com.pl\/cs\/wp-json\/wp\/v2\/media\/1504"}],"wp:attachment":[{"href":"https:\/\/staviori.com.pl\/cs\/wp-json\/wp\/v2\/media?parent=13785"}],"wp:term":[{"taxonomy":"product_brand","embeddable":true,"href":"https:\/\/staviori.com.pl\/cs\/wp-json\/wp\/v2\/product_brand?post=13785"},{"taxonomy":"product_cat","embeddable":true,"href":"https:\/\/staviori.com.pl\/cs\/wp-json\/wp\/v2\/product_cat?post=13785"},{"taxonomy":"product_tag","embeddable":true,"href":"https:\/\/staviori.com.pl\/cs\/wp-json\/wp\/v2\/product_tag?post=13785"}],"curies":[{"name":"wp","href":"https:\/\/api.w.org\/{rel}","templated":true}]}}