{"id":13784,"date":"2025-02-24T22:45:17","date_gmt":"2025-02-24T21:45:17","guid":{"rendered":"https:\/\/staviori.com.pl\/product\/kolczyk-z-brylantami-kbd3831\/"},"modified":"2026-02-11T00:08:32","modified_gmt":"2026-02-10T23:08:32","slug":"kolczyk-z-brylantami-kbd3831","status":"publish","type":"product","link":"https:\/\/staviori.com.pl\/cs\/product\/kolczyk-z-brylantami-kbd3831\/","title":{"rendered":"N\u00e1u\u0161nice z b\u00edl\u00e9ho zlata se smaragdy - KBD3830E"},"content":{"rendered":"<p>Model: KBD3831<br \/>\nHmotnost p\u0159ibli\u017en\u011b 2,65 g<\/p>\n<p>N\u00e1u\u0161nice.<br \/>\nB\u00edl\u00e9 zlato 0,585.<br \/>\n42 Diamenty, szlif brylantowy, o masie 0,17 ct., barwa H, czysto\u015b\u0107 SI2.<br \/>\n2 Szmaragdy, o masie 1,05 ct.<\/p>\n<p>\u015arednica 7.5 mm.<\/p>\n<p><strong>Produkt je k dispozici pouze na vy\u017e\u00e1d\u00e1n\u00ed, doba dod\u00e1n\u00ed cca 4 t\u00fddny.<\/strong><\/p>","protected":false},"excerpt":{"rendered":"<p>Zjawiskowe kolczyki z bia\u0142ego z\u0142ota, kt\u00f3rych centrum zdobi\u0105 intensywnie zielone szmaragdy o wyj\u0105tkowej przejrzysto\u015bci i g\u0142\u0119bi koloru. Kamienie zosta\u0142y otulone misternym halo z 42 drobnych diament\u00f3w, kt\u00f3re podkre\u015blaj\u0105 ich naturalny blask i szlachetny charakter. Te eleganckie kolczyki stanowi\u0105 doskona\u0142e po\u0142\u0105czenie luksusu, klasyki i subtelnego szyku \u2013 idealne zar\u00f3wno na wyj\u0105tkowe okazje, jak i jako bi\u017cuteria codzienna dla kobiet ceni\u0105cych wyrafinowan\u0105 estetyk\u0119.<\/p>","protected":false},"featured_media":1502,"comment_status":"closed","ping_status":"closed","template":"","meta":{"om_disable_all_campaigns":false},"product_brand":[2284],"product_cat":[1838,1990,199],"product_tag":[2308,2660,2813,2805,2667,2814,2280,2815],"class_list":{"0":"post-13784","1":"product","2":"type-product","3":"status-publish","4":"has-post-thumbnail","6":"product_brand-staviori","7":"product_cat-diamenty","8":"product_cat-kolczyk-z-brylantami","9":"product_cat-kolczyki","10":"product_tag-biale-zloto","11":"product_tag-eleganckie-kolczyki","12":"product_tag-kbd3830e","13":"product_tag-kolczyki-halo","14":"product_tag-kolczyki-z-diamentami","15":"product_tag-kolczyki-ze-szmaragdem","16":"product_tag-luksusowa-bizuteria","17":"product_tag-szmaragdowa-bizuteria","18":"pa_barwa-h","19":"pa_czystosc-si2","20":"pa_dostawca-estrella","21":"pa_kamien-diamenty","22":"pa_kamien-szmaragdy","23":"pa_kolor-biale","24":"pa_kruszec-zloto","25":"pa_proba-0-585","26":"pa_srednica-7-5mm","27":"pa_waga-265g","28":"pa_zapiecie-sztyft","30":"first","31":"onbackorder","32":"purchasable","33":"product-type-simple"},"aioseo_notices":[],"_links":{"self":[{"href":"https:\/\/staviori.com.pl\/cs\/wp-json\/wp\/v2\/product\/13784","targetHints":{"allow":["GET"]}}],"collection":[{"href":"https:\/\/staviori.com.pl\/cs\/wp-json\/wp\/v2\/product"}],"about":[{"href":"https:\/\/staviori.com.pl\/cs\/wp-json\/wp\/v2\/types\/product"}],"replies":[{"embeddable":true,"href":"https:\/\/staviori.com.pl\/cs\/wp-json\/wp\/v2\/comments?post=13784"}],"wp:featuredmedia":[{"embeddable":true,"href":"https:\/\/staviori.com.pl\/cs\/wp-json\/wp\/v2\/media\/1502"}],"wp:attachment":[{"href":"https:\/\/staviori.com.pl\/cs\/wp-json\/wp\/v2\/media?parent=13784"}],"wp:term":[{"taxonomy":"product_brand","embeddable":true,"href":"https:\/\/staviori.com.pl\/cs\/wp-json\/wp\/v2\/product_brand?post=13784"},{"taxonomy":"product_cat","embeddable":true,"href":"https:\/\/staviori.com.pl\/cs\/wp-json\/wp\/v2\/product_cat?post=13784"},{"taxonomy":"product_tag","embeddable":true,"href":"https:\/\/staviori.com.pl\/cs\/wp-json\/wp\/v2\/product_tag?post=13784"}],"curies":[{"name":"wp","href":"https:\/\/api.w.org\/{rel}","templated":true}]}}