{"id":13783,"date":"2025-02-24T22:45:17","date_gmt":"2025-02-24T21:45:17","guid":{"rendered":"https:\/\/staviori.com.pl\/product\/kolczyk-z-brylantami-kbd3830\/"},"modified":"2026-02-11T00:09:40","modified_gmt":"2026-02-10T23:09:40","slug":"kolczyk-z-brylantami-kbd3830","status":"publish","type":"product","link":"https:\/\/staviori.com.pl\/cs\/product\/kolczyk-z-brylantami-kbd3830\/","title":{"rendered":"Personalizovan\u00e9 n\u00e1u\u0161nice s diamanty a kamenem dle vlastn\u00edho v\u00fdb\u011bru - KBD3831"},"content":{"rendered":"<p>Model: KBD3831<br \/>\nHmotnost p\u0159ibli\u017en\u011b 2,65 g<\/p>\n<p>N\u00e1u\u0161nice.<br \/>\nB\u00edl\u00e9 zlato 0,585.<br \/>\n36 Diament\u00f3w, szlif brylantowy, o masie 0,21ct. barwa H, czysto\u015b\u0107 SI2.<br \/>\n2 Szafiry\/Rubiny\/Szmaragdy  ( do wyboru ) , o masie oko\u0142o 1ct.<\/p>\n<p>\u015arednica 6.5 mm.<\/p>\n<p><strong>Mo\u017cliwo\u015b\u0107 wyboru koloru z\u0142ota oraz kamienia centralnego.<\/strong><br \/>\n<strong>Produkt je k dispozici pouze na vy\u017e\u00e1d\u00e1n\u00ed, doba dod\u00e1n\u00ed cca 5 t\u00fddn\u016f.<\/strong><\/p>","protected":false},"excerpt":{"rendered":"<p>Eleganckie kolczyki z bia\u0142ego z\u0142ota, kt\u00f3re mo\u017cna spersonalizowa\u0107 wed\u0142ug w\u0142asnych preferencji \u2013 wybieraj\u0105c zar\u00f3wno kamie\u0144 centralny (szafir, rubin lub szmaragd), jak i kolor z\u0142ota. Ka\u017cdy z wyrazistych kamieni szlachetnych otoczony jest l\u015bni\u0105cym halo z 36 brylant\u00f3w, kt\u00f3re dodaj\u0105 kompozycji niezwyk\u0142ego blasku i finezji. To ponadczasowa bi\u017cuteria idealna na wyj\u0105tkowe okazje, jak i na prezent dla kogo\u015b naprawd\u0119 wyj\u0105tkowego.<\/p>","protected":false},"featured_media":1500,"comment_status":"closed","ping_status":"closed","template":"","meta":{"om_disable_all_campaigns":false},"product_brand":[2284],"product_cat":[1838,1990,199],"product_tag":[2308,2819,2805,2820,2667,2821,2791,2814,2280],"class_list":{"0":"post-13783","1":"product","2":"type-product","3":"status-publish","4":"has-post-thumbnail","6":"product_brand-staviori","7":"product_cat-diamenty","8":"product_cat-kolczyk-z-brylantami","9":"product_cat-kolczyki","10":"product_tag-biale-zloto","11":"product_tag-kbd3831","12":"product_tag-kolczyki-halo","13":"product_tag-kolczyki-personalizowane","14":"product_tag-kolczyki-z-diamentami","15":"product_tag-kolczyki-z-rubinem","16":"product_tag-kolczyki-z-szafirem","17":"product_tag-kolczyki-ze-szmaragdem","18":"product_tag-luksusowa-bizuteria","19":"pa_barwa-h","20":"pa_czystosc-si2","21":"pa_dostawca-estrella","22":"pa_kamien-rubiny","23":"pa_kamien-szafiry","24":"pa_kamien-szmaragdy","25":"pa_kolor-biale","26":"pa_kolor-rozowe","27":"pa_kolor-zolte","28":"pa_kruszec-zloto","29":"pa_proba-0-585","30":"pa_srednica-6-5mm","31":"pa_waga-265g","32":"pa_zapiecie-sztyft","34":"first","35":"onbackorder","36":"purchasable","37":"product-type-variable"},"aioseo_notices":[],"_links":{"self":[{"href":"https:\/\/staviori.com.pl\/cs\/wp-json\/wp\/v2\/product\/13783","targetHints":{"allow":["GET"]}}],"collection":[{"href":"https:\/\/staviori.com.pl\/cs\/wp-json\/wp\/v2\/product"}],"about":[{"href":"https:\/\/staviori.com.pl\/cs\/wp-json\/wp\/v2\/types\/product"}],"replies":[{"embeddable":true,"href":"https:\/\/staviori.com.pl\/cs\/wp-json\/wp\/v2\/comments?post=13783"}],"wp:featuredmedia":[{"embeddable":true,"href":"https:\/\/staviori.com.pl\/cs\/wp-json\/wp\/v2\/media\/1500"}],"wp:attachment":[{"href":"https:\/\/staviori.com.pl\/cs\/wp-json\/wp\/v2\/media?parent=13783"}],"wp:term":[{"taxonomy":"product_brand","embeddable":true,"href":"https:\/\/staviori.com.pl\/cs\/wp-json\/wp\/v2\/product_brand?post=13783"},{"taxonomy":"product_cat","embeddable":true,"href":"https:\/\/staviori.com.pl\/cs\/wp-json\/wp\/v2\/product_cat?post=13783"},{"taxonomy":"product_tag","embeddable":true,"href":"https:\/\/staviori.com.pl\/cs\/wp-json\/wp\/v2\/product_tag?post=13783"}],"curies":[{"name":"wp","href":"https:\/\/api.w.org\/{rel}","templated":true}]}}