{"id":13779,"date":"2025-02-24T22:45:17","date_gmt":"2025-02-24T21:45:17","guid":{"rendered":"https:\/\/staviori.com.pl\/product\/bizuteria-inwestycyjna-kolczyk-kbd3516\/"},"modified":"2026-02-11T00:09:40","modified_gmt":"2026-02-10T23:09:40","slug":"bizuteria-inwestycyjna-kolczyk-kbd3516","status":"publish","type":"product","link":"https:\/\/staviori.com.pl\/cs\/product\/bizuteria-inwestycyjna-kolczyk-kbd3516\/","title":{"rendered":"Exkluzivn\u00ed | n\u00e1u\u0161nice lebky s \u010dern\u00fdmi nebo b\u00edl\u00fdmi diamanty"},"content":{"rendered":"<p>Model: DDE1335<br \/>\nHmotnost p\u0159ibli\u017en\u011b 4,70 g<\/p>\n<p>N\u00e1u\u0161nice.<br \/>\nB\u00edl\u00e9, \u010dern\u00e9*, \u017elut\u00e9 nebo r\u016f\u017eov\u00e9 zlato 0,750 ( 18 kar\u00e1t\u016f ).<br \/>\n4 diamanty (\u010dern\u00e9 nebo b\u00edl\u00e9), briliantov\u00fd brus, o hmotnosti p\u0159ibli\u017en\u011b 0,54ct.<\/p>\n<p><strong>Produkt je k dispozici pouze na vy\u017e\u00e1d\u00e1n\u00ed, doba dod\u00e1n\u00ed cca 5 t\u00fddn\u016f.<\/strong><br \/>\n<strong>Zlato a barva diamantu dle va\u0161eho v\u00fdb\u011bru<\/strong><\/p>\n<p><em>* \u010cern\u00e9 zlato je b\u00edl\u00e9 zlato o ryzosti 0,750 pokoven\u00e9 \u010dern\u00fdm rhodiem.<\/em><\/p>","protected":false},"excerpt":{"rendered":"<p>V\u00fdrazn\u00e9 n\u00e1u\u0161nice ve tvaru lebky vyroben\u00e9 z nejkvalitn\u011bj\u0161\u00edho 18kar\u00e1tov\u00e9ho b\u00edl\u00e9ho zlata. Zdob\u00ed je \u010dty\u0159i \u010dern\u00e9 diamanty s celkovou hmotnost\u00ed 0,54 ct a zaujmou odv\u00e1\u017en\u00fdm a origin\u00e1ln\u00edm designem. Jedn\u00e1 se o \u0161perky pro lidi, kte\u0159\u00ed r\u00e1di stylov\u011b vynikaj\u00ed a hledaj\u00ed dopl\u0148ky s charakterem. Skv\u011ble se hod\u00ed k rockov\u00e9mu stylingu nebo jako origin\u00e1ln\u00ed dopln\u011bk elegantn\u00edho vzhledu.<\/p>","protected":false},"featured_media":17419,"comment_status":"closed","ping_status":"closed","template":"","meta":{"om_disable_all_campaigns":false},"product_brand":[2284],"product_cat":[1803,6858,199],"product_tag":[2319,2830,2829,2832,2755,2681,2708,2833,2487],"class_list":{"0":"post-13779","1":"product","2":"type-product","3":"status-publish","4":"has-post-thumbnail","6":"product_brand-staviori","7":"product_cat-brylanty-exclusive","8":"product_cat-kolczyki-brylanty-exclusive","9":"product_cat-kolczyki","10":"product_tag-czarne-diamenty","11":"product_tag-dde1335b","12":"product_tag-kbd3516","13":"product_tag-kolczyki-czaszki","14":"product_tag-kolczyki-na-zamowienie","15":"product_tag-kolczyki-z-bialego-zlota","16":"product_tag-kolczyki-zlote","17":"product_tag-rockowa-bizuteria","18":"product_tag-unisex","19":"pa_dostawca-draco","20":"pa_kamien-biale-diamenty","21":"pa_kamien-czarne-diamenty","22":"pa_kolor-biale","23":"pa_kolor-czarne","24":"pa_kolor-rozowe","25":"pa_kolor-zolte","26":"pa_kruszec-zloto","27":"pa_proba-0-750","28":"pa_waga-470g","29":"pa_zapiecie-sztyft","31":"first","32":"onbackorder","33":"purchasable","34":"product-type-variable"},"aioseo_notices":[],"_links":{"self":[{"href":"https:\/\/staviori.com.pl\/cs\/wp-json\/wp\/v2\/product\/13779","targetHints":{"allow":["GET"]}}],"collection":[{"href":"https:\/\/staviori.com.pl\/cs\/wp-json\/wp\/v2\/product"}],"about":[{"href":"https:\/\/staviori.com.pl\/cs\/wp-json\/wp\/v2\/types\/product"}],"replies":[{"embeddable":true,"href":"https:\/\/staviori.com.pl\/cs\/wp-json\/wp\/v2\/comments?post=13779"}],"wp:featuredmedia":[{"embeddable":true,"href":"https:\/\/staviori.com.pl\/cs\/wp-json\/wp\/v2\/media\/17419"}],"wp:attachment":[{"href":"https:\/\/staviori.com.pl\/cs\/wp-json\/wp\/v2\/media?parent=13779"}],"wp:term":[{"taxonomy":"product_brand","embeddable":true,"href":"https:\/\/staviori.com.pl\/cs\/wp-json\/wp\/v2\/product_brand?post=13779"},{"taxonomy":"product_cat","embeddable":true,"href":"https:\/\/staviori.com.pl\/cs\/wp-json\/wp\/v2\/product_cat?post=13779"},{"taxonomy":"product_tag","embeddable":true,"href":"https:\/\/staviori.com.pl\/cs\/wp-json\/wp\/v2\/product_tag?post=13779"}],"curies":[{"name":"wp","href":"https:\/\/api.w.org\/{rel}","templated":true}]}}