{"id":13776,"date":"2025-02-24T22:45:17","date_gmt":"2025-02-24T21:45:17","guid":{"rendered":"https:\/\/staviori.com.pl\/product\/bizuteria-inwestycyjna-kolczyk-kbd3203\/"},"modified":"2026-02-11T00:09:42","modified_gmt":"2026-02-10T23:09:42","slug":"bizuteria-inwestycyjna-kolczyk-kbd3203","status":"publish","type":"product","link":"https:\/\/staviori.com.pl\/cs\/product\/bizuteria-inwestycyjna-kolczyk-kbd3203\/","title":{"rendered":"Exkluzivn\u00ed | \u010dern\u00e9 diamantov\u00e9 n\u00e1u\u0161nice"},"content":{"rendered":"<p>Model: DDE1167<br \/>\nWaga ok. 2,50g<\/p>\n<p>N\u00e1u\u0161nice.<br \/>\nBia\u0142e Z\u0142oto \/ Czarne z\u0142oto* \/ \u017b\u00f3\u0142te z\u0142oto \/ R\u00f3\u017cowe z\u0142oto pr\u00f3by 0,750.<br \/>\n82 Diamenty, kolor czarny, szlif brylantowy, o masie oko\u0142o 0,60ct.<\/p>\n<p>Pr\u016fm\u011br 10 mm.<br \/>\nTlou\u0161\u0165ka 2 mm.<\/p>\n<p><strong>Mo\u017cliwo\u015b\u0107 zam\u00f3wienia w innym kolorze z\u0142ota i\/lub z bia\u0142ymi diamentami.<br \/>\nProdukt je k dispozici pouze na vy\u017e\u00e1d\u00e1n\u00ed, doba dod\u00e1n\u00ed cca 5 t\u00fddn\u016f.<\/strong><\/p>\n<p>*Czarne z\u0142oto to bia\u0142e z\u0142oto pokryte czarnym rodem.<\/p>","protected":false},"excerpt":{"rendered":"<p>Eleganckie kolczyki wykonane z 18-karatowego z\u0142ota, ozdobione a\u017c 82 czarnymi diamentami o \u0142\u0105cznej masie 0,60 ct. Ich nowoczesna forma oraz hipnotyzuj\u0105cy blask sprawiaj\u0105, \u017ce doskonale podkre\u015blaj\u0105 charakter ka\u017cdej stylizacji. Idealne dla kobiet ceni\u0105cych wyrafinowany styl i niebanaln\u0105 bi\u017cuteri\u0119. Kolczyki dost\u0119pne w r\u00f3\u017cnych odcieniach z\u0142ota \u2013 bia\u0142ym, \u017c\u00f3\u0142tym, r\u00f3\u017cowym oraz czarnym (czarne z\u0142oto to bia\u0142e z\u0142oto pokryte czarnym rodem), co pozwala dopasowa\u0107 je do indywidualnych upodoba\u0144.<\/p>","protected":false},"featured_media":1456,"comment_status":"closed","ping_status":"closed","template":"","meta":{"om_disable_all_campaigns":false},"product_brand":[2284],"product_cat":[1803,6858,199],"product_tag":[2308,2840,2319,2405,2839,2317,2838,2755,2667,2336,2683,2522],"class_list":{"0":"post-13776","1":"product","2":"type-product","3":"status-publish","4":"has-post-thumbnail","6":"product_brand-staviori","7":"product_cat-brylanty-exclusive","8":"product_cat-kolczyki-brylanty-exclusive","9":"product_cat-kolczyki","10":"product_tag-biale-zloto","11":"product_tag-bizuteria-z-czarnym-rodem","12":"product_tag-czarne-diamenty","13":"product_tag-czarne-zloto","14":"product_tag-dde1167","15":"product_tag-elegancka-bizuteria","16":"product_tag-kbd3203","17":"product_tag-kolczyki-na-zamowienie","18":"product_tag-kolczyki-z-diamentami","19":"product_tag-rozowe-zloto","20":"product_tag-zlote-kolczyki","21":"product_tag-zolte-zloto","22":"pa_barwa-g-2","23":"pa_czystosc-si1","24":"pa_dostawca-draco","25":"pa_grubosc-2mm","26":"pa_kamien-biale-diamenty","27":"pa_kamien-czarne-diamenty","28":"pa_kolor-biale","29":"pa_kolor-czarne","30":"pa_kolor-rozowe","31":"pa_kolor-zolte","32":"pa_kruszec-zloto","33":"pa_proba-0-750","34":"pa_srednica-10mm","35":"pa_waga-260g","36":"pa_zapiecie-sztyft","38":"first","39":"onbackorder","40":"purchasable","41":"product-type-variable"},"aioseo_notices":[],"_links":{"self":[{"href":"https:\/\/staviori.com.pl\/cs\/wp-json\/wp\/v2\/product\/13776","targetHints":{"allow":["GET"]}}],"collection":[{"href":"https:\/\/staviori.com.pl\/cs\/wp-json\/wp\/v2\/product"}],"about":[{"href":"https:\/\/staviori.com.pl\/cs\/wp-json\/wp\/v2\/types\/product"}],"replies":[{"embeddable":true,"href":"https:\/\/staviori.com.pl\/cs\/wp-json\/wp\/v2\/comments?post=13776"}],"wp:featuredmedia":[{"embeddable":true,"href":"https:\/\/staviori.com.pl\/cs\/wp-json\/wp\/v2\/media\/1456"}],"wp:attachment":[{"href":"https:\/\/staviori.com.pl\/cs\/wp-json\/wp\/v2\/media?parent=13776"}],"wp:term":[{"taxonomy":"product_brand","embeddable":true,"href":"https:\/\/staviori.com.pl\/cs\/wp-json\/wp\/v2\/product_brand?post=13776"},{"taxonomy":"product_cat","embeddable":true,"href":"https:\/\/staviori.com.pl\/cs\/wp-json\/wp\/v2\/product_cat?post=13776"},{"taxonomy":"product_tag","embeddable":true,"href":"https:\/\/staviori.com.pl\/cs\/wp-json\/wp\/v2\/product_tag?post=13776"}],"curies":[{"name":"wp","href":"https:\/\/api.w.org\/{rel}","templated":true}]}}