{"id":13770,"date":"2025-02-24T22:45:13","date_gmt":"2025-02-24T21:45:13","guid":{"rendered":"https:\/\/staviori.com.pl\/product\/bizuteria-inwestycyjna-kolczyk-kbd2546\/"},"modified":"2026-02-11T00:08:31","modified_gmt":"2026-02-10T23:08:31","slug":"bizuteria-inwestycyjna-kolczyk-kbd2546","status":"publish","type":"product","link":"https:\/\/staviori.com.pl\/cs\/product\/bizuteria-inwestycyjna-kolczyk-kbd2546\/","title":{"rendered":"Exkluzivn\u011b | B\u00edl\u00e9 a \u010dern\u00e9 diamanty v 750 zlat\u011b"},"content":{"rendered":"<p>Model: DDE0799<br \/>\nWaga ok. 2,75g<\/p>\n<p>N\u00e1u\u0161nice.<br \/>\nB\u00edl\u00e9 zlato 0,750.<br \/>\n54 Diamenty, szlif brylantowy, o masie 0,44ct, barwa G-H.<br \/>\n16 Diament\u00f3w, kolor czarny, szlif brylantowy, o masie 0,50ct.<\/p>\n<p>\u015arednica 9 mm.<\/p>\n<p><strong>Produkt je k dispozici pouze na vy\u017e\u00e1d\u00e1n\u00ed, doba dod\u00e1n\u00ed cca 5 t\u00fddn\u016f.<\/strong><\/p>","protected":false},"excerpt":{"rendered":"<p>\u00dachvatn\u00e9 n\u00e1u\u0161nice z exkluzivn\u00edho b\u00edl\u00e9ho zlata 0,750 zdoben\u00e9 a\u017e 70 diamanty o celkov\u00e9 hmotnosti t\u00e9m\u011b\u0159 1 ct. Kombinace 54 b\u00edl\u00fdch diamant\u016f s 16 \u010dern\u00fdmi vytv\u00e1\u0159\u00ed elegantn\u00ed kontrast a p\u0159itahuje pozornost sv\u00fdm jedine\u010dn\u00fdm tvarem p\u0159ipom\u00ednaj\u00edc\u00edm kv\u011btinu. Neoby\u010dejn\u011b \u017eensk\u00e9, okouzluj\u00edc\u00ed a elegantn\u00ed - ide\u00e1ln\u00ed pro velk\u00e9 v\u00fdlety a v\u00fdjime\u010dn\u00e9 p\u0159\u00edle\u017eitosti. \u0160perk, kter\u00fd vyjad\u0159uje luxus a vynikaj\u00edc\u00ed styl.<\/p>","protected":false},"featured_media":17312,"comment_status":"closed","ping_status":"closed","template":"","meta":{"om_disable_all_campaigns":false},"product_brand":[2284],"product_cat":[1803,6858,199],"product_tag":[2308,2754,2319,2781,2660,2782,1394,2667,2280,2683],"class_list":{"0":"post-13770","1":"product","2":"type-product","3":"status-publish","4":"has-post-thumbnail","6":"product_brand-staviori","7":"product_cat-brylanty-exclusive","8":"product_cat-kolczyki-brylanty-exclusive","9":"product_cat-kolczyki","10":"product_tag-biale-zloto","11":"product_tag-bizuteria-wieczorowa","12":"product_tag-czarne-diamenty","13":"product_tag-dde0799","14":"product_tag-eleganckie-kolczyki","15":"product_tag-kbd2546","16":"product_tag-kolczyki","17":"product_tag-kolczyki-z-diamentami","18":"product_tag-luksusowa-bizuteria","19":"product_tag-zlote-kolczyki","20":"pa_barwa-g-h","21":"pa_dostawca-draco","22":"pa_kamien-biale-diamenty","23":"pa_kamien-czarne-diamenty","24":"pa_kolor-biale","25":"pa_kruszec-zloto","26":"pa_proba-0-750","27":"pa_srednica-9mm","28":"pa_waga-275g","29":"pa_zapiecie-sztyft","31":"first","32":"onbackorder","33":"purchasable","34":"product-type-simple"},"aioseo_notices":[],"_links":{"self":[{"href":"https:\/\/staviori.com.pl\/cs\/wp-json\/wp\/v2\/product\/13770","targetHints":{"allow":["GET"]}}],"collection":[{"href":"https:\/\/staviori.com.pl\/cs\/wp-json\/wp\/v2\/product"}],"about":[{"href":"https:\/\/staviori.com.pl\/cs\/wp-json\/wp\/v2\/types\/product"}],"replies":[{"embeddable":true,"href":"https:\/\/staviori.com.pl\/cs\/wp-json\/wp\/v2\/comments?post=13770"}],"wp:featuredmedia":[{"embeddable":true,"href":"https:\/\/staviori.com.pl\/cs\/wp-json\/wp\/v2\/media\/17312"}],"wp:attachment":[{"href":"https:\/\/staviori.com.pl\/cs\/wp-json\/wp\/v2\/media?parent=13770"}],"wp:term":[{"taxonomy":"product_brand","embeddable":true,"href":"https:\/\/staviori.com.pl\/cs\/wp-json\/wp\/v2\/product_brand?post=13770"},{"taxonomy":"product_cat","embeddable":true,"href":"https:\/\/staviori.com.pl\/cs\/wp-json\/wp\/v2\/product_cat?post=13770"},{"taxonomy":"product_tag","embeddable":true,"href":"https:\/\/staviori.com.pl\/cs\/wp-json\/wp\/v2\/product_tag?post=13770"}],"curies":[{"name":"wp","href":"https:\/\/api.w.org\/{rel}","templated":true}]}}