{"id":13769,"date":"2025-02-24T22:45:13","date_gmt":"2025-02-24T21:45:13","guid":{"rendered":"https:\/\/staviori.com.pl\/product\/bizuteria-inwestycyjna-kolczyk-kbd2545\/"},"modified":"2026-02-11T00:08:31","modified_gmt":"2026-02-10T23:08:31","slug":"bizuteria-inwestycyjna-kolczyk-kbd2545","status":"publish","type":"product","link":"https:\/\/staviori.com.pl\/cs\/product\/bizuteria-inwestycyjna-kolczyk-kbd2545\/","title":{"rendered":"Exkluzivn\u00ed | Brilantn\u00ed kv\u011btinov\u00e9 n\u00e1u\u0161nice"},"content":{"rendered":"<p>Model: DDE1020<br \/>\nHmotnost p\u0159ibli\u017en\u011b 2,80 g<\/p>\n<p>N\u00e1u\u0161nice.<br \/>\nB\u00edl\u00e9 zlato 0,750.<br \/>\n14 Diament\u00f3w, szlif brylantowy, o masie oko\u0142o 0,73ct., barwa G-H, czysto\u015b\u0107 SI1.<\/p>\n<p>Pr\u016fm\u011br 10 mm.<br \/>\nGrubo\u015b\u0107 4 mm.<\/p>\n<p><strong>Produkt je k dispozici pouze na vy\u017e\u00e1d\u00e1n\u00ed, doba dod\u00e1n\u00ed cca 5 t\u00fddn\u016f.<\/strong><br \/>\n<strong>Kolor z\u0142ota do wyboru.<\/strong><\/p>","protected":false},"excerpt":{"rendered":"<p>\u00dachvatn\u00e9 n\u00e1u\u0161nice z b\u00edl\u00e9ho zlata 750, kter\u00e9 vytv\u00e1\u0159ej\u00ed jemn\u00fd kv\u011btinov\u00fd vzor z t\u0159pytiv\u00fdch diamant\u016f. Ka\u017edou n\u00e1u\u0161nici tvo\u0159\u00ed sedm dokonale zasazen\u00fdch diamant\u016f, kter\u00e9 dohromady tvo\u0159\u00ed oslnivou kompozici o celkov\u00e9 hmotnosti 0,73 ct. Jejich elegantn\u00ed tvar a vz\u00e1cn\u00fd lesk z nich \u010din\u00ed dokonalou volbu pro zvl\u00e1\u0161tn\u00ed p\u0159\u00edle\u017eitosti i ka\u017edodenn\u00ed stylov\u00fd dopln\u011bk. Plnost t\u0159\u00eddy a nad\u010dasov\u00e9 elegance v jedin\u00e9m \u0161perku.<\/p>","protected":false},"featured_media":17302,"comment_status":"closed","ping_status":"closed","template":"","meta":{"om_disable_all_campaigns":false},"product_brand":[2284],"product_cat":[1803,199,6858],"product_tag":[2308,2293,2777,2317,2776,2672,2667,2687,2291],"class_list":{"0":"post-13769","1":"product","2":"type-product","3":"status-publish","4":"has-post-thumbnail","6":"product_brand-staviori","7":"product_cat-brylanty-exclusive","8":"product_cat-kolczyki","9":"product_cat-kolczyki-brylanty-exclusive","10":"product_tag-biale-zloto","11":"product_tag-bizuteria-na-zamowienie","12":"product_tag-dde1020","13":"product_tag-elegancka-bizuteria","14":"product_tag-kbd2545","15":"product_tag-kolczyki-z-brylantami","16":"product_tag-kolczyki-z-diamentami","17":"product_tag-luksusowe-kolczyki","18":"product_tag-prezent-dla-niej","19":"pa_barwa-g-h","20":"pa_czystosc-si1","21":"pa_dostawca-draco","22":"pa_grubosc-4mm","23":"pa_kamien-biale-diamenty","24":"pa_kamien-brylanty","25":"pa_kolor-biale","26":"pa_kruszec-zloto","27":"pa_proba-0-750","28":"pa_srednica-10mm","29":"pa_waga-280g","30":"pa_zapiecie-sztyft","32":"first","33":"onbackorder","34":"purchasable","35":"product-type-simple"},"aioseo_notices":[],"_links":{"self":[{"href":"https:\/\/staviori.com.pl\/cs\/wp-json\/wp\/v2\/product\/13769","targetHints":{"allow":["GET"]}}],"collection":[{"href":"https:\/\/staviori.com.pl\/cs\/wp-json\/wp\/v2\/product"}],"about":[{"href":"https:\/\/staviori.com.pl\/cs\/wp-json\/wp\/v2\/types\/product"}],"replies":[{"embeddable":true,"href":"https:\/\/staviori.com.pl\/cs\/wp-json\/wp\/v2\/comments?post=13769"}],"wp:featuredmedia":[{"embeddable":true,"href":"https:\/\/staviori.com.pl\/cs\/wp-json\/wp\/v2\/media\/17302"}],"wp:attachment":[{"href":"https:\/\/staviori.com.pl\/cs\/wp-json\/wp\/v2\/media?parent=13769"}],"wp:term":[{"taxonomy":"product_brand","embeddable":true,"href":"https:\/\/staviori.com.pl\/cs\/wp-json\/wp\/v2\/product_brand?post=13769"},{"taxonomy":"product_cat","embeddable":true,"href":"https:\/\/staviori.com.pl\/cs\/wp-json\/wp\/v2\/product_cat?post=13769"},{"taxonomy":"product_tag","embeddable":true,"href":"https:\/\/staviori.com.pl\/cs\/wp-json\/wp\/v2\/product_tag?post=13769"}],"curies":[{"name":"wp","href":"https:\/\/api.w.org\/{rel}","templated":true}]}}