{"id":13762,"date":"2025-02-24T22:45:13","date_gmt":"2025-02-24T21:45:13","guid":{"rendered":"https:\/\/staviori.com.pl\/product\/bizuteria-inwestycyjna-kolczyk-kbd2462\/"},"modified":"2026-02-11T00:08:31","modified_gmt":"2026-02-10T23:08:31","slug":"bizuteria-inwestycyjna-kolczyk-kbd2462","status":"publish","type":"product","link":"https:\/\/staviori.com.pl\/cs\/product\/bizuteria-inwestycyjna-kolczyk-kbd2462\/","title":{"rendered":"Exkluzivn\u011b | N\u00e1u\u0161nice s onyxem a diamanty"},"content":{"rendered":"<p>Model: KBD2462<br \/>\nWaga ok. 19,00g<\/p>\n<p>N\u00e1u\u0161nice.<br \/>\nB\u00edl\u00e9 zlato 0,585.<br \/>\n72 Diamenty, szlif brylantowy, o masie ok. 0,50ct, barwa G-H, czysto\u015b\u0107 SI1.<br \/>\nOnyks, o masie ok. 75ct.<\/p>\n<p>Wymiary 15&#215;52 mm.<br \/>\nWysoko\u015b\u0107 68 mm.<\/p>\n<p><strong>Produkt je k dispozici pouze na vy\u017e\u00e1d\u00e1n\u00ed, doba dod\u00e1n\u00ed cca 5 t\u00fddn\u016f.<\/strong><\/p>","protected":false},"excerpt":{"rendered":"<p>\u00dachvatn\u00e9 n\u00e1u\u0161nice z b\u00edl\u00e9ho zlata 0,585, zdoben\u00e9 p\u016fsobiv\u00fdmi onyxy o celkov\u00e9 hmotnosti 75ct a 72 t\u0159pytiv\u00fdmi brilianty. Elegantn\u00ed podlouhl\u00fd tvar a kontrast mezi syt\u011b \u010dernou barvou onyxu a leskem b\u00edl\u00e9ho zlata dod\u00e1vaj\u00ed \u0161perku jedine\u010dn\u00fd charakter. Jedn\u00e1 se o \u0161perk pro \u017eenu, kter\u00e1 miluje jedine\u010dn\u00fd styl a luxus v modern\u00edm pojet\u00ed. Ide\u00e1ln\u00ed pro zvl\u00e1\u0161tn\u00ed p\u0159\u00edle\u017eitosti - fascinuj\u00edc\u00ed, odv\u00e1\u017en\u00fd, oslniv\u00fd.<\/p>","protected":false},"featured_media":1372,"comment_status":"closed","ping_status":"closed","template":"","meta":{"om_disable_all_campaigns":false},"product_brand":[2284],"product_cat":[1803,199,6858],"product_tag":[2773],"class_list":{"0":"post-13762","1":"product","2":"type-product","3":"status-publish","4":"has-post-thumbnail","6":"product_brand-staviori","7":"product_cat-brylanty-exclusive","8":"product_cat-kolczyki","9":"product_cat-kolczyki-brylanty-exclusive","10":"product_tag-dse0517","11":"pa_barwa-g-h","12":"pa_czystosc-si1","13":"pa_dostawca-draco","14":"pa_kamien-biale-diamenty","15":"pa_kamien-brylanty","16":"pa_kamien-onyks","17":"pa_kolor-biale","18":"pa_kruszec-zloto","19":"pa_proba-0-585","20":"pa_waga-1900g","21":"pa_waga-g","22":"pa_wymiary-15x52mm","23":"pa_wysokosc-68mm","24":"pa_zapiecie-angielskie","26":"first","27":"onbackorder","28":"purchasable","29":"product-type-simple"},"aioseo_notices":[],"_links":{"self":[{"href":"https:\/\/staviori.com.pl\/cs\/wp-json\/wp\/v2\/product\/13762","targetHints":{"allow":["GET"]}}],"collection":[{"href":"https:\/\/staviori.com.pl\/cs\/wp-json\/wp\/v2\/product"}],"about":[{"href":"https:\/\/staviori.com.pl\/cs\/wp-json\/wp\/v2\/types\/product"}],"replies":[{"embeddable":true,"href":"https:\/\/staviori.com.pl\/cs\/wp-json\/wp\/v2\/comments?post=13762"}],"wp:featuredmedia":[{"embeddable":true,"href":"https:\/\/staviori.com.pl\/cs\/wp-json\/wp\/v2\/media\/1372"}],"wp:attachment":[{"href":"https:\/\/staviori.com.pl\/cs\/wp-json\/wp\/v2\/media?parent=13762"}],"wp:term":[{"taxonomy":"product_brand","embeddable":true,"href":"https:\/\/staviori.com.pl\/cs\/wp-json\/wp\/v2\/product_brand?post=13762"},{"taxonomy":"product_cat","embeddable":true,"href":"https:\/\/staviori.com.pl\/cs\/wp-json\/wp\/v2\/product_cat?post=13762"},{"taxonomy":"product_tag","embeddable":true,"href":"https:\/\/staviori.com.pl\/cs\/wp-json\/wp\/v2\/product_tag?post=13762"}],"curies":[{"name":"wp","href":"https:\/\/api.w.org\/{rel}","templated":true}]}}