{"id":13754,"date":"2025-02-24T22:45:07","date_gmt":"2025-02-24T21:45:07","guid":{"rendered":"https:\/\/staviori.com.pl\/product\/kolczyk-z-brylantami-kbd1897\/"},"modified":"2026-02-11T00:08:31","modified_gmt":"2026-02-10T23:08:31","slug":"kolczyk-z-brylantami-kzd1800w","status":"publish","type":"product","link":"https:\/\/staviori.com.pl\/cs\/product\/kolczyk-z-brylantami-kzd1800w\/","title":{"rendered":"Mot\u00fdl\u00ed n\u00e1u\u0161nice s diamanty z b\u00edl\u00e9ho zlata"},"content":{"rendered":"<p>Model: KZD1800W<br \/>\nHmotnost p\u0159ibli\u017en\u011b 0,84 g<\/p>\n<p>N\u00e1u\u0161nice.<br \/>\nB\u00edl\u00e9 zlato 0,585.<br \/>\n2 diamanty, achtkantov\u00fd brus, hmotnost 0,006ct, barva H, \u010distota I1.<\/p>\n<p>Rozm\u011bry 7 \u00d7 7 mm.<\/p>","protected":false},"excerpt":{"rendered":"<p>Okouzluj\u00edc\u00ed n\u00e1u\u0161nice ve tvaru v\u00e1\u017eky z b\u00edl\u00e9ho zlata 0,585. Jemn\u011b zdoben\u00e9 dv\u011bma drobn\u00fdmi diamanty s briliantov\u00fdm brusem achtkant dod\u00e1vaj\u00ed n\u00e1u\u0161nic\u00edm jemn\u00fd t\u0159pyt a noblesu. Jejich lehk\u00e1 forma a jedine\u010dn\u00fd tvar z nich \u010din\u00ed ide\u00e1ln\u00ed volbu pro \u017eeny, kter\u00e9 oce\u0148uj\u00ed p\u0159\u00edrodu, jemnost a origin\u00e1ln\u00ed styl. Skv\u011ble se hod\u00ed jako d\u00e1rek i pro ka\u017edodenn\u00ed no\u0161en\u00ed.<\/p>","protected":false},"featured_media":1318,"comment_status":"closed","ping_status":"closed","template":"","meta":{"om_disable_all_campaigns":false},"product_brand":[2284],"product_cat":[1838,1990,199],"product_tag":[2308,3514,3517,3515,3513,3512,3518,2667,3519,2491,2683],"class_list":{"0":"post-13754","1":"product","2":"type-product","3":"status-publish","4":"has-post-thumbnail","6":"product_brand-staviori","7":"product_cat-diamenty","8":"product_cat-kolczyk-z-brylantami","9":"product_cat-kolczyki","10":"product_tag-biale-zloto","11":"product_tag-bizuteria-przyrodnicza","12":"product_tag-kbd1897","13":"product_tag-kolczyki-14k","14":"product_tag-kolczyki-dwukolorowe","15":"product_tag-kolczyki-wazki","16":"product_tag-kolczyki-z-bialym-zlotem","17":"product_tag-kolczyki-z-diamentami","18":"product_tag-kzd1800w","19":"product_tag-motylki","20":"product_tag-zlote-kolczyki","21":"pa_czystosc-i1","22":"pa_dostawca-estrella","23":"pa_kamien-diament","24":"pa_kolor-biale","25":"pa_kruszec-zloto","26":"pa_motyw-motylek","27":"pa_proba-0-585","28":"pa_waga-085g","29":"pa_wymiary-7x7mm","30":"pa_zapiecie-sztyft","32":"first","33":"instock","34":"purchasable","35":"product-type-simple"},"aioseo_notices":[],"_links":{"self":[{"href":"https:\/\/staviori.com.pl\/cs\/wp-json\/wp\/v2\/product\/13754","targetHints":{"allow":["GET"]}}],"collection":[{"href":"https:\/\/staviori.com.pl\/cs\/wp-json\/wp\/v2\/product"}],"about":[{"href":"https:\/\/staviori.com.pl\/cs\/wp-json\/wp\/v2\/types\/product"}],"replies":[{"embeddable":true,"href":"https:\/\/staviori.com.pl\/cs\/wp-json\/wp\/v2\/comments?post=13754"}],"wp:featuredmedia":[{"embeddable":true,"href":"https:\/\/staviori.com.pl\/cs\/wp-json\/wp\/v2\/media\/1318"}],"wp:attachment":[{"href":"https:\/\/staviori.com.pl\/cs\/wp-json\/wp\/v2\/media?parent=13754"}],"wp:term":[{"taxonomy":"product_brand","embeddable":true,"href":"https:\/\/staviori.com.pl\/cs\/wp-json\/wp\/v2\/product_brand?post=13754"},{"taxonomy":"product_cat","embeddable":true,"href":"https:\/\/staviori.com.pl\/cs\/wp-json\/wp\/v2\/product_cat?post=13754"},{"taxonomy":"product_tag","embeddable":true,"href":"https:\/\/staviori.com.pl\/cs\/wp-json\/wp\/v2\/product_tag?post=13754"}],"curies":[{"name":"wp","href":"https:\/\/api.w.org\/{rel}","templated":true}]}}