{"id":13741,"date":"2025-02-24T22:45:07","date_gmt":"2025-02-24T21:45:07","guid":{"rendered":"https:\/\/staviori.com.pl\/product\/bizuteria-inwestycyjna-kolczyk-kbd1826\/"},"modified":"2026-02-11T00:08:30","modified_gmt":"2026-02-10T23:08:30","slug":"bizuteria-inwestycyjna-kolczyk-kbd1826","status":"publish","type":"product","link":"https:\/\/staviori.com.pl\/cs\/product\/bizuteria-inwestycyjna-kolczyk-kbd1826\/","title":{"rendered":"Exkluzivn\u011b | velk\u00e9 kruhov\u00e9 n\u00e1u\u0161nice os\u00e1zen\u00e9 diamanty"},"content":{"rendered":"<p>Model: DDE0436<br \/>\nHmotnost p\u0159ibli\u017en\u011b 13,90 g<\/p>\n<p>N\u00e1u\u0161nice.<br \/>\nB\u00edl\u00e9 zlato 0,750.<br \/>\n1816 Diamant\u016f, briliantov\u00fd brus, hmotnost 7,13 ct, barva G-H, \u010distota SI1.<\/p>\n<p>Pr\u016fm\u011br 51 mm.<br \/>\n\u0160\u00ed\u0159ka 4 mm.<\/p>\n<p>Produkt je k dispozici pouze na vy\u017e\u00e1d\u00e1n\u00ed, doba dod\u00e1n\u00ed cca 5 t\u00fddn\u016f.<\/p>","protected":false},"excerpt":{"rendered":"<p>Fenomen\u00e1ln\u00ed kruhov\u00e9 n\u00e1u\u0161nice z 18kar\u00e1tov\u00e9ho b\u00edl\u00e9ho zlata o impozantn\u00edm pr\u016fm\u011bru 5 cm. Jejich povrch byl pokryt a\u017e 1816 diamanty o celkov\u00e9 v\u00e1ze 7,13 ct, kter\u00e9 jim dod\u00e1vaj\u00ed ohromuj\u00edc\u00ed jiskru. D\u00edky dokonale kulat\u00e9mu tvaru v kombinaci s jemn\u00fdm t\u0159pytem diamant\u016f je tento \u0161perk pln\u00fd noblesy a sofistikovanosti. Velkolep\u00e1 volba pro \u017eeny, kter\u00e9 cht\u011bj\u00ed oslnit p\u0159i ka\u017ed\u00e9 p\u0159\u00edle\u017eitosti.<\/p>","protected":false},"featured_media":17261,"comment_status":"closed","ping_status":"closed","template":"","meta":{"om_disable_all_campaigns":false},"product_brand":[2284],"product_cat":[1803,6858,199],"product_tag":[2308,2301,2744,2745,2660,2743,1394,2682,2280],"class_list":{"0":"post-13741","1":"product","2":"type-product","3":"status-publish","4":"has-post-thumbnail","6":"product_brand-staviori","7":"product_cat-brylanty-exclusive","8":"product_cat-kolczyki-brylanty-exclusive","9":"product_cat-kolczyki","10":"product_tag-biale-zloto","11":"product_tag-brylanty","12":"product_tag-dde0436","13":"product_tag-diamentowe-kolczyki","14":"product_tag-eleganckie-kolczyki","15":"product_tag-kbd1826","16":"product_tag-kolczyki","17":"product_tag-kolczyki-kola","18":"product_tag-luksusowa-bizuteria","19":"pa_barwa-g-h","20":"pa_czystosc-si1","21":"pa_dostawca-draco","22":"pa_kamien-biale-diamenty","23":"pa_kamien-brylanty","24":"pa_kolor-biale","25":"pa_kruszec-zloto","26":"pa_proba-0-750","27":"pa_srednica-51mm","28":"pa_szerokosc-4mm","29":"pa_waga-1390g","30":"pa_zapiecie-szarnir","32":"first","33":"onbackorder","34":"purchasable","35":"product-type-simple"},"aioseo_notices":[],"_links":{"self":[{"href":"https:\/\/staviori.com.pl\/cs\/wp-json\/wp\/v2\/product\/13741","targetHints":{"allow":["GET"]}}],"collection":[{"href":"https:\/\/staviori.com.pl\/cs\/wp-json\/wp\/v2\/product"}],"about":[{"href":"https:\/\/staviori.com.pl\/cs\/wp-json\/wp\/v2\/types\/product"}],"replies":[{"embeddable":true,"href":"https:\/\/staviori.com.pl\/cs\/wp-json\/wp\/v2\/comments?post=13741"}],"wp:featuredmedia":[{"embeddable":true,"href":"https:\/\/staviori.com.pl\/cs\/wp-json\/wp\/v2\/media\/17261"}],"wp:attachment":[{"href":"https:\/\/staviori.com.pl\/cs\/wp-json\/wp\/v2\/media?parent=13741"}],"wp:term":[{"taxonomy":"product_brand","embeddable":true,"href":"https:\/\/staviori.com.pl\/cs\/wp-json\/wp\/v2\/product_brand?post=13741"},{"taxonomy":"product_cat","embeddable":true,"href":"https:\/\/staviori.com.pl\/cs\/wp-json\/wp\/v2\/product_cat?post=13741"},{"taxonomy":"product_tag","embeddable":true,"href":"https:\/\/staviori.com.pl\/cs\/wp-json\/wp\/v2\/product_tag?post=13741"}],"curies":[{"name":"wp","href":"https:\/\/api.w.org\/{rel}","templated":true}]}}