{"id":13740,"date":"2025-02-24T22:45:07","date_gmt":"2025-02-24T21:45:07","guid":{"rendered":"https:\/\/staviori.com.pl\/product\/bizuteria-inwestycyjna-kolczyk-kbd1812\/"},"modified":"2026-02-11T00:08:30","modified_gmt":"2026-02-10T23:08:30","slug":"bizuteria-inwestycyjna-kolczyk-kbd1812","status":"publish","type":"product","link":"https:\/\/staviori.com.pl\/cs\/product\/bizuteria-inwestycyjna-kolczyk-kbd1812\/","title":{"rendered":"Exkluzivn\u00ed | Spir\u00e1lov\u00e9 n\u00e1u\u0161nice Brilliant"},"content":{"rendered":"<p>Model: DDE0731<br \/>\nHmotnost p\u0159ibli\u017en\u011b 20 g<\/p>\n<p>N\u00e1u\u0161nice.<br \/>\nB\u00edl\u00e9 zlato 0,750.<br \/>\n538 diamant\u016f, briliantov\u00fd brus, hmotnost 5,55 ct, barva G-H, \u010distota SI1.<\/p>\n<p>Rozm\u011bry 15 \u00d7 42 mm.<\/p>\n<p><strong>Produkt je k dispozici pouze na vy\u017e\u00e1d\u00e1n\u00ed, doba dod\u00e1n\u00ed cca 5 t\u00fddn\u016f.<\/strong><\/p>","protected":false},"excerpt":{"rendered":"<p>V\u00fdjime\u010dn\u00e9 n\u00e1u\u0161nice z 18kar\u00e1tov\u00e9ho b\u00edl\u00e9ho zlata, kter\u00e9 zaujmou sv\u00fdm tvarem a mimo\u0159\u00e1dn\u00fdm leskem. N\u00e1padit\u00fd spir\u00e1lovit\u00fd tvar zdob\u00ed a\u017e 538 diamant\u016f o celkov\u00e9 v\u00e1ze 5,55 ct, kter\u00e9 p\u0159i ka\u017ed\u00e9m pohybu vytv\u00e1\u0159ej\u00ed velkolep\u00fd sv\u011bteln\u00fd efekt. Luxus a sofistikovanost ve sv\u00e9 nej\u010dist\u0161\u00ed podob\u011b - ide\u00e1ln\u00ed pro velk\u00e9 v\u00fdlety a v\u00fdjime\u010dn\u00e9 p\u0159\u00edle\u017eitosti. Toto je \u0161perk, kter\u00fd je nejen ohromuj\u00edc\u00ed, ale tak\u00e9 nezapomenuteln\u00fd.<\/p>","protected":false},"featured_media":17270,"comment_status":"closed","ping_status":"closed","template":"","meta":{"om_disable_all_campaigns":false},"product_brand":[2284],"product_cat":[1803,6858,199],"product_tag":[2308,2749,2296,2317,2748,1394,2686,2280],"class_list":{"0":"post-13740","1":"product","2":"type-product","3":"status-publish","4":"has-post-thumbnail","6":"product_brand-staviori","7":"product_cat-brylanty-exclusive","8":"product_cat-kolczyki-brylanty-exclusive","9":"product_cat-kolczyki","10":"product_tag-biale-zloto","11":"product_tag-dde0731","12":"product_tag-diamenty","13":"product_tag-elegancka-bizuteria","14":"product_tag-kbd1812","15":"product_tag-kolczyki","16":"product_tag-kolczyki-wieczorowe","17":"product_tag-luksusowa-bizuteria","18":"pa_barwa-g-h","19":"pa_czystosc-si1","20":"pa_dostawca-draco","21":"pa_kamien-diamenty","22":"pa_kamien-biale-diamenty","23":"pa_kamien-brylanty","24":"pa_kolor-biale","25":"pa_kruszec-zloto","26":"pa_proba-0-750","27":"pa_waga-1990g","28":"pa_wymiary-15x42mm","29":"pa_zapiecie-angielskie","31":"first","32":"onbackorder","33":"purchasable","34":"product-type-simple"},"aioseo_notices":[],"_links":{"self":[{"href":"https:\/\/staviori.com.pl\/cs\/wp-json\/wp\/v2\/product\/13740","targetHints":{"allow":["GET"]}}],"collection":[{"href":"https:\/\/staviori.com.pl\/cs\/wp-json\/wp\/v2\/product"}],"about":[{"href":"https:\/\/staviori.com.pl\/cs\/wp-json\/wp\/v2\/types\/product"}],"replies":[{"embeddable":true,"href":"https:\/\/staviori.com.pl\/cs\/wp-json\/wp\/v2\/comments?post=13740"}],"wp:featuredmedia":[{"embeddable":true,"href":"https:\/\/staviori.com.pl\/cs\/wp-json\/wp\/v2\/media\/17270"}],"wp:attachment":[{"href":"https:\/\/staviori.com.pl\/cs\/wp-json\/wp\/v2\/media?parent=13740"}],"wp:term":[{"taxonomy":"product_brand","embeddable":true,"href":"https:\/\/staviori.com.pl\/cs\/wp-json\/wp\/v2\/product_brand?post=13740"},{"taxonomy":"product_cat","embeddable":true,"href":"https:\/\/staviori.com.pl\/cs\/wp-json\/wp\/v2\/product_cat?post=13740"},{"taxonomy":"product_tag","embeddable":true,"href":"https:\/\/staviori.com.pl\/cs\/wp-json\/wp\/v2\/product_tag?post=13740"}],"curies":[{"name":"wp","href":"https:\/\/api.w.org\/{rel}","templated":true}]}}