{"id":13736,"date":"2025-02-24T22:45:07","date_gmt":"2025-02-24T21:45:07","guid":{"rendered":"https:\/\/staviori.com.pl\/product\/bizuteria-inwestycyjna-kolczyk-kbd1790\/"},"modified":"2026-02-11T00:08:30","modified_gmt":"2026-02-10T23:08:30","slug":"bizuteria-inwestycyjna-kolczyk-kbd1790","status":"publish","type":"product","link":"https:\/\/staviori.com.pl\/cs\/product\/bizuteria-inwestycyjna-kolczyk-kbd1790\/","title":{"rendered":"Exkluzivn\u011b | velk\u00e9 kruhov\u00e9 n\u00e1u\u0161nice s \u010dern\u00fdmi a b\u00edl\u00fdmi diamanty"},"content":{"rendered":"<p>Model: DDE0536<br \/>\nWaga ok. 19,30g<\/p>\n<p>N\u00e1u\u0161nice.<br \/>\nB\u00edl\u00e9 zlato 0,750.<br \/>\n220 Diament\u00f3w, szlif brylantowy, o masie ok. 1,54ct, barwa G-H, czysto\u015b\u0107 SI1.<br \/>\n1563 Diamenty, kolor czarny, szlif brylantowy, o masie ok. 12,39ct.<\/p>\n<p>Pr\u016fm\u011br 51 mm.<br \/>\n\u0160\u00ed\u0159ka 4 mm.<\/p>\n<p><strong>Produkt je k dispozici pouze na vy\u017e\u00e1d\u00e1n\u00ed, doba dod\u00e1n\u00ed cca 5 t\u00fddn\u016f.<\/strong><\/p>","protected":false},"excerpt":{"rendered":"<p>Spektakularne kolczyki ko\u0142a wykonane z 18-karatowego bia\u0142ego z\u0142ota, kt\u00f3re zachwycaj\u0105 nie tylko form\u0105, ale i bogactwem zdobienia. L\u015bni\u0105ce diamenty o \u0142\u0105cznej masie ponad 13 ct. \u2014 bia\u0142e i czarne \u2014 tworz\u0105 hipnotyzuj\u0105cy kontrast i niezwyk\u0142\u0105 gr\u0119 \u015bwiat\u0142a. To bi\u017cuteria dla kobiet, kt\u00f3re pragn\u0105 przyci\u0105ga\u0107 spojrzenia i podkre\u015bli\u0107 swoj\u0105 wyj\u0105tkowo\u015b\u0107. Pe\u0142ne luksusu i nowoczesnej elegancji.<\/p>","protected":false},"featured_media":17294,"comment_status":"closed","ping_status":"closed","template":"","meta":{"om_disable_all_campaigns":false},"product_brand":[2284],"product_cat":[1803,6858,199],"product_tag":[2591,2319,2764,2317,2763,2682,2755,2681,2667,2280],"class_list":{"0":"post-13736","1":"product","2":"type-product","3":"status-publish","4":"has-post-thumbnail","6":"product_brand-staviori","7":"product_cat-brylanty-exclusive","8":"product_cat-kolczyki-brylanty-exclusive","9":"product_cat-kolczyki","10":"product_tag-bizuteria-premium","11":"product_tag-czarne-diamenty","12":"product_tag-dde0536","13":"product_tag-elegancka-bizuteria","14":"product_tag-kbd1790","15":"product_tag-kolczyki-kola","16":"product_tag-kolczyki-na-zamowienie","17":"product_tag-kolczyki-z-bialego-zlota","18":"product_tag-kolczyki-z-diamentami","19":"product_tag-luksusowa-bizuteria","20":"pa_barwa-g-h","21":"pa_czystosc-si1","22":"pa_dostawca-draco","23":"pa_kamien-biale-diamenty","24":"pa_kamien-czarne-diamenty","25":"pa_kolor-biale","26":"pa_kruszec-zloto","27":"pa_proba-0-750","28":"pa_srednica-51mm","29":"pa_szerokosc-4mm","30":"pa_waga-1930g","31":"pa_zapiecie-szarnir","33":"first","34":"onbackorder","35":"purchasable","36":"product-type-simple"},"aioseo_notices":[],"_links":{"self":[{"href":"https:\/\/staviori.com.pl\/cs\/wp-json\/wp\/v2\/product\/13736","targetHints":{"allow":["GET"]}}],"collection":[{"href":"https:\/\/staviori.com.pl\/cs\/wp-json\/wp\/v2\/product"}],"about":[{"href":"https:\/\/staviori.com.pl\/cs\/wp-json\/wp\/v2\/types\/product"}],"replies":[{"embeddable":true,"href":"https:\/\/staviori.com.pl\/cs\/wp-json\/wp\/v2\/comments?post=13736"}],"wp:featuredmedia":[{"embeddable":true,"href":"https:\/\/staviori.com.pl\/cs\/wp-json\/wp\/v2\/media\/17294"}],"wp:attachment":[{"href":"https:\/\/staviori.com.pl\/cs\/wp-json\/wp\/v2\/media?parent=13736"}],"wp:term":[{"taxonomy":"product_brand","embeddable":true,"href":"https:\/\/staviori.com.pl\/cs\/wp-json\/wp\/v2\/product_brand?post=13736"},{"taxonomy":"product_cat","embeddable":true,"href":"https:\/\/staviori.com.pl\/cs\/wp-json\/wp\/v2\/product_cat?post=13736"},{"taxonomy":"product_tag","embeddable":true,"href":"https:\/\/staviori.com.pl\/cs\/wp-json\/wp\/v2\/product_tag?post=13736"}],"curies":[{"name":"wp","href":"https:\/\/api.w.org\/{rel}","templated":true}]}}