{"id":13733,"date":"2025-02-24T22:45:01","date_gmt":"2025-02-24T21:45:01","guid":{"rendered":"https:\/\/staviori.com.pl\/product\/bizuteria-inwestycyjna-kolczyk-kbd1786\/"},"modified":"2026-02-11T00:08:30","modified_gmt":"2026-02-10T23:08:30","slug":"bizuteria-inwestycyjna-kolczyk-kbd1786","status":"publish","type":"product","link":"https:\/\/staviori.com.pl\/cs\/product\/bizuteria-inwestycyjna-kolczyk-kbd1786\/","title":{"rendered":"Exkluzivn\u011b | Visac\u00ed kuli\u010dkov\u00e9 n\u00e1u\u0161nice s \u010dern\u00fdmi a b\u00edl\u00fdmi diamanty"},"content":{"rendered":"<p>Model: DDE0539<br \/>\nWaga ok. 13,00g<\/p>\n<p>N\u00e1u\u0161nice.<br \/>\nB\u00edl\u00e9 zlato 0,750.<br \/>\n148 Diament\u00f3w, szlif brylantowy, o masie 0,82 ct., barwa G-H, czysto\u015b\u0107 SI1.<br \/>\n814 Diament\u00f3w, kolor czarny, szlif brylantowy, o masie 6,83 ct..<\/p>\n<p>Pr\u016fm\u011br 16 mm.<br \/>\nD\u0142ugo\u015b\u0107 32 mm.<\/p>\n<p><strong>Produkt dost\u0119pny wy\u0142\u0105cznie na zam\u00f3wienie, czas realizacji ok. 5 tygodni<\/strong><\/p>","protected":false},"excerpt":{"rendered":"<p>Zachwycaj\u0105ce kolczyki z bia\u0142ego z\u0142ota pr\u00f3by 0,750, kt\u00f3re ol\u015bniewaj\u0105 wyj\u0105tkow\u0105 kompozycj\u0105 bia\u0142ych i czarnych diament\u00f3w. Kulisty element wysadzany 814 czarnymi brylantami (a\u017c 6,83 ct) tworzy wyrazisty akcent glamour, podczas gdy 148 bia\u0142ych diament\u00f3w subtelnie podkre\u015bla luksusowy charakter bi\u017cuterii. To prawdziwa bi\u017cuteryjna pere\u0142ka, idealna na wielkie wyj\u015bcia oraz wyj\u0105tkowe okazje. Elegancja i nowoczesno\u015b\u0107 w jednym, dla kobiet ceni\u0105cych niebanalne dodatki.<\/p>","protected":false},"featured_media":17213,"comment_status":"closed","ping_status":"closed","template":"","meta":{"om_disable_all_campaigns":false},"product_brand":[2284],"product_cat":[1803,6858,199],"product_tag":[2278,2319,2555,2685,2686,2667,2687],"class_list":{"0":"post-13733","1":"product","2":"type-product","3":"status-publish","4":"has-post-thumbnail","6":"product_brand-staviori","7":"product_cat-brylanty-exclusive","8":"product_cat-kolczyki-brylanty-exclusive","9":"product_cat-kolczyki","10":"product_tag-biale-zloto-18k","11":"product_tag-czarne-diamenty","12":"product_tag-ekskluzywna-bizuteria","13":"product_tag-kolczyki-glamour","14":"product_tag-kolczyki-wieczorowe","15":"product_tag-kolczyki-z-diamentami","16":"product_tag-luksusowe-kolczyki","17":"pa_barwa-g-h","18":"pa_czystosc-si1","19":"pa_dlugosc-32mm","20":"pa_kamien-diamentow-diamentow","21":"pa_kolor-biale","22":"pa_kruszec-zloto","23":"pa_proba-0-750","24":"pa_rozmiar-cm","25":"pa_srednica-16mm","26":"pa_waga-1300g","28":"first","29":"onbackorder","30":"purchasable","31":"product-type-simple"},"aioseo_notices":[],"_links":{"self":[{"href":"https:\/\/staviori.com.pl\/cs\/wp-json\/wp\/v2\/product\/13733","targetHints":{"allow":["GET"]}}],"collection":[{"href":"https:\/\/staviori.com.pl\/cs\/wp-json\/wp\/v2\/product"}],"about":[{"href":"https:\/\/staviori.com.pl\/cs\/wp-json\/wp\/v2\/types\/product"}],"replies":[{"embeddable":true,"href":"https:\/\/staviori.com.pl\/cs\/wp-json\/wp\/v2\/comments?post=13733"}],"wp:featuredmedia":[{"embeddable":true,"href":"https:\/\/staviori.com.pl\/cs\/wp-json\/wp\/v2\/media\/17213"}],"wp:attachment":[{"href":"https:\/\/staviori.com.pl\/cs\/wp-json\/wp\/v2\/media?parent=13733"}],"wp:term":[{"taxonomy":"product_brand","embeddable":true,"href":"https:\/\/staviori.com.pl\/cs\/wp-json\/wp\/v2\/product_brand?post=13733"},{"taxonomy":"product_cat","embeddable":true,"href":"https:\/\/staviori.com.pl\/cs\/wp-json\/wp\/v2\/product_cat?post=13733"},{"taxonomy":"product_tag","embeddable":true,"href":"https:\/\/staviori.com.pl\/cs\/wp-json\/wp\/v2\/product_tag?post=13733"}],"curies":[{"name":"wp","href":"https:\/\/api.w.org\/{rel}","templated":true}]}}