{"id":13730,"date":"2025-02-24T22:45:01","date_gmt":"2025-02-24T21:45:01","guid":{"rendered":"https:\/\/staviori.com.pl\/product\/kolczyk-z-brylantami-kbd1714\/"},"modified":"2026-02-11T00:08:30","modified_gmt":"2026-02-10T23:08:30","slug":"kolczyk-z-brylantami-kbd1714","status":"publish","type":"product","link":"https:\/\/staviori.com.pl\/cs\/product\/kolczyk-z-brylantami-kbd1714\/","title":{"rendered":"P\u011bkn\u00e9 n\u00e1u\u0161nice s diamanty v 18kar\u00e1tov\u00e9m zlat\u011b - DDE0014W"},"content":{"rendered":"<p>Model: DDE0014W<br \/>\nHmotnost p\u0159ibli\u017en\u011b 1,90 g<\/p>\n<p>N\u00e1u\u0161nice.<br \/>\nB\u00edl\u00e9 zlato 0,750.<br \/>\n16 diamant\u016f, briliantov\u00fd brus, hmotnost 0,12 ct, barva G-H, \u010distota SI1.<br \/>\nRozm\u011bry 13 \u00d7 2,2 mm.<\/p>\n<p><strong>Produkt je k dispozici pouze na vy\u017e\u00e1d\u00e1n\u00ed, doba dod\u00e1n\u00ed cca 4 t\u00fddny.<\/strong><\/p>","protected":false},"excerpt":{"rendered":"<p>Elegantn\u00ed n\u00e1u\u0161nice z 18kar\u00e1tov\u00e9ho b\u00edl\u00e9ho zlata v podob\u011b jemn\u00fdch kruh\u016f zdoben\u00fdch a\u017e 16 diamanty o celkov\u00e9 v\u00e1ze 0,12 ct. T\u0159pytiv\u00e9 kameny s briliantov\u00fdm brusem dod\u00e1vaj\u00ed \u0161perku v\u00fdjime\u010dn\u00fd lesk a sofistikovanost. D\u00edky jemn\u00e9mu tvaru a dokonal\u00e9mu zpracov\u00e1n\u00ed se tyto n\u00e1u\u0161nice hod\u00ed pro ka\u017edou p\u0159\u00edle\u017eitost - jak pro ka\u017edodenn\u00ed styling, tak pro ve\u010dern\u00ed vych\u00e1zky.<\/p>","protected":false},"featured_media":1159,"comment_status":"closed","ping_status":"closed","template":"","meta":{"om_disable_all_campaigns":false},"product_brand":[2284],"product_cat":[1838,1990,199],"product_tag":[2278,2675,2317,2664,2673,2674,2672,2280],"class_list":{"0":"post-13730","1":"product","2":"type-product","3":"status-publish","4":"has-post-thumbnail","6":"product_brand-staviori","7":"product_cat-diamenty","8":"product_cat-kolczyk-z-brylantami","9":"product_cat-kolczyki","10":"product_tag-biale-zloto-18k","11":"product_tag-dde0014w","12":"product_tag-elegancka-bizuteria","13":"product_tag-klasyczne-kolczyki","14":"product_tag-kolczyki-kolka","15":"product_tag-kolczyki-na-co-dzien","16":"product_tag-kolczyki-z-brylantami","17":"product_tag-luksusowa-bizuteria","18":"pa_barwa-g-h","19":"pa_czystosc-si1","20":"pa_kamien-biale-diamenty","21":"pa_kamien-brylanty","22":"pa_kamien-diament","23":"pa_kolor-biale","24":"pa_kruszec-zloto","25":"pa_masa-karatowa-012ct","26":"pa_proba-0-750","27":"pa_rozmiar-cm","28":"pa_waga-190g","29":"pa_wymiary-13x2-2mm","31":"first","32":"onbackorder","33":"purchasable","34":"product-type-simple"},"aioseo_notices":[],"_links":{"self":[{"href":"https:\/\/staviori.com.pl\/cs\/wp-json\/wp\/v2\/product\/13730","targetHints":{"allow":["GET"]}}],"collection":[{"href":"https:\/\/staviori.com.pl\/cs\/wp-json\/wp\/v2\/product"}],"about":[{"href":"https:\/\/staviori.com.pl\/cs\/wp-json\/wp\/v2\/types\/product"}],"replies":[{"embeddable":true,"href":"https:\/\/staviori.com.pl\/cs\/wp-json\/wp\/v2\/comments?post=13730"}],"wp:featuredmedia":[{"embeddable":true,"href":"https:\/\/staviori.com.pl\/cs\/wp-json\/wp\/v2\/media\/1159"}],"wp:attachment":[{"href":"https:\/\/staviori.com.pl\/cs\/wp-json\/wp\/v2\/media?parent=13730"}],"wp:term":[{"taxonomy":"product_brand","embeddable":true,"href":"https:\/\/staviori.com.pl\/cs\/wp-json\/wp\/v2\/product_brand?post=13730"},{"taxonomy":"product_cat","embeddable":true,"href":"https:\/\/staviori.com.pl\/cs\/wp-json\/wp\/v2\/product_cat?post=13730"},{"taxonomy":"product_tag","embeddable":true,"href":"https:\/\/staviori.com.pl\/cs\/wp-json\/wp\/v2\/product_tag?post=13730"}],"curies":[{"name":"wp","href":"https:\/\/api.w.org\/{rel}","templated":true}]}}