{"id":13724,"date":"2025-02-24T22:45:01","date_gmt":"2025-02-24T21:45:01","guid":{"rendered":"https:\/\/staviori.com.pl\/product\/bizuteria-inwestycyjna-kolczyk-kbd1534s\/"},"modified":"2026-02-11T00:08:30","modified_gmt":"2026-02-10T23:08:30","slug":"bizuteria-inwestycyjna-kolczyk-kbd1534s","status":"publish","type":"product","link":"https:\/\/staviori.com.pl\/cs\/product\/bizuteria-inwestycyjna-kolczyk-kbd1534s\/","title":{"rendered":"Exkluzivn\u011b | Kr\u00e1sn\u00e9 diamantov\u00e9 kv\u011btinov\u00e9 n\u00e1u\u0161nice se saf\u00edry"},"content":{"rendered":"<p>Model: KBD1534S<br \/>\nWaga ok. 6,60g<\/p>\n<p>N\u00e1u\u0161nice.<br \/>\nB\u00edl\u00e9 zlato 0,750.<br \/>\n28 Diament\u00f3w, szlif brylantowy, o masie 0,34ct., barwa G, czysto\u015b\u0107 SI1.<br \/>\n10 Szafir\u00f3w, o masie 2,40ct.<\/p>\n<p>\u015arednica 10.26 mm.<br \/>\nWysoko\u015b\u0107 16.30 mm.<br \/>\nGrubo\u015b\u0107 3.70 mm.<\/p>\n<p><strong>Produkt je k dispozici pouze na vy\u017e\u00e1d\u00e1n\u00ed, doba dod\u00e1n\u00ed cca 5 t\u00fddn\u016f.<\/strong><\/p>","protected":false},"excerpt":{"rendered":"<p>Oslniv\u00e9 n\u00e1u\u0161nice z b\u00edl\u00e9ho zlata 0,750 ve tvaru kv\u011btin. Ka\u017ed\u00fd okv\u011btn\u00ed l\u00edstek tvo\u0159\u00ed intenzivn\u00ed modr\u00fd saf\u00edr (celkov\u00e1 hmotnost 2,40 ct) a \u00fast\u0159edn\u00edm bodem kompozice je jisk\u0159iv\u00fd briliant. Celek je korunov\u00e1n elegantn\u00ed dvojitou obj\u00edmkou osazenou diamanty (celkov\u00e1 hmotnost 0,34 ct), kter\u00e1 mu dod\u00e1v\u00e1 jiskru a lehkost. Jedine\u010dn\u00fd \u0161perk s kv\u011btinov\u00fdm charakterem - ide\u00e1ln\u00ed pro velk\u00e9 v\u00fdlety nebo jako luxusn\u00ed d\u00e1rek.<\/p>","protected":false},"featured_media":1108,"comment_status":"closed","ping_status":"closed","template":"","meta":{"om_disable_all_campaigns":false},"product_brand":[2284],"product_cat":[1803,6858,199],"product_tag":[2658,2591,2655,2660,2659,2656,2280,2661,2657],"class_list":{"0":"post-13724","1":"product","2":"type-product","3":"status-publish","4":"has-post-thumbnail","6":"product_brand-staviori","7":"product_cat-brylanty-exclusive","8":"product_cat-kolczyki-brylanty-exclusive","9":"product_cat-kolczyki","10":"product_tag-biale-zloto-750","11":"product_tag-bizuteria-premium","12":"product_tag-dse2327","13":"product_tag-eleganckie-kolczyki","14":"product_tag-florystyczne-kolczyki","15":"product_tag-kolczyki-z-szafirami","16":"product_tag-luksusowa-bizuteria","17":"product_tag-prezent-z-klasa","18":"product_tag-szafiry-i-diamenty","19":"pa_barwa-g","20":"pa_czystosc-si1","21":"pa_kamien-diamenty","22":"pa_kamien-biale-diamenty","23":"pa_kamien-szafiry-naturalne","24":"pa_kolor-biale","25":"pa_kruszec-zloto","26":"pa_proba-0-750","27":"pa_rozmiar-cm","28":"pa_srednica-10-26mm","29":"pa_waga-g","30":"pa_wysokosc-16-30mm","32":"first","33":"onbackorder","34":"purchasable","35":"product-type-simple"},"aioseo_notices":[],"_links":{"self":[{"href":"https:\/\/staviori.com.pl\/cs\/wp-json\/wp\/v2\/product\/13724","targetHints":{"allow":["GET"]}}],"collection":[{"href":"https:\/\/staviori.com.pl\/cs\/wp-json\/wp\/v2\/product"}],"about":[{"href":"https:\/\/staviori.com.pl\/cs\/wp-json\/wp\/v2\/types\/product"}],"replies":[{"embeddable":true,"href":"https:\/\/staviori.com.pl\/cs\/wp-json\/wp\/v2\/comments?post=13724"}],"wp:featuredmedia":[{"embeddable":true,"href":"https:\/\/staviori.com.pl\/cs\/wp-json\/wp\/v2\/media\/1108"}],"wp:attachment":[{"href":"https:\/\/staviori.com.pl\/cs\/wp-json\/wp\/v2\/media?parent=13724"}],"wp:term":[{"taxonomy":"product_brand","embeddable":true,"href":"https:\/\/staviori.com.pl\/cs\/wp-json\/wp\/v2\/product_brand?post=13724"},{"taxonomy":"product_cat","embeddable":true,"href":"https:\/\/staviori.com.pl\/cs\/wp-json\/wp\/v2\/product_cat?post=13724"},{"taxonomy":"product_tag","embeddable":true,"href":"https:\/\/staviori.com.pl\/cs\/wp-json\/wp\/v2\/product_tag?post=13724"}],"curies":[{"name":"wp","href":"https:\/\/api.w.org\/{rel}","templated":true}]}}