{"id":13723,"date":"2025-02-24T22:45:01","date_gmt":"2025-02-24T21:45:01","guid":{"rendered":"https:\/\/staviori.com.pl\/product\/bizuteria-inwestycyjna-kolczyk-kbd1524\/"},"modified":"2026-02-11T00:08:30","modified_gmt":"2026-02-10T23:08:30","slug":"bizuteria-inwestycyjna-kolczyk-kbd1524","status":"publish","type":"product","link":"https:\/\/staviori.com.pl\/cs\/product\/bizuteria-inwestycyjna-kolczyk-kbd1524\/","title":{"rendered":"Exkluzivn\u011b | Kr\u00e1sn\u00e9 dlouh\u00e9 saf\u00edrov\u00e9 n\u00e1u\u0161nice s brilianty"},"content":{"rendered":"<p>Model: DSE0785<br \/>\nWaga ok. 4,00g<\/p>\n<p>N\u00e1u\u0161nice.<br \/>\nB\u00edl\u00e9 zlato 0,750.<br \/>\n42 Diamenty, szlif brylantowy, o masie oko\u0142o 0,31ct., barwa G-H, czysto\u015b\u0107 SI1.<br \/>\n6 Szafir\u00f3w, o masie oko\u0142o 2,79ct.<\/p>\n<p>Wymiary 8&#215;28 mm.<br \/>\nTlou\u0161\u0165ka 5 mm.<\/p>\n<p>Dost\u0119pny wisiorek do kompletu.<\/p>\n<p><strong>Produkt dost\u0119pny wy\u0142\u0105cznie na zam\u00f3wienie, czas realizacji ok. 5 tygodni<\/strong><br \/>\n<strong>Mo\u017cliwa zmiana koloru z\u0142ota<\/strong><\/p>","protected":false},"excerpt":{"rendered":"<p>Zjawiskowe kolczyki wykonane z bia\u0142ego z\u0142ota pr\u00f3by 0,585, ozdobione a\u017c sze\u015bcioma naturalnymi szafirami o g\u0142\u0119bokiej, kr\u00f3lewskiej barwie. Kompozycj\u0119 dope\u0142niaj\u0105 42 l\u015bni\u0105ce diamenty w szlifie brylantowym, kt\u00f3re otaczaj\u0105 centralne kamienie delikatn\u0105, migocz\u0105c\u0105 ramk\u0105. Elegancki, wyd\u0142u\u017cony kszta\u0142t kolczyk\u00f3w subtelnie wysmukla szyj\u0119, dodaj\u0105c ca\u0142o\u015bci klasy i blasku. Idealny wyb\u00f3r na wyj\u0105tkowe okazje \u2013 dla kobiet ceni\u0105cych luksus w najpi\u0119kniejszym wydaniu.<\/p>","protected":false},"featured_media":17223,"comment_status":"closed","ping_status":"closed","template":"","meta":{"om_disable_all_campaigns":false},"product_brand":[2284],"product_cat":[1803,199,6858],"product_tag":[2338,2278,2689,2317,2686,2667,2656,2687],"class_list":{"0":"post-13723","1":"product","2":"type-product","3":"status-publish","4":"has-post-thumbnail","6":"product_brand-staviori","7":"product_cat-brylanty-exclusive","8":"product_cat-kolczyki","9":"product_cat-kolczyki-brylanty-exclusive","10":"product_tag-18k","11":"product_tag-biale-zloto-18k","12":"product_tag-bizuteria-z-kamieniami-szlachetnymi","13":"product_tag-elegancka-bizuteria","14":"product_tag-kolczyki-wieczorowe","15":"product_tag-kolczyki-z-diamentami","16":"product_tag-kolczyki-z-szafirami","17":"product_tag-luksusowe-kolczyki","18":"pa_barwa-g-h","19":"pa_czystosc-si1","20":"pa_grubosc-5mm","21":"pa_kamien-diamenty-szafirow","22":"pa_kolor-biale","23":"pa_kruszec-zloto","24":"pa_proba-0-585","25":"pa_rozmiar-cm","26":"pa_waga-400g","27":"pa_wymiary-8x28mm","29":"first","30":"onbackorder","31":"purchasable","32":"product-type-simple"},"aioseo_notices":[],"_links":{"self":[{"href":"https:\/\/staviori.com.pl\/cs\/wp-json\/wp\/v2\/product\/13723","targetHints":{"allow":["GET"]}}],"collection":[{"href":"https:\/\/staviori.com.pl\/cs\/wp-json\/wp\/v2\/product"}],"about":[{"href":"https:\/\/staviori.com.pl\/cs\/wp-json\/wp\/v2\/types\/product"}],"replies":[{"embeddable":true,"href":"https:\/\/staviori.com.pl\/cs\/wp-json\/wp\/v2\/comments?post=13723"}],"wp:featuredmedia":[{"embeddable":true,"href":"https:\/\/staviori.com.pl\/cs\/wp-json\/wp\/v2\/media\/17223"}],"wp:attachment":[{"href":"https:\/\/staviori.com.pl\/cs\/wp-json\/wp\/v2\/media?parent=13723"}],"wp:term":[{"taxonomy":"product_brand","embeddable":true,"href":"https:\/\/staviori.com.pl\/cs\/wp-json\/wp\/v2\/product_brand?post=13723"},{"taxonomy":"product_cat","embeddable":true,"href":"https:\/\/staviori.com.pl\/cs\/wp-json\/wp\/v2\/product_cat?post=13723"},{"taxonomy":"product_tag","embeddable":true,"href":"https:\/\/staviori.com.pl\/cs\/wp-json\/wp\/v2\/product_tag?post=13723"}],"curies":[{"name":"wp","href":"https:\/\/api.w.org\/{rel}","templated":true}]}}