{"id":13722,"date":"2025-02-24T22:45:01","date_gmt":"2025-02-24T21:45:01","guid":{"rendered":"https:\/\/staviori.com.pl\/product\/kolczyk-z-brylantami-kbd0947\/"},"modified":"2026-02-11T00:08:30","modified_gmt":"2026-02-10T23:08:30","slug":"kolczyk-z-brylantami-kbd0500e","status":"publish","type":"product","link":"https:\/\/staviori.com.pl\/cs\/product\/kolczyk-z-brylantami-kbd0500e\/","title":{"rendered":"Kv\u011btinov\u00e9 n\u00e1u\u0161nice se smaragdy a diamanty - KBD0500E"},"content":{"rendered":"<p>Model: KBD0500E<br \/>\nHmotnost p\u0159ibli\u017en\u011b 1,00 g<\/p>\n<p>N\u00e1u\u0161nice.<br \/>\nB\u00edl\u00e9 zlato 0,585.<br \/>\n2 diamanty, briliantov\u00fd brus, hmotnost 0,007 ct, barva H, \u010distota I1.<br \/>\n12 smaragd\u016f o hmotnosti 0,20 ct.<\/p>\n<p>Pr\u016fm\u011br 5,5 mm.<br \/>\nTlou\u0161\u0165ka 2 mm.<\/p>","protected":false},"excerpt":{"rendered":"<p>Jemn\u00e9 n\u00e1u\u0161nice ve tvaru kv\u011btu z b\u00edl\u00e9ho zlata 0,585. Ka\u017ed\u00fd okv\u011btn\u00ed l\u00edstek tvo\u0159\u00ed t\u0159pytiv\u00fd smaragd a centr\u00e1ln\u00ed bod zdob\u00ed decentn\u00ed diamant v briliantov\u00e9m brusu. Lehk\u00e9 a okouzluj\u00edc\u00ed tvarem budou tyto n\u00e1u\u0161nice ide\u00e1ln\u00ed volbou pro ka\u017edodenn\u00ed no\u0161en\u00ed i jako romantick\u00fd d\u00e1rek. Zelen\u00e1 barva smaragd\u016f kr\u00e1sn\u011b kontrastuje s chladn\u00fdm leskem b\u00edl\u00e9ho zlata a vytv\u00e1\u0159\u00ed kompozici plnou sv\u011b\u017eesti a \u017eensk\u00e9ho \u0161armu.<\/p>","protected":false},"featured_media":1092,"comment_status":"closed","ping_status":"closed","template":"","meta":{"om_disable_all_campaigns":false},"product_brand":[2284],"product_cat":[1838,1990,199],"product_tag":[2300,2565,6867,6868,2692,2667,2691,2580,2693],"class_list":{"0":"post-13722","1":"product","2":"type-product","3":"status-publish","4":"has-post-thumbnail","6":"product_brand-staviori","7":"product_cat-diamenty","8":"product_cat-kolczyk-z-brylantami","9":"product_cat-kolczyki","10":"product_tag-biale-zloto-14k","11":"product_tag-delikatna-bizuteria","12":"product_tag-kbd0500e","13":"product_tag-kbd0947","14":"product_tag-kolczyki-kwiatki","15":"product_tag-kolczyki-z-diamentami","16":"product_tag-kolczyki-z-szmaragdami","17":"product_tag-prezent-dla-kobiety","18":"product_tag-zielone-kamienie","19":"pa_barwa-h","20":"pa_czystosc-i1","21":"pa_grubosc-2mm","22":"pa_kamien-diamenty","23":"pa_kamien-szmaragdy","24":"pa_kolor-biale","25":"pa_kruszec-zloto","26":"pa_proba-0-585","27":"pa_srednica-5-5mm","28":"pa_waga-100g-2","30":"first","31":"instock","32":"purchasable","33":"product-type-simple"},"aioseo_notices":[],"_links":{"self":[{"href":"https:\/\/staviori.com.pl\/cs\/wp-json\/wp\/v2\/product\/13722","targetHints":{"allow":["GET"]}}],"collection":[{"href":"https:\/\/staviori.com.pl\/cs\/wp-json\/wp\/v2\/product"}],"about":[{"href":"https:\/\/staviori.com.pl\/cs\/wp-json\/wp\/v2\/types\/product"}],"replies":[{"embeddable":true,"href":"https:\/\/staviori.com.pl\/cs\/wp-json\/wp\/v2\/comments?post=13722"}],"wp:featuredmedia":[{"embeddable":true,"href":"https:\/\/staviori.com.pl\/cs\/wp-json\/wp\/v2\/media\/1092"}],"wp:attachment":[{"href":"https:\/\/staviori.com.pl\/cs\/wp-json\/wp\/v2\/media?parent=13722"}],"wp:term":[{"taxonomy":"product_brand","embeddable":true,"href":"https:\/\/staviori.com.pl\/cs\/wp-json\/wp\/v2\/product_brand?post=13722"},{"taxonomy":"product_cat","embeddable":true,"href":"https:\/\/staviori.com.pl\/cs\/wp-json\/wp\/v2\/product_cat?post=13722"},{"taxonomy":"product_tag","embeddable":true,"href":"https:\/\/staviori.com.pl\/cs\/wp-json\/wp\/v2\/product_tag?post=13722"}],"curies":[{"name":"wp","href":"https:\/\/api.w.org\/{rel}","templated":true}]}}