{"id":13720,"date":"2025-02-24T22:45:01","date_gmt":"2025-02-24T21:45:01","guid":{"rendered":"https:\/\/staviori.com.pl\/product\/kolczyk-z-brylantami-kbd0632\/"},"modified":"2026-02-11T00:08:30","modified_gmt":"2026-02-10T23:08:30","slug":"kolczyk-z-brylantami-kbd0632","status":"publish","type":"product","link":"https:\/\/staviori.com.pl\/cs\/product\/kolczyk-z-brylantami-kbd0632\/","title":{"rendered":"Jemn\u00e9 diamantov\u00e9 n\u00e1u\u0161nice 0,10ct z b\u00edl\u00e9ho zlata"},"content":{"rendered":"<p>Model: KBD0632<br \/>\nHmotnost p\u0159ibli\u017en\u011b 0,55 g<\/p>\n<p>N\u00e1u\u0161nice.<br \/>\nB\u00edl\u00e9 zlato 0,585.<br \/>\n2 diamanty, briliantov\u00fd brus, hmotnost 0,10ct, barva K-L, \u010dirost I1-I2.<\/p>\n<p>Pr\u016fm\u011br 2,5 mm.<br \/>\nTlou\u0161\u0165ka 2,5 mm.<\/p>","protected":false},"excerpt":{"rendered":"<p>Nad\u010dasov\u00e9 puzetov\u00e9 n\u00e1u\u0161nice z b\u00edl\u00e9ho zlata 0,585, osazen\u00e9 \u010dty\u0159mi p\u011b\u0161inkami. Ka\u017edou z nich zdob\u00ed p\u0159\u00edrodn\u00ed diamant o hmotnosti 0,05 ct, kter\u00fd se na sv\u011btle jemn\u011b t\u0159pyt\u00ed. D\u00edky minimalistick\u00e9mu tvaru a klasick\u00e9mu diamantov\u00e9mu brusu jsou tyto n\u00e1u\u0161nice ide\u00e1ln\u00ed pro ka\u017edodenn\u00ed no\u0161en\u00ed - jsou decentn\u00ed, elegantn\u00ed a mimo\u0159\u00e1dn\u011b univerz\u00e1ln\u00ed. Jedn\u00e1 se o \u0161perky, kter\u00e9 nikdy nevyjdou z m\u00f3dy.<\/p>","protected":false},"featured_media":17232,"comment_status":"closed","ping_status":"closed","template":"","meta":{"om_disable_all_campaigns":false},"product_brand":[2284,2350],"product_cat":[1838,1990,199],"product_tag":[2300,2664,2674,2667,2384,2701,2700],"class_list":{"0":"post-13720","1":"product","2":"type-product","3":"status-publish","4":"has-post-thumbnail","6":"product_brand-staviori","7":"product_brand-verona","8":"product_cat-diamenty","9":"product_cat-kolczyk-z-brylantami","10":"product_cat-kolczyki","11":"product_tag-biale-zloto-14k","12":"product_tag-klasyczne-kolczyki","13":"product_tag-kolczyki-na-co-dzien","14":"product_tag-kolczyki-z-diamentami","15":"product_tag-minimalistyczna-bizuteria","16":"product_tag-ponadczasowa-elegancja","17":"product_tag-sztyfty","18":"pa_barwa-k-l","19":"pa_czystosc-i1","20":"pa_grubosc-2-5mm","21":"pa_kamien-diament","22":"pa_kolor-biale","23":"pa_kruszec-zloto","24":"pa_proba-0-585","25":"pa_srednica-2-5mm","26":"pa_waga-055g","28":"first","29":"instock","30":"purchasable","31":"product-type-simple"},"aioseo_notices":[],"_links":{"self":[{"href":"https:\/\/staviori.com.pl\/cs\/wp-json\/wp\/v2\/product\/13720","targetHints":{"allow":["GET"]}}],"collection":[{"href":"https:\/\/staviori.com.pl\/cs\/wp-json\/wp\/v2\/product"}],"about":[{"href":"https:\/\/staviori.com.pl\/cs\/wp-json\/wp\/v2\/types\/product"}],"replies":[{"embeddable":true,"href":"https:\/\/staviori.com.pl\/cs\/wp-json\/wp\/v2\/comments?post=13720"}],"wp:featuredmedia":[{"embeddable":true,"href":"https:\/\/staviori.com.pl\/cs\/wp-json\/wp\/v2\/media\/17232"}],"wp:attachment":[{"href":"https:\/\/staviori.com.pl\/cs\/wp-json\/wp\/v2\/media?parent=13720"}],"wp:term":[{"taxonomy":"product_brand","embeddable":true,"href":"https:\/\/staviori.com.pl\/cs\/wp-json\/wp\/v2\/product_brand?post=13720"},{"taxonomy":"product_cat","embeddable":true,"href":"https:\/\/staviori.com.pl\/cs\/wp-json\/wp\/v2\/product_cat?post=13720"},{"taxonomy":"product_tag","embeddable":true,"href":"https:\/\/staviori.com.pl\/cs\/wp-json\/wp\/v2\/product_tag?post=13720"}],"curies":[{"name":"wp","href":"https:\/\/api.w.org\/{rel}","templated":true}]}}