{"id":13719,"date":"2025-02-24T22:45:01","date_gmt":"2025-02-24T21:45:01","guid":{"rendered":"https:\/\/staviori.com.pl\/product\/kolczyk-z-brylantami-kbd0524\/"},"modified":"2026-02-11T00:08:29","modified_gmt":"2026-02-10T23:08:29","slug":"kolczyk-z-brylantami-kbd0524","status":"publish","type":"product","link":"https:\/\/staviori.com.pl\/cs\/product\/kolczyk-z-brylantami-kbd0524\/","title":{"rendered":"Kv\u011btinov\u00e9 n\u00e1u\u0161nice se saf\u00edry a diamanty KBD0500S"},"content":{"rendered":"<p>Model: KBD0500S<br \/>\nWaga ok. 0,76g<\/p>\n<p>N\u00e1u\u0161nice.<br \/>\nB\u00edl\u00e9 zlato 0,585.<br \/>\n2 Diamenty, szlif brylantowy, o masie 0,007ct., barwa H, czysto\u015b\u0107 I1.<br \/>\n12 Szafir\u00f3w, o masie 0,27 ct.<\/p>\n<p>Pr\u016fm\u011br 5,5 mm.<br \/>\nTlou\u0161\u0165ka 2 mm.<\/p>","protected":false},"excerpt":{"rendered":"<p>Subtelne kolczyki w kszta\u0142cie kwiatuszk\u00f3w, wykonane z bia\u0142ego z\u0142ota pr\u00f3by 0,585. Ka\u017cdy z nich ozdobiony jest sze\u015bcioma naturalnymi szafirami o g\u0142\u0119bokiej, niebieskiej barwie oraz centralnym diamentem w szlifie brylantowym. To klasyczna, ale jednocze\u015bnie pe\u0142na wdzi\u0119ku forma, kt\u00f3ra doskonale sprawdzi si\u0119 na co dzie\u0144 oraz jako elegancki dodatek na wyj\u0105tkowe okazje. Zmys\u0142owe po\u0142\u0105czenie ch\u0142odnych ton\u00f3w szafir\u00f3w i bia\u0142ego z\u0142ota nadaje im ponadczasowy charakter.<\/p>","protected":false},"featured_media":1066,"comment_status":"closed","ping_status":"closed","template":"","meta":{"om_disable_all_campaigns":false},"product_brand":[2284],"product_cat":[1384,1838,1990,199,176],"product_tag":[2300,2317,2664,2698,2667,2656,2697],"class_list":{"0":"post-13719","1":"product","2":"type-product","3":"status-publish","4":"has-post-thumbnail","6":"product_brand-staviori","7":"product_cat-bizuteria","8":"product_cat-diamenty","9":"product_cat-kolczyk-z-brylantami","10":"product_cat-kolczyki","11":"product_cat-zloto","12":"product_tag-biale-zloto-14k","13":"product_tag-elegancka-bizuteria","14":"product_tag-klasyczne-kolczyki","15":"product_tag-kolczyki-na-prezent","16":"product_tag-kolczyki-z-diamentami","17":"product_tag-kolczyki-z-szafirami","18":"product_tag-kwiatowy-wzor","19":"pa_barwa-h","20":"pa_czystosc-i1","21":"pa_grubosc-2mm","22":"pa_kamien-diament","23":"pa_kamien-szafiry-naturalne","24":"pa_kolor-biale","25":"pa_kruszec-zloto","26":"pa_proba-0-585","27":"pa_srednica-5-5mm","28":"pa_waga-100g-2","29":"pa_zapiecie-sztyft","31":"first","32":"instock","33":"purchasable","34":"product-type-simple"},"aioseo_notices":[],"_links":{"self":[{"href":"https:\/\/staviori.com.pl\/cs\/wp-json\/wp\/v2\/product\/13719","targetHints":{"allow":["GET"]}}],"collection":[{"href":"https:\/\/staviori.com.pl\/cs\/wp-json\/wp\/v2\/product"}],"about":[{"href":"https:\/\/staviori.com.pl\/cs\/wp-json\/wp\/v2\/types\/product"}],"replies":[{"embeddable":true,"href":"https:\/\/staviori.com.pl\/cs\/wp-json\/wp\/v2\/comments?post=13719"}],"wp:featuredmedia":[{"embeddable":true,"href":"https:\/\/staviori.com.pl\/cs\/wp-json\/wp\/v2\/media\/1066"}],"wp:attachment":[{"href":"https:\/\/staviori.com.pl\/cs\/wp-json\/wp\/v2\/media?parent=13719"}],"wp:term":[{"taxonomy":"product_brand","embeddable":true,"href":"https:\/\/staviori.com.pl\/cs\/wp-json\/wp\/v2\/product_brand?post=13719"},{"taxonomy":"product_cat","embeddable":true,"href":"https:\/\/staviori.com.pl\/cs\/wp-json\/wp\/v2\/product_cat?post=13719"},{"taxonomy":"product_tag","embeddable":true,"href":"https:\/\/staviori.com.pl\/cs\/wp-json\/wp\/v2\/product_tag?post=13719"}],"curies":[{"name":"wp","href":"https:\/\/api.w.org\/{rel}","templated":true}]}}