{"id":13718,"date":"2025-02-24T22:45:01","date_gmt":"2025-02-24T21:45:01","guid":{"rendered":"https:\/\/staviori.com.pl\/product\/kolczyk-z-brylantami-kbd0507\/"},"modified":"2026-02-11T00:08:29","modified_gmt":"2026-02-10T23:08:29","slug":"kolczyk-z-brylantami-kbd0507","status":"publish","type":"product","link":"https:\/\/staviori.com.pl\/cs\/product\/kolczyk-z-brylantami-kbd0507\/","title":{"rendered":"Jemn\u00e9 diamantov\u00e9 n\u00e1u\u0161nice z b\u00edl\u00e9ho zlata - KBD0507"},"content":{"rendered":"<p>Model: KBD0507<br \/>\nWaga ok. 0,45g<\/p>\n<p>N\u00e1u\u0161nice.<br \/>\nB\u00edl\u00e9 zlato 0,585.<br \/>\n2 Diamenty, szlif brylantowy, o masie 0,05 ct., barwa M-O, czysto\u015b\u0107 I1-I2.<\/p>\n<p>\u015arednica 1.7 mm.<br \/>\nGrubo\u015b\u0107 1.7 mm.<\/p>\n<p>Delikatne, malutkie kolczyki z diamentami kt\u00f3re z daleko po\u0142yskuj\u0105 w uchu.<br \/>\nIdealne dla dziecka jak i doros\u0142ej kobiety.<\/p>","protected":false},"excerpt":{"rendered":"<p>Minimalistyczne kolczyki sztyfty z bia\u0142ego z\u0142ota pr\u00f3by 0,585, z osadzonymi w czterech \u0142apkach naturalnymi diamentami o masie 0,025 ct ka\u017cdy. Ich subtelny rozmiar i klasyczny szlif brylantowy czyni\u0105 je idealnym wyborem do codziennego noszenia \u2013 dyskretne, lekkie i ponadczasowe. Idealne r\u00f3wnie\u017c jako pierwszy kolczyk lub delikatny akcent do drugiej dziurki w uchu. Bi\u017cuteria pe\u0142na prostoty i elegancji.<\/p>","protected":false},"featured_media":17240,"comment_status":"closed","ping_status":"closed","template":"","meta":{"om_disable_all_campaigns":false},"product_brand":[2284,2350],"product_cat":[1838,1990,199],"product_tag":[2300,2704,2470,2471,2664,2705,2665,2667,2706,2703],"class_list":{"0":"post-13718","1":"product","2":"type-product","3":"status-publish","4":"has-post-thumbnail","6":"product_brand-staviori","7":"product_brand-verona","8":"product_cat-diamenty","9":"product_cat-kolczyk-z-brylantami","10":"product_cat-kolczyki","11":"product_tag-biale-zloto-14k","12":"product_tag-bizuteria-minimalistyczna","13":"product_tag-dziecko","14":"product_tag-dziewczynka","15":"product_tag-klasyczne-kolczyki","16":"product_tag-kolczyki-do-drugiej-dziurki","17":"product_tag-kolczyki-sztyfty","18":"product_tag-kolczyki-z-diamentami","19":"product_tag-male-kolczyki","20":"product_tag-mini-kolczyki","21":"pa_barwa-m-o","22":"pa_czystosc-i1","23":"pa_grubosc-1-7mm","24":"pa_kamien-diament","25":"pa_kolor-biale","26":"pa_kruszec-zloto","27":"pa_proba-0-585","28":"pa_srednica-1-7mm","29":"pa_waga-045g","31":"first","32":"instock","33":"purchasable","34":"product-type-simple"},"aioseo_notices":[],"_links":{"self":[{"href":"https:\/\/staviori.com.pl\/cs\/wp-json\/wp\/v2\/product\/13718","targetHints":{"allow":["GET"]}}],"collection":[{"href":"https:\/\/staviori.com.pl\/cs\/wp-json\/wp\/v2\/product"}],"about":[{"href":"https:\/\/staviori.com.pl\/cs\/wp-json\/wp\/v2\/types\/product"}],"replies":[{"embeddable":true,"href":"https:\/\/staviori.com.pl\/cs\/wp-json\/wp\/v2\/comments?post=13718"}],"wp:featuredmedia":[{"embeddable":true,"href":"https:\/\/staviori.com.pl\/cs\/wp-json\/wp\/v2\/media\/17240"}],"wp:attachment":[{"href":"https:\/\/staviori.com.pl\/cs\/wp-json\/wp\/v2\/media?parent=13718"}],"wp:term":[{"taxonomy":"product_brand","embeddable":true,"href":"https:\/\/staviori.com.pl\/cs\/wp-json\/wp\/v2\/product_brand?post=13718"},{"taxonomy":"product_cat","embeddable":true,"href":"https:\/\/staviori.com.pl\/cs\/wp-json\/wp\/v2\/product_cat?post=13718"},{"taxonomy":"product_tag","embeddable":true,"href":"https:\/\/staviori.com.pl\/cs\/wp-json\/wp\/v2\/product_tag?post=13718"}],"curies":[{"name":"wp","href":"https:\/\/api.w.org\/{rel}","templated":true}]}}