{"id":13707,"date":"2025-02-24T22:44:57","date_gmt":"2025-02-24T21:44:57","guid":{"rendered":"https:\/\/staviori.com.pl\/product\/zlote-bransoletki-bzx6661\/"},"modified":"2026-02-11T00:08:29","modified_gmt":"2026-02-10T23:08:29","slug":"zlote-bransoletki-bzx6661","status":"publish","type":"product","link":"https:\/\/staviori.com.pl\/cs\/product\/zlote-bransoletki-bzx6661\/","title":{"rendered":"Dvoubarevn\u00fd zlat\u00fd n\u00e1ramek 585"},"content":{"rendered":"<p>Model: BZX6661<br \/>\nWaga ok. 5,20g<\/p>\n<p>N\u00e1ramek 19 cm.<br \/>\n\u017dlut\u00e9, b\u00edl\u00e9 zlato 0,585.<\/p>\n<p>Bransoletka bangle wykonana ze z\u0142ota pr\u00f3by 585 to model o minimalistycznym kszta\u0142cie, kt\u00f3ry jest uniwersalny i ponadczasowy,<br \/>\na jednocze\u015bnie dodaje szyku i uroku. Posiada bezpieczne zapi\u0119cie, kt\u00f3re zapewnia komfort i pewno\u015b\u0107 noszenia.<\/p>\n<p>Produkt na zam\u00f3wienie &#8211; termin realizacji oko\u0142o 1 tydzie\u0144.<\/p>","protected":false},"excerpt":{"rendered":"<p>Elegancka bransoleta typu bangle, wykonana z \u017c\u00f3\u0142tego i bia\u0142ego z\u0142ota pr\u00f3by 585. Minimalistyczna forma sprawia, \u017ce jest to bi\u017cuteria ponadczasowa, pasuj\u0105ca zar\u00f3wno do codziennych stylizacji, jak i eleganckich kreacji. Dwukolorowe z\u0142oto nadaje jej wyj\u0105tkowego charakteru, a solidne i bezpieczne zapi\u0119cie gwarantuje komfort noszenia.<\/p>","protected":false},"featured_media":13708,"comment_status":"closed","ping_status":"closed","template":"","meta":{"om_disable_all_campaigns":false},"product_brand":[2284,2350],"product_cat":[43,1931,1930],"product_tag":[6277,6338,6336,6343,2616,2542,6341,6339,6289,6344,6346,6337,6340,6276,6345,6342],"class_list":{"0":"post-13707","1":"product","2":"type-product","3":"status-publish","4":"has-post-thumbnail","6":"product_brand-staviori","7":"product_brand-verona","8":"product_cat-bransoletki","9":"product_cat-zlote-bransoletki","10":"product_cat-zloto-2","11":"product_tag-armband-gold","12":"product_tag-armreif-gold","13":"product_tag-bangle-bracelet","14":"product_tag-bransoleta-585","15":"product_tag-bransoleta-zlota","16":"product_tag-bransoletka-bangle","17":"product_tag-dvoubarevne-sperky","18":"product_tag-dwukolorowa-bizuteria","19":"product_tag-gold-bracelet","20":"product_tag-gold-bracelet-585","21":"product_tag-goldarmband-585","22":"product_tag-naramek-bangle","23":"product_tag-two-tone-jewelry","24":"product_tag-zlaty-naramek","25":"product_tag-zlaty-naramek-585","26":"product_tag-zweifarbiger-schmuck","27":"pa_kolor-biale","28":"pa_kolor-zolte","29":"pa_kruszec-zloto","30":"pa_proba-0-585","31":"pa_rozmiar-19cm","32":"pa_waga-5-20g","34":"first","35":"onbackorder","36":"purchasable","37":"product-type-simple"},"aioseo_notices":[],"_links":{"self":[{"href":"https:\/\/staviori.com.pl\/cs\/wp-json\/wp\/v2\/product\/13707","targetHints":{"allow":["GET"]}}],"collection":[{"href":"https:\/\/staviori.com.pl\/cs\/wp-json\/wp\/v2\/product"}],"about":[{"href":"https:\/\/staviori.com.pl\/cs\/wp-json\/wp\/v2\/types\/product"}],"replies":[{"embeddable":true,"href":"https:\/\/staviori.com.pl\/cs\/wp-json\/wp\/v2\/comments?post=13707"}],"wp:featuredmedia":[{"embeddable":true,"href":"https:\/\/staviori.com.pl\/cs\/wp-json\/wp\/v2\/media\/13708"}],"wp:attachment":[{"href":"https:\/\/staviori.com.pl\/cs\/wp-json\/wp\/v2\/media?parent=13707"}],"wp:term":[{"taxonomy":"product_brand","embeddable":true,"href":"https:\/\/staviori.com.pl\/cs\/wp-json\/wp\/v2\/product_brand?post=13707"},{"taxonomy":"product_cat","embeddable":true,"href":"https:\/\/staviori.com.pl\/cs\/wp-json\/wp\/v2\/product_cat?post=13707"},{"taxonomy":"product_tag","embeddable":true,"href":"https:\/\/staviori.com.pl\/cs\/wp-json\/wp\/v2\/product_tag?post=13707"}],"curies":[{"name":"wp","href":"https:\/\/api.w.org\/{rel}","templated":true}]}}