{"id":13703,"date":"2025-02-24T22:44:57","date_gmt":"2025-02-24T21:44:57","guid":{"rendered":"https:\/\/staviori.com.pl\/product\/zlote-bransoletki-bzx6488\/"},"modified":"2026-04-10T20:55:11","modified_gmt":"2026-04-10T18:55:11","slug":"zlote-bransoletki-bzx6488","status":"publish","type":"product","link":"https:\/\/staviori.com.pl\/cs\/product\/zlote-bransoletki-bzx6488\/","title":{"rendered":"Jemn\u00fd zlat\u00fd n\u00e1ramek s 585 kor\u00e1lky"},"content":{"rendered":"<p>Model: BZX6488<br \/>\nWaga ok. 0,63g<\/p>\n<p>N\u00e1ramek 19 cm.<br \/>\n\u017dlut\u00e9 zlato 0,585.<\/p>","protected":false},"excerpt":{"rendered":"<p>Delikatna i subtelna bransoletka z \u017c\u00f3\u0142tego z\u0142ota pr\u00f3by 585. Cienki \u0142a\u0144cuszek zosta\u0142 ozdobiony male\u0144kimi kuleczkami, kt\u00f3re dodaj\u0105 mu lekko\u015bci i dziewcz\u0119cego uroku. Idealna zar\u00f3wno na co dzie\u0144, jak i do eleganckich stylizacji \u2013 sprawdzi si\u0119 noszona solo lub w zestawie z innymi bransoletkami.<\/p>","protected":false},"featured_media":13704,"comment_status":"closed","ping_status":"closed","template":"","meta":{"om_disable_all_campaigns":false},"product_brand":[2284,2350],"product_cat":[43,1931,1930],"product_tag":[6277,6293,6291,2616,6290,6295,6294,6297,6298,6289,6296,6292,6299,6276,2364],"class_list":{"0":"post-13703","1":"product","2":"type-product","3":"status-publish","4":"has-post-thumbnail","6":"product_brand-staviori","7":"product_brand-verona","8":"product_cat-bransoletki","9":"product_cat-zlote-bransoletki","10":"product_cat-zloto-2","11":"product_tag-armband-gold","12":"product_tag-armband-mit-kugeln","13":"product_tag-bracelet-with-beads","14":"product_tag-bransoleta-zlota","15":"product_tag-bransoletka-z-kuleczkami","16":"product_tag-delicate-gold-jewelry","17":"product_tag-delikatna-bizuteria-zlota","18":"product_tag-feiner-goldschmuck","19":"product_tag-gold-585","20":"product_tag-gold-bracelet","21":"product_tag-jemne-zlate-sperky","22":"product_tag-naramek-s-kulickami","23":"product_tag-zlato-585","24":"product_tag-zlaty-naramek","25":"product_tag-zloto-585","26":"pa_kolor-zolte","27":"pa_kruszec-zloto","28":"pa_proba-0-585","29":"pa_rozmiar-19cm","30":"pa_waga-0-63g","32":"first","33":"outofstock","34":"purchasable","35":"product-type-simple"},"aioseo_notices":[],"_links":{"self":[{"href":"https:\/\/staviori.com.pl\/cs\/wp-json\/wp\/v2\/product\/13703","targetHints":{"allow":["GET"]}}],"collection":[{"href":"https:\/\/staviori.com.pl\/cs\/wp-json\/wp\/v2\/product"}],"about":[{"href":"https:\/\/staviori.com.pl\/cs\/wp-json\/wp\/v2\/types\/product"}],"replies":[{"embeddable":true,"href":"https:\/\/staviori.com.pl\/cs\/wp-json\/wp\/v2\/comments?post=13703"}],"wp:featuredmedia":[{"embeddable":true,"href":"https:\/\/staviori.com.pl\/cs\/wp-json\/wp\/v2\/media\/13704"}],"wp:attachment":[{"href":"https:\/\/staviori.com.pl\/cs\/wp-json\/wp\/v2\/media?parent=13703"}],"wp:term":[{"taxonomy":"product_brand","embeddable":true,"href":"https:\/\/staviori.com.pl\/cs\/wp-json\/wp\/v2\/product_brand?post=13703"},{"taxonomy":"product_cat","embeddable":true,"href":"https:\/\/staviori.com.pl\/cs\/wp-json\/wp\/v2\/product_cat?post=13703"},{"taxonomy":"product_tag","embeddable":true,"href":"https:\/\/staviori.com.pl\/cs\/wp-json\/wp\/v2\/product_tag?post=13703"}],"curies":[{"name":"wp","href":"https:\/\/api.w.org\/{rel}","templated":true}]}}