{"id":13699,"date":"2025-02-24T22:44:57","date_gmt":"2025-02-24T21:44:57","guid":{"rendered":"https:\/\/staviori.com.pl\/product\/zlote-bransoletki-bzx6486\/"},"modified":"2026-02-11T00:08:28","modified_gmt":"2026-02-10T23:08:28","slug":"zlote-bransoletki-bzx6486","status":"publish","type":"product","link":"https:\/\/staviori.com.pl\/cs\/product\/zlote-bransoletki-bzx6486\/","title":{"rendered":"Zlat\u00fd v\u00fdrazn\u00fd propleten\u00fd n\u00e1ramek - BZX6486"},"content":{"rendered":"<p>Model: BZX6486<br \/>\nWaga ok. 6,50g<\/p>\n<p>N\u00e1ramek 19 cm.<br \/>\n\u017dlut\u00e9 zlato 0,585.<\/p>\n<p>Ciekawy splot, sprawa wra\u017cenie masywnego a jest lekki.<\/p>","protected":false},"excerpt":{"rendered":"<p>Efektowna bransoletka wykonana z \u017c\u00f3\u0142tego z\u0142ota pr\u00f3by 0,585, przyci\u0105ga wzrok solidnym i wyrazistym splotem. Jej masywna forma doskonale prezentuje si\u0119 na nadgarstku, podkre\u015blaj\u0105c styl i charakter nosz\u0105cej j\u0105 osoby. To propozycja dla kobiet, kt\u00f3re ceni\u0105 sobie luksusow\u0105, zauwa\u017caln\u0105 bi\u017cuteri\u0119 z klas\u0105. Idealna jako wyj\u0105tkowy prezent lub wyraz osobistego stylu.<\/p>","protected":false},"featured_media":13700,"comment_status":"closed","ping_status":"closed","template":"","meta":{"om_disable_all_campaigns":false},"product_brand":[2284,2350],"product_cat":[43,1392,1931,1930],"product_tag":[2547,2317,2654,2580,2636,2653,2599],"class_list":{"0":"post-13699","1":"product","2":"type-product","3":"status-publish","4":"has-post-thumbnail","6":"product_brand-staviori","7":"product_brand-verona","8":"product_cat-bransoletki","9":"product_cat-damskie","10":"product_cat-zlote-bransoletki","11":"product_cat-zloto-2","12":"product_tag-bransoletka-zlota","13":"product_tag-elegancka-bizuteria","14":"product_tag-luksusowa-bransoletka","15":"product_tag-prezent-dla-kobiety","16":"product_tag-splot-zloty","17":"product_tag-wyrazista-bizuteria","18":"product_tag-zolte-zloto-585","19":"pa_kolor-zolte","20":"pa_kruszec-zloto","21":"pa_proba-0-585","22":"pa_rozmiar-19cm","23":"pa_waga-6-50g","25":"first","26":"onbackorder","27":"purchasable","28":"product-type-simple"},"aioseo_notices":[],"_links":{"self":[{"href":"https:\/\/staviori.com.pl\/cs\/wp-json\/wp\/v2\/product\/13699","targetHints":{"allow":["GET"]}}],"collection":[{"href":"https:\/\/staviori.com.pl\/cs\/wp-json\/wp\/v2\/product"}],"about":[{"href":"https:\/\/staviori.com.pl\/cs\/wp-json\/wp\/v2\/types\/product"}],"replies":[{"embeddable":true,"href":"https:\/\/staviori.com.pl\/cs\/wp-json\/wp\/v2\/comments?post=13699"}],"wp:featuredmedia":[{"embeddable":true,"href":"https:\/\/staviori.com.pl\/cs\/wp-json\/wp\/v2\/media\/13700"}],"wp:attachment":[{"href":"https:\/\/staviori.com.pl\/cs\/wp-json\/wp\/v2\/media?parent=13699"}],"wp:term":[{"taxonomy":"product_brand","embeddable":true,"href":"https:\/\/staviori.com.pl\/cs\/wp-json\/wp\/v2\/product_brand?post=13699"},{"taxonomy":"product_cat","embeddable":true,"href":"https:\/\/staviori.com.pl\/cs\/wp-json\/wp\/v2\/product_cat?post=13699"},{"taxonomy":"product_tag","embeddable":true,"href":"https:\/\/staviori.com.pl\/cs\/wp-json\/wp\/v2\/product_tag?post=13699"}],"curies":[{"name":"wp","href":"https:\/\/api.w.org\/{rel}","templated":true}]}}