{"id":13697,"date":"2025-02-24T22:44:57","date_gmt":"2025-02-24T21:44:57","guid":{"rendered":"https:\/\/staviori.com.pl\/product\/zlote-bransoletki-bzx6481\/"},"modified":"2026-04-12T12:48:57","modified_gmt":"2026-04-12T10:48:57","slug":"zlote-bransoletki-bzx6481","status":"publish","type":"product","link":"https:\/\/staviori.com.pl\/cs\/product\/zlote-bransoletki-bzx6481\/","title":{"rendered":"Zlat\u00fd n\u00e1ramek s kuli\u010dkou - BZX6481"},"content":{"rendered":"<p>Model: BZX6481<br \/>\nHmotnost p\u0159ibli\u017en\u011b 0,60 g<\/p>\n<p>N\u00e1ramek 18 cm.<br \/>\n\u017dlut\u00e9 zlato 0,585.<\/p>\n<p>Nastaviteln\u00e1 d\u00e9lka 17 cm nebo 18 cm.<\/p>","protected":false},"excerpt":{"rendered":"<p>Jemn\u00fd n\u00e1ramek ze \u017elut\u00e9ho zlata 0,585 zdoben\u00fd minimalistickou t\u0159pytivou kuli\u010dkou. Jeho lehk\u00fd, decentn\u00ed \u0159et\u00edzek vypad\u00e1 na z\u00e1p\u011bst\u00ed n\u00e1dhern\u011b a dod\u00e1 va\u0161emu stylingu \u017eensk\u00fd \u0161arm a eleganci. Nastaviteln\u00e1 d\u00e9lka (17-18 cm) umo\u017e\u0148uje dokonal\u00e9 p\u0159izp\u016fsoben\u00ed. Skv\u011ble se hod\u00ed jako d\u00e1rek nebo jako ka\u017edodenn\u00ed dopln\u011bk s nad\u010dasov\u00fdm p\u016fvabem.<\/p>","protected":false},"featured_media":17182,"comment_status":"closed","ping_status":"closed","template":"","meta":{"om_disable_all_campaigns":false},"product_brand":[2284,2350],"product_cat":[43,1392,1931,1930],"product_tag":[2643,2547,2565,2597,2580,2644,2599],"class_list":{"0":"post-13697","1":"product","2":"type-product","3":"status-publish","4":"has-post-thumbnail","6":"product_brand-staviori","7":"product_brand-verona","8":"product_cat-bransoletki","9":"product_cat-damskie","10":"product_cat-zlote-bransoletki","11":"product_cat-zloto-2","12":"product_tag-bransoletka-z-kulka","13":"product_tag-bransoletka-zlota","14":"product_tag-delikatna-bizuteria","15":"product_tag-minimalistyczna-bransoletka","16":"product_tag-prezent-dla-kobiety","17":"product_tag-zloty-lancuszek-na-reke","18":"product_tag-zolte-zloto-585","19":"pa_kolor-zolte","20":"pa_kruszec-zloto","21":"pa_proba-0-585","22":"pa_srednica-kulki-5mm","23":"pa_waga-0-60g","25":"first","26":"outofstock","27":"purchasable","28":"product-type-simple"},"aioseo_notices":[],"_links":{"self":[{"href":"https:\/\/staviori.com.pl\/cs\/wp-json\/wp\/v2\/product\/13697","targetHints":{"allow":["GET"]}}],"collection":[{"href":"https:\/\/staviori.com.pl\/cs\/wp-json\/wp\/v2\/product"}],"about":[{"href":"https:\/\/staviori.com.pl\/cs\/wp-json\/wp\/v2\/types\/product"}],"replies":[{"embeddable":true,"href":"https:\/\/staviori.com.pl\/cs\/wp-json\/wp\/v2\/comments?post=13697"}],"wp:featuredmedia":[{"embeddable":true,"href":"https:\/\/staviori.com.pl\/cs\/wp-json\/wp\/v2\/media\/17182"}],"wp:attachment":[{"href":"https:\/\/staviori.com.pl\/cs\/wp-json\/wp\/v2\/media?parent=13697"}],"wp:term":[{"taxonomy":"product_brand","embeddable":true,"href":"https:\/\/staviori.com.pl\/cs\/wp-json\/wp\/v2\/product_brand?post=13697"},{"taxonomy":"product_cat","embeddable":true,"href":"https:\/\/staviori.com.pl\/cs\/wp-json\/wp\/v2\/product_cat?post=13697"},{"taxonomy":"product_tag","embeddable":true,"href":"https:\/\/staviori.com.pl\/cs\/wp-json\/wp\/v2\/product_tag?post=13697"}],"curies":[{"name":"wp","href":"https:\/\/api.w.org\/{rel}","templated":true}]}}