{"id":13694,"date":"2025-02-24T22:44:57","date_gmt":"2025-02-24T21:44:57","guid":{"rendered":"https:\/\/staviori.com.pl\/product\/zlote-bransoletki-bzx6333\/"},"modified":"2026-04-10T20:39:16","modified_gmt":"2026-04-10T18:39:16","slug":"zlote-bransoletki-bzx6333","status":"publish","type":"product","link":"https:\/\/staviori.com.pl\/cs\/product\/zlote-bransoletki-bzx6333\/","title":{"rendered":"Z\u0142ota bransoletka &#8211; ROLO &#8211; 585 &#8211; BZX6333"},"content":{"rendered":"<p>Model: BZX6333<br \/>\nWaga ok. 0,82g<\/p>\n<p>N\u00e1ramek 19 cm.<br \/>\n\u017dlut\u00e9 zlato 0,585.<\/p>\n<p>Splot &#8211; drobne rolo<\/p>","protected":false},"excerpt":{"rendered":"<p>Subtelna bransoletka o klasycznym splocie typu rolo, wykonana z \u017c\u00f3\u0142tego z\u0142ota pr\u00f3by 0,585. Jej lekka forma i delikatny po\u0142ysk nadaj\u0105 bi\u017cuterii wyj\u0105tkow\u0105 elegancj\u0119 i uniwersalny charakter. Idealna zar\u00f3wno do codziennych stylizacji, jak i na wyj\u0105tkowe okazje. Ponadczasowy design, kt\u00f3ry nigdy nie wychodzi z mody \u2013 doskona\u0142y wyb\u00f3r na prezent dla siebie lub bliskiej osoby.<\/p>","protected":false},"featured_media":17154,"comment_status":"closed","ping_status":"closed","template":"","meta":{"om_disable_all_campaigns":false},"product_brand":[2284,2350],"product_cat":[43,1392,2421,1931,1930],"product_tag":[2628,2547,2551,2580,2624,2364,2522],"class_list":{"0":"post-13694","1":"product","2":"type-product","3":"status-publish","4":"has-post-thumbnail","6":"product_brand-staviori","7":"product_brand-verona","8":"product_cat-bransoletki","9":"product_cat-damskie","10":"product_cat-meskie","11":"product_cat-zlote-bransoletki","12":"product_cat-zloto-2","13":"product_tag-bizuteria-klasyczna","14":"product_tag-bransoletka-zlota","15":"product_tag-delikatna-bransoletka","16":"product_tag-prezent-dla-kobiety","17":"product_tag-splot-rolo","18":"product_tag-zloto-585","19":"product_tag-zolte-zloto","20":"pa_kolor-zolte","21":"pa_kruszec-zloto","22":"pa_proba-0-585","23":"pa_splot-rolo","24":"pa_waga-0-82g","26":"first","27":"onbackorder","28":"purchasable","29":"product-type-simple"},"aioseo_notices":[],"_links":{"self":[{"href":"https:\/\/staviori.com.pl\/cs\/wp-json\/wp\/v2\/product\/13694","targetHints":{"allow":["GET"]}}],"collection":[{"href":"https:\/\/staviori.com.pl\/cs\/wp-json\/wp\/v2\/product"}],"about":[{"href":"https:\/\/staviori.com.pl\/cs\/wp-json\/wp\/v2\/types\/product"}],"replies":[{"embeddable":true,"href":"https:\/\/staviori.com.pl\/cs\/wp-json\/wp\/v2\/comments?post=13694"}],"wp:featuredmedia":[{"embeddable":true,"href":"https:\/\/staviori.com.pl\/cs\/wp-json\/wp\/v2\/media\/17154"}],"wp:attachment":[{"href":"https:\/\/staviori.com.pl\/cs\/wp-json\/wp\/v2\/media?parent=13694"}],"wp:term":[{"taxonomy":"product_brand","embeddable":true,"href":"https:\/\/staviori.com.pl\/cs\/wp-json\/wp\/v2\/product_brand?post=13694"},{"taxonomy":"product_cat","embeddable":true,"href":"https:\/\/staviori.com.pl\/cs\/wp-json\/wp\/v2\/product_cat?post=13694"},{"taxonomy":"product_tag","embeddable":true,"href":"https:\/\/staviori.com.pl\/cs\/wp-json\/wp\/v2\/product_tag?post=13694"}],"curies":[{"name":"wp","href":"https:\/\/api.w.org\/{rel}","templated":true}]}}